{"id":1483,"date":"2022-04-14T09:38:48","date_gmt":"2022-04-14T06:38:48","guid":{"rendered":"https:\/\/moschatoestatevillas.com\/?page_id=1483"},"modified":"2025-05-23T10:30:54","modified_gmt":"2025-05-23T07:30:54","slug":"accessibilite","status":"publish","type":"page","link":"https:\/\/moschatoestatevillas.com\/fr\/accessibilite\/","title":{"rendered":"Accessibilit\u00e9"},"content":{"rendered":"<h1>ACCESSIBILITE<\/h1>\n<div>\n<p>Une attention toute particuli\u00e8re a \u00e9t\u00e9 donn\u00e9e afin que les villas ainsi que toute la propri\u00e9t\u00e9 soient accessibles aux personnes \u00e0 mobilit\u00e9 r\u00e9duite.<\/p>\n<p>Le chemin int\u00e9rieur ainsi que les petits sentiers conduisant aux villas sont sur un seul niveau, sans marches.<\/p>\n<p>De petites rampes mobiles sont disponibles aux portes d\u2019entr\u00e9e et l\u00e0 o\u00f9 elles pourraient \u00eatre utiles. Dans les trois villas, les salles de bain sont spacieuses et la hauteur des lits pens\u00e9e pour faciliter les transports ; quant aux couloirs et aux tables, ils sont faits pour faciliter les d\u00e9placements.<\/p>\n<p>Les marches conduisant \u00e0 la piscine sont plus larges et moins hautes qu\u2019\u00e0 l\u2019accoutum\u00e9 afin de faciliter l\u2019entr\u00e9e et la sortie de l\u2019eau.<br \/>Il existe en outre une petite grue sp\u00e9ciale pour la piscine.<\/p>\n<\/div>\n<div>\n<p>Apr\u00e8s accord pr\u00e9alable : <br \/>Nous pouvons, sous r\u00e9serve de disponibilit\u00e9, mettre \u00e0 votre disposition :<br \/>&#8211; Si\u00e8ge de salle de bain sans frais suppl\u00e9mentaires<br \/>&#8211; La petite grue de piscine<br \/>&#8211; Un taxi avec rampe. Comme il n\u2019existe qu\u2019un seul \u00e0 C\u00e9phalonie, il est n\u00e9cessaire de le r\u00e9server tr\u00e8s \u00e0 l\u2019avance.<br \/>&#8211; Un bateau accessible aux personnes \u00e0 mobilit\u00e9 r\u00e9duite pour des excursions d\u2019une journ\u00e9e. Adressez-vous directement \u00e0 nous.<br \/>Et n\u2019h\u00e9sitez pas \u00e0 nous demander toute autre chose qui pourrait vous \u00eatre utile.<\/p>\n<\/div>\n<ul>\n<li>\n<p>        <img src=\"\/wp-content\/uploads\/2021\/05\/accessible-villas-in-kefalonia-moving-through-estate.jpg\" alt=\"\"><\/p>\n<\/li>\n<li>\n<p>        <img src=\"\/wp-content\/uploads\/2021\/05\/accessible-villas-in-kefalonia-2.jpg\" alt=\"\"><\/p>\n<\/li>\n<li>\n<p>        <img src=\"\/wp-content\/uploads\/2021\/05\/accessible-villas-in-kefalonia-bathroom.jpg\" alt=\"\"><\/p>\n<\/li>\n<li>\n<p>        <img src=\"\/wp-content\/uploads\/2021\/05\/accessible-villas-in-kefalonia-bathroom2.jpg\" alt=\"\"><\/p>\n<\/li>\n<li>\n<p>        <img src=\"\/wp-content\/uploads\/2021\/05\/accessible-villas-in-kefalonia-bathroom3.jpg\" alt=\"\"><\/p>\n<\/li>\n<li>\n<p>        <img src=\"\/wp-content\/uploads\/2021\/05\/accessible-villas-in-kefalonia-patio.jpg\" alt=\"\"><\/p>\n<\/li>\n<li>\n<p>        <img src=\"\/wp-content\/uploads\/2021\/05\/accessible-villas-in-kefalonia-villa-virginia-entrance-.jpg\" alt=\"\"><\/p>\n<\/li>\n<\/ul>\n<ul>\n<li>\n<p>        <img src=\"\/wp-content\/uploads\/2021\/05\/accessible-boat-kefalonia.jpg\" alt=\"\"><\/p>\n<\/li>\n<li>\n<p>        <img src=\"\/wp-content\/uploads\/2022\/07\/10403122_122610564739288_1409935039705566327_n.jpg\" alt=\"\"><\/p>\n<\/li>\n<li>\n<p>        <img src=\"\/wp-content\/uploads\/2022\/07\/1743696_122610798072598_102542316429498057_n.jpg\" alt=\"\"><\/p>\n<\/li>\n<li>\n<p>        <img src=\"\/wp-content\/uploads\/2022\/07\/284963693_1339631136560269_3110073717088801148_n.jpg\" alt=\"\"><\/p>\n<\/li>\n<li>\n<p>        <img src=\"\/wp-content\/uploads\/2022\/07\/284279989_580505860047547_7243689512666103217_n.jpg\" alt=\"\"><\/p>\n<\/li>\n<li>\n<p>        <img src=\"\/wp-content\/uploads\/2022\/07\/285436745_383179673847953_5319751922609140162_n.jpg\" alt=\"\"><\/p>\n<\/li>\n<li>\n<p>        <img src=\"\/wp-content\/uploads\/2022\/07\/225062926_2617147198587530_7420892371662053432_n.jpg\" alt=\"\"><\/p>\n<\/li>\n<li>\n<p>        <img src=\"\/wp-content\/uploads\/2025\/05\/%CE%B5%CE%B9%CE%BA%CF%8C%CE%BD%CE%B1_Viber_2025-05-21_10-47-36-741.jpg\" alt=\"\"><\/p>\n<\/li>\n<li>\n<p>        <img src=\"\/wp-content\/uploads\/2025\/05\/%CE%B5%CE%B9%CE%BA%CF%8C%CE%BD%CE%B1_Viber_2025-05-21_10-47-36-283.jpg\" alt=\"\"><\/p>\n<\/li>\n<li>\n<p>        <img src=\"\/wp-content\/uploads\/2025\/05\/%CE%B5%CE%B9%CE%BA%CF%8C%CE%BD%CE%B1_Viber_2025-05-21_10-47-35-910.jpg\" alt=\"\"><\/p>\n<\/li>\n<\/ul>\n<p><video src=\"\/wp-content\/uploads\/2021\/06\/video-cef1ab36316d2386043edf964c0ce778-V.mp4\" poster=\"\"><\/video><\/p>\n<p><!-- {\"name\":\"accessibility EN\",\"type\":\"layout\",\"children\":[{\"type\":\"section\",\"props\":{\"style\":\"muted\",\"width\":\"expand\",\"vertical_align\":\"middle\",\"title_position\":\"top-left\",\"title_rotation\":\"left\",\"title_breakpoint\":\"xl\",\"image_position\":\"center-center\",\"padding_remove_horizontal\":true,\"padding_remove_top\":true,\"padding_remove_bottom\":true,\"header_transparent\":\"dark\",\"header_transparent_noplaceholder\":false,\"image\":\"wp-content\\\/uploads\\\/2021\\\/04\\\/laxani-scaled.jpg\"},\"children\":[{\"type\":\"row\",\"children\":[{\"type\":\"column\",\"props\":{\"image_position\":\"center-center\",\"media_overlay_gradient\":\"\"},\"children\":[]}]}],\"modified\":\"2021-04-23T13:13:00.183Z\",\"name\":\"coming\"},{\"type\":\"section\",\"props\":{\"style\":\"default\",\"width\":\"default\",\"vertical_align\":\"middle\",\"title_position\":\"top-left\",\"title_rotation\":\"left\",\"title_breakpoint\":\"xl\",\"image_position\":\"center-center\",\"padding\":\"small\",\"padding_remove_bottom\":true},\"children\":[{\"type\":\"row\",\"children\":[{\"type\":\"column\",\"props\":{\"image_position\":\"center-center\",\"media_overlay_gradient\":\"\"},\"children\":[{\"type\":\"headline\",\"props\":{\"title_element\":\"h1\",\"content\":\"ACCESSIBILITE\",\"text_align\":\"center\"}},{\"type\":\"text\",\"props\":{\"margin\":\"default\",\"column_breakpoint\":\"m\",\"content\":\"\n\n<p>Une attention toute particuli\\u00e8re a \\u00e9t\\u00e9 donn\\u00e9e afin que les villas ainsi que toute la propri\\u00e9t\\u00e9 soient accessibles aux personnes \\u00e0 mobilit\\u00e9 r\\u00e9duite.<\\\/p>\\n\n\n<p>Le chemin int\\u00e9rieur ainsi que les petits sentiers conduisant aux villas sont sur un seul niveau, sans marches.<\\\/p>\\n\n\n<p>De petites rampes mobiles sont disponibles aux portes d\\u2019entr\\u00e9e et l\\u00e0 o\\u00f9 elles pourraient \\u00eatre utiles. Dans les trois villas, les salles de bain sont spacieuses et la hauteur des lits pens\\u00e9e pour faciliter les transports ; quant aux couloirs et aux tables, ils sont faits pour faciliter les d\\u00e9placements.<\\\/p>\\n\n\n<p>Les marches conduisant \\u00e0 la piscine sont plus larges et moins hautes qu\\u2019\\u00e0 l\\u2019accoutum\\u00e9 afin de faciliter l\\u2019entr\\u00e9e et la sortie de l\\u2019eau.<br \\\/>Il existe en outre une petite grue sp\\u00e9ciale pour la piscine.<\\\/p>\",\"text_style\":\"lead\",\"dropcap\":true}}]}]}]},{\"type\":\"section\",\"props\":{\"style\":\"default\",\"width\":\"expand\",\"vertical_align\":\"middle\",\"title_position\":\"top-left\",\"title_rotation\":\"left\",\"title_breakpoint\":\"xl\",\"image_position\":\"center-center\"},\"children\":[{\"type\":\"row\",\"props\":{\"layout\":\"1-4,3-4\"},\"children\":[{\"type\":\"column\",\"props\":{\"image_position\":\"center-center\",\"media_overlay_gradient\":\"\",\"width_medium\":\"1-4\"},\"children\":[{\"type\":\"text\",\"props\":{\"margin\":\"default\",\"column_breakpoint\":\"m\",\"content\":\"\n\n<p>Apr\\u00e8s accord pr\\u00e9alable : <br \\\/>Nous pouvons, sous r\\u00e9serve de disponibilit\\u00e9, mettre \\u00e0 votre disposition :<br \\\/>- Si\\u00e8ge de salle de bain sans frais suppl\\u00e9mentaires<br \\\/>- La petite grue de piscine<br \\\/>- Un taxi avec rampe. Comme il n\\u2019existe qu\\u2019un seul \\u00e0 C\\u00e9phalonie, il est n\\u00e9cessaire de le r\\u00e9server tr\\u00e8s \\u00e0 l\\u2019avance.<br \\\/>- Un bateau accessible aux personnes \\u00e0 mobilit\\u00e9 r\\u00e9duite pour des excursions d\\u2019une journ\\u00e9e. Adressez-vous directement \\u00e0 nous.<br \\\/>Et n\\u2019h\\u00e9sitez pas \\u00e0 nous demander toute autre chose qui pourrait vous \\u00eatre utile.<\\\/p>\",\"text_style\":\"lead\",\"dropcap\":false}}]},{\"type\":\"column\",\"props\":{\"image_position\":\"center-center\",\"media_overlay_gradient\":\"\",\"width_medium\":\"3-4\",\"vertical_align\":\"middle\"},\"children\":[{\"type\":\"gallery\",\"props\":{\"show_title\":true,\"show_meta\":true,\"show_content\":true,\"show_link\":true,\"show_hover_image\":true,\"grid_default\":\"1\",\"grid_medium\":\"3\",\"filter_style\":\"tab\",\"filter_all\":true,\"filter_position\":\"top\",\"filter_align\":\"left\",\"filter_grid_width\":\"auto\",\"filter_grid_breakpoint\":\"m\",\"overlay_mode\":\"cover\",\"overlay_hover\":true,\"overlay_style\":\"overlay-primary\",\"text_color\":\"light\",\"overlay_position\":\"center\",\"overlay_transition\":\"fade\",\"title_hover_style\":\"reset\",\"title_element\":\"h3\",\"meta_style\":\"meta\",\"meta_align\":\"below-title\",\"meta_element\":\"div\",\"link_text\":\"\",\"link_style\":\"default\",\"text_align\":\"center\",\"margin\":\"default\",\"item_animation\":\"\",\"grid_small\":\"2\",\"lightbox\":true,\"overlay_link\":true,\"image_width\":\"400\",\"image_height\":\"400\",\"grid_column_gap\":\"small\",\"grid_row_gap\":\"small\"},\"children\":[{\"type\":\"gallery_item\",\"props\":{\"image\":\"wp-content\\\/uploads\\\/2021\\\/05\\\/accessible-villas-in-kefalonia-moving-through-estate.jpg\"}},{\"type\":\"gallery_item\",\"props\":{\"image\":\"wp-content\\\/uploads\\\/2021\\\/05\\\/accessible-villas-in-kefalonia-2.jpg\"}},{\"type\":\"gallery_item\",\"props\":{\"image\":\"wp-content\\\/uploads\\\/2021\\\/05\\\/accessible-villas-in-kefalonia-bathroom.jpg\"}},{\"type\":\"gallery_item\",\"props\":{\"image\":\"wp-content\\\/uploads\\\/2021\\\/05\\\/accessible-villas-in-kefalonia-bathroom2.jpg\"}},{\"type\":\"gallery_item\",\"props\":{\"image\":\"wp-content\\\/uploads\\\/2021\\\/05\\\/accessible-villas-in-kefalonia-bathroom3.jpg\"}},{\"type\":\"gallery_item\",\"props\":{\"image\":\"wp-content\\\/uploads\\\/2021\\\/05\\\/accessible-villas-in-kefalonia-patio.jpg\"}},{\"type\":\"gallery_item\",\"props\":{\"image\":\"wp-content\\\/uploads\\\/2021\\\/05\\\/accessible-villas-in-kefalonia-villa-virginia-entrance-.jpg\"}}]},{\"type\":\"gallery\",\"props\":{\"show_title\":true,\"show_meta\":true,\"show_content\":true,\"show_link\":true,\"show_hover_image\":true,\"grid_default\":\"1\",\"grid_medium\":\"3\",\"filter_style\":\"tab\",\"filter_all\":true,\"filter_position\":\"top\",\"filter_align\":\"left\",\"filter_grid_width\":\"auto\",\"filter_grid_breakpoint\":\"m\",\"overlay_mode\":\"cover\",\"overlay_hover\":true,\"overlay_style\":\"overlay-primary\",\"text_color\":\"light\",\"overlay_position\":\"center\",\"overlay_transition\":\"fade\",\"title_hover_style\":\"reset\",\"title_element\":\"h3\",\"meta_style\":\"meta\",\"meta_align\":\"below-title\",\"meta_element\":\"div\",\"link_text\":\"\",\"link_style\":\"default\",\"text_align\":\"center\",\"margin\":\"default\",\"item_animation\":\"\",\"grid_small\":\"2\",\"lightbox\":true,\"overlay_link\":true,\"image_width\":\"400\",\"image_height\":\"400\",\"grid_column_gap\":\"small\",\"grid_row_gap\":\"small\"},\"children\":[{\"type\":\"gallery_item\",\"props\":{\"image\":\"wp-content\\\/uploads\\\/2021\\\/05\\\/accessible-boat-kefalonia.jpg\"}},{\"type\":\"gallery_item\",\"props\":{\"image\":\"wp-content\\\/uploads\\\/2022\\\/07\\\/10403122_122610564739288_1409935039705566327_n.jpg\"}},{\"type\":\"gallery_item\",\"props\":{\"image\":\"wp-content\\\/uploads\\\/2022\\\/07\\\/1743696_122610798072598_102542316429498057_n.jpg\"}},{\"type\":\"gallery_item\",\"props\":{\"image\":\"wp-content\\\/uploads\\\/2022\\\/07\\\/284963693_1339631136560269_3110073717088801148_n.jpg\"}},{\"type\":\"gallery_item\",\"props\":{\"image\":\"wp-content\\\/uploads\\\/2022\\\/07\\\/284279989_580505860047547_7243689512666103217_n.jpg\"}},{\"type\":\"gallery_item\",\"props\":{\"image\":\"wp-content\\\/uploads\\\/2022\\\/07\\\/285436745_383179673847953_5319751922609140162_n.jpg\"}},{\"type\":\"gallery_item\",\"props\":{\"image\":\"wp-content\\\/uploads\\\/2022\\\/07\\\/225062926_2617147198587530_7420892371662053432_n.jpg\"}},{\"type\":\"gallery_item\",\"props\":{\"image\":\"wp-content\\\/uploads\\\/2025\\\/05\\\/\\u03b5\\u03b9\\u03ba\\u03cc\\u03bd\\u03b1_Viber_2025-05-21_10-47-36-741.jpg\"}},{\"type\":\"gallery_item\",\"props\":{\"image\":\"wp-content\\\/uploads\\\/2025\\\/05\\\/\\u03b5\\u03b9\\u03ba\\u03cc\\u03bd\\u03b1_Viber_2025-05-21_10-47-36-283.jpg\"}},{\"type\":\"gallery_item\",\"props\":{\"image\":\"wp-content\\\/uploads\\\/2025\\\/05\\\/\\u03b5\\u03b9\\u03ba\\u03cc\\u03bd\\u03b1_Viber_2025-05-21_10-47-35-910.jpg\"}}]},{\"type\":\"video\",\"props\":{\"video_controls\":true,\"margin\":\"default\",\"video\":\"wp-content\\\/uploads\\\/2021\\\/06\\\/video-cef1ab36316d2386043edf964c0ce778-V.mp4\",\"video_muted\":true}}]}]}],\"modified\":\"2021-05-12T06:35:17.010Z\",\"name\":\"gal\"}],\"version\":\"2.3.30\"} --><\/p>\n","protected":false},"excerpt":{"rendered":"<p>ACCESSIBILITE Une attention toute particuli\u00e8re a \u00e9t\u00e9 donn\u00e9e afin que les villas ainsi que toute la propri\u00e9t\u00e9 soient accessibles aux personnes \u00e0 mobilit\u00e9 r\u00e9duite. Le chemin int\u00e9rieur ainsi que les petits sentiers conduisant aux villas sont sur un seul niveau, sans marches. De petites rampes mobiles sont disponibles aux portes d\u2019entr\u00e9e et l\u00e0 o\u00f9 elles [&hellip;]<\/p>\n","protected":false},"author":1,"featured_media":0,"parent":0,"menu_order":0,"comment_status":"closed","ping_status":"closed","template":"","meta":[],"_links":{"self":[{"href":"https:\/\/moschatoestatevillas.com\/fr\/wp-json\/wp\/v2\/pages\/1483"}],"collection":[{"href":"https:\/\/moschatoestatevillas.com\/fr\/wp-json\/wp\/v2\/pages"}],"about":[{"href":"https:\/\/moschatoestatevillas.com\/fr\/wp-json\/wp\/v2\/types\/page"}],"author":[{"embeddable":true,"href":"https:\/\/moschatoestatevillas.com\/fr\/wp-json\/wp\/v2\/users\/1"}],"replies":[{"embeddable":true,"href":"https:\/\/moschatoestatevillas.com\/fr\/wp-json\/wp\/v2\/comments?post=1483"}],"version-history":[{"count":6,"href":"https:\/\/moschatoestatevillas.com\/fr\/wp-json\/wp\/v2\/pages\/1483\/revisions"}],"predecessor-version":[{"id":2939,"href":"https:\/\/moschatoestatevillas.com\/fr\/wp-json\/wp\/v2\/pages\/1483\/revisions\/2939"}],"wp:attachment":[{"href":"https:\/\/moschatoestatevillas.com\/fr\/wp-json\/wp\/v2\/media?parent=1483"}],"curies":[{"name":"wp","href":"https:\/\/api.w.org\/{rel}","templated":true}]}}