{"id":1478,"date":"2022-04-14T09:38:15","date_gmt":"2022-04-14T06:38:15","guid":{"rendered":"https:\/\/moschatoestatevillas.com\/?page_id=1478"},"modified":"2022-04-15T15:45:10","modified_gmt":"2022-04-15T12:45:10","slug":"la-region","status":"publish","type":"page","link":"https:\/\/moschatoestatevillas.com\/fr\/la-region\/","title":{"rendered":"La r\u00e9gion"},"content":{"rendered":"<ul>\n<li>\n<p>        <img src=\"\/wp-content\/uploads\/2021\/04\/20210316_152427.jpg\" alt=\"\"><\/p>\n<\/li>\n<li>\n<p>        <img src=\"\/wp-content\/uploads\/2021\/04\/20210314_131516-scaled.jpg\" alt=\"\"><\/p>\n<\/li>\n<li>\n<p>        <img src=\"\/wp-content\/uploads\/2021\/04\/kastro-agiou-georgiou-01.jpg\" alt=\"\"><\/p>\n<\/li>\n<li>\n<p>        <img src=\"\/wp-content\/uploads\/2021\/04\/kastro-agiou-georgiou-12.jpg\" alt=\"\"><\/p>\n<\/li>\n<li>\n<p>        <img src=\"\/wp-content\/uploads\/2021\/04\/kastro-agiou-georgiou-10.jpg\" alt=\"\"><\/p>\n<\/li>\n<li>\n<p>        <img src=\"\/wp-content\/uploads\/2021\/04\/4.iera-moni-agiou-apostolou-andrea-milapidias-12.jpg\" alt=\"\"><\/p>\n<\/li>\n<li>\n<p>        <img src=\"\/wp-content\/uploads\/2021\/04\/6.-iera-moni-agiou-apostolou-andrea-milapidias-15.jpg\" alt=\"\"><\/p>\n<\/li>\n<li>\n<p>        <img src=\"\/wp-content\/uploads\/2021\/04\/KefaloniaMoniSission.jpg\" alt=\"\"><\/p>\n<\/li>\n<li>\n<p>        <img src=\"\/wp-content\/uploads\/2021\/05\/DSC_4783-1.jpg\" alt=\"\"><\/p>\n<\/li>\n<li>\n<p>        <img src=\"\/wp-content\/uploads\/2021\/05\/DSC_5135.jpg\" alt=\"\"><\/p>\n<\/li>\n<li>\n<p>        <img src=\"\/wp-content\/uploads\/2021\/05\/Photo_6554589_DJI_989_jpg_4270342_0_20215915026_photo_original-1.jpg\" alt=\"\"><\/p>\n<\/li>\n<li>\n<p>        <img src=\"\/wp-content\/uploads\/2021\/05\/Photo_6554596_DJI_996_jpg_4132246_0_20215915150_photo_original-2.jpg\" alt=\"\"><\/p>\n<\/li>\n<li>\n<p>        <img src=\"\/wp-content\/uploads\/2021\/05\/20210114_115541-1.jpg\" alt=\"\"><\/p>\n<\/li>\n<li>\n<p>        <img src=\"\/wp-content\/uploads\/2021\/05\/20210124_163535-1.jpg\" alt=\"\"><\/p>\n<\/li>\n<li>\n<p>        <img src=\"\/wp-content\/uploads\/2021\/05\/20210503_134823-1.jpg\" alt=\"\"><\/p>\n<\/li>\n<li>\n<p>        <img src=\"\/wp-content\/uploads\/2021\/05\/DJI_0244.jpg\" alt=\"\"><\/p>\n<\/li>\n<li>\n<p>        <img src=\"\/wp-content\/uploads\/2021\/05\/DJI_0693-1.jpg\" alt=\"\"><\/p>\n<\/li>\n<li>\n<p>        <img src=\"\/wp-content\/uploads\/2021\/05\/DJI_0766-2.jpg\" alt=\"\"><\/p>\n<\/li>\n<li>\n<p>        <img src=\"\/wp-content\/uploads\/2021\/05\/DJI_0843-1.jpg\" alt=\"\"><\/p>\n<\/li>\n<li>\n<p>        <img src=\"\/wp-content\/uploads\/2021\/05\/DJI_0872-3.jpg\" alt=\"\"><\/p>\n<\/li>\n<li>\n<p>        <img src=\"\/wp-content\/uploads\/2021\/05\/DJI_0998.jpg\" alt=\"\"><\/p>\n<\/li>\n<li>\n<p>        <img src=\"\/wp-content\/uploads\/2021\/05\/DSC_4286.jpg\" alt=\"\"><\/p>\n<\/li>\n<\/ul>\n<h1>The area<\/h1>\n<div>\n<p>Moschato Estate Villas se trouve \u00e0 Leivatho, une r\u00e9gion du sud de C\u00e9phalonie, si\u00e8ge de l\u2019ancienne capitale de l\u2019\u00eele, le ch\u00e2teau-fort de Agios Georgios. Leivatho est parsem\u00e9e de villages pittoresques que des marins, nombreux autrefois, ont construit au fil du temps en y laissant leur empreinte. <\/p>\n<p>Parmi les paisibles monast\u00e8res de la r\u00e9gion, celui de Agios Andreas \u00e0 Peratata ou du Estavromenou (Christ crucifi\u00e9) \u00e0 Pessada, on y trouve les ruines de l\u2019ancien monast\u00e8re de Sissia qui, selon la l\u00e9gende, a \u00e9t\u00e9 fond\u00e9 par Saint Fran\u00e7ois d\u2019Assise. <\/p>\n<\/div>\n<h2>Distances<\/h2>\n<div>La propri\u00e9t\u00e9 est id\u00e9alement situ\u00e9e \u00e0 3,2 km de l\u2019a\u00e9roport et \u00e0 9,8 km d\u2019Argostoli, la capitale de l\u2019\u00eele.<\/div>\n<h3>Villages \u00e0 proximit\u00e9<\/h3>\n<ul>\n<li>\n<h3>Svoronata<\/h3>\n<div>\n<p>1.1 km<\/p>\n<\/div>\n<\/li>\n<li>\n<h3>Domata<\/h3>\n<div>\n<p>850 m<\/p>\n<\/div>\n<\/li>\n<li>\n<h3>Kourkoumelata <\/h3>\n<div>\n<p>1.9 km<\/p>\n<\/div>\n<\/li>\n<\/ul>\n<h3>Sites \u00e0 visiter: <\/h3>\n<ul>\n<li>\n<h3>Castle of Agios Georgios <\/h3>\n<div>\n<p>7.6 Km<\/p>\n<\/div>\n<\/li>\n<li>\n<h3>Monastery of Agios Andreas <\/h3>\n<div>\n<p>5.0 Km<\/p>\n<\/div>\n<\/li>\n<li>\n<h3>Monastery of Sissia \t<\/h3>\n<div>\n<p>19.0 Km<\/p>\n<\/div>\n<\/li>\n<li>\n<h3>Mycenaean Tombs in Mazarakata <\/h3>\n<div>\n<p>4.4 Km<\/p>\n<\/div>\n<\/li>\n<\/ul>\n<h3>\n<p>Nearby Mini Markets<\/p>\n<\/h3>\n<ul>\n<li>\n<h3>Sagitarius <\/h3>\n<div>\n<p>650 m<\/p>\n<\/div>\n<\/li>\n<li>\n<h3>Tiritompas <\/h3>\n<div>\n<p>2,5 Km<\/p>\n<\/div>\n<\/li>\n<li>\n<h3>Kourkoumelata <\/h3>\n<div>\n<p>1.9 km<\/p>\n<\/div>\n<\/li>\n<\/ul>\n<h3>Restaurants et tavernes proches<\/h3>\n<ul>\n<li>\n<h3>Esperides <\/h3>\n<div>\n<p>260 m<\/p>\n<\/div>\n<\/li>\n<li>\n<h3>Dum Spiro Spero<\/h3>\n<div>\n<p>\u00a0750 m<\/p>\n<\/div>\n<\/li>\n<li>\n<h3>Fois restaurant <\/h3>\n<div>\n<p>950 m<\/p>\n<\/div>\n<\/li>\n<li>\n<h3>To Enetiko <\/h3>\n<div>\n<p>1.6 Km<\/p>\n<\/div>\n<\/li>\n<li>\n<h3>Avithos Preview Tavern <\/h3>\n<div>\n<p>1.6 Km<\/p>\n<\/div>\n<\/li>\n<li>\n<h3>O Milos <\/h3>\n<div>\n<p>2.0 Km<\/p>\n<\/div>\n<\/li>\n<li>\n<h3>La Calma <\/h3>\n<div>\n<p>1.1 Km<\/p>\n<\/div>\n<\/li>\n<li>\n<h3>Acropolis dinner <\/h3>\n<div>\n<p>1.1 Km<\/p>\n<\/div>\n<\/li>\n<\/ul>\n<h3>Plages \u00e0 proximit\u00e9<\/h3>\n<ul>\n<li>\n<h3>A\u00ef Helis <\/h3>\n<div>\n<p>950 m<\/p>\n<\/div>\n<\/li>\n<li>\n<h3>Ammes <\/h3>\n<div>\n<p>2.1 Km<\/p>\n<\/div>\n<\/li>\n<li>\n<h3>Avithos <\/h3>\n<div>\n<p>1.6 Km<\/p>\n<\/div>\n<\/li>\n<li>\n<h3>Spasmata <\/h3>\n<div>\n<p>4.5 Km<\/p>\n<\/div>\n<\/li>\n<li>\n<h3>Megali Ammos <\/h3>\n<div>\n<p>4.0 Km<\/p>\n<\/div>\n<\/li>\n<li>\n<h3>Spartia beach <\/h3>\n<div>\n<p>5.9 Km<\/p>\n<\/div>\n<\/li>\n<li>\n<h3>Trapezaki <\/h3>\n<div>\n<p>10 Km<\/p>\n<\/div>\n<\/li>\n<li>\n<h3>Lourdas <\/h3>\n<div>\n<p>13 Km<\/p>\n<\/div>\n<\/li>\n<\/ul>\n<div>\n<p>38.1094,20.5274<\/p>\n<\/div>\n<p><!-- {\"name\":\"the area EN\",\"type\":\"layout\",\"children\":[{\"type\":\"section\",\"props\":{\"style\":\"default\",\"width\":\"\",\"vertical_align\":\"middle\",\"title_position\":\"top-left\",\"title_rotation\":\"left\",\"title_breakpoint\":\"xl\",\"image_position\":\"center-center\",\"padding_remove_horizontal\":true,\"padding_remove_top\":true,\"padding_remove_bottom\":true,\"header_transparent\":\"light\",\"header_transparent_noplaceholder\":true,\"image\":\"\"},\"children\":[{\"type\":\"row\",\"children\":[{\"type\":\"column\",\"props\":{\"image_position\":\"center-center\",\"media_overlay_gradient\":\"\"},\"children\":[{\"type\":\"slideshow\",\"props\":{\"show_title\":true,\"show_meta\":true,\"show_content\":true,\"show_link\":true,\"show_thumbnail\":true,\"slideshow_min_height\":300,\"slideshow_autoplay_pause\":true,\"nav\":\"dotnav\",\"nav_position\":\"bottom-center\",\"nav_position_margin\":\"medium\",\"nav_align\":\"center\",\"nav_breakpoint\":\"s\",\"thumbnav_width\":\"100\",\"thumbnav_height\":\"75\",\"thumbnav_svg_color\":\"emphasis\",\"slidenav\":\"default\",\"slidenav_margin\":\"medium\",\"slidenav_breakpoint\":\"s\",\"slidenav_outside_breakpoint\":\"xl\",\"overlay_position\":\"center-left\",\"overlay_animation\":\"parallax\",\"title_element\":\"h3\",\"meta_style\":\"meta\",\"meta_align\":\"below-title\",\"meta_element\":\"div\",\"link_text\":\"Read more\",\"link_style\":\"default\",\"margin\":\"default\",\"slideshow_height\":\"full\"},\"children\":[{\"type\":\"slideshow_item\",\"props\":{\"image\":\"wp-content\\\/uploads\\\/2021\\\/04\\\/20210316_152427.jpg\"}},{\"type\":\"slideshow_item\",\"props\":{\"image\":\"wp-content\\\/uploads\\\/2021\\\/04\\\/20210314_131516-scaled.jpg\"}},{\"type\":\"slideshow_item\",\"props\":{\"image\":\"wp-content\\\/uploads\\\/2021\\\/04\\\/kastro-agiou-georgiou-01.jpg\"}},{\"type\":\"slideshow_item\",\"props\":{\"image\":\"wp-content\\\/uploads\\\/2021\\\/04\\\/kastro-agiou-georgiou-12.jpg\"}},{\"type\":\"slideshow_item\",\"props\":{\"image\":\"wp-content\\\/uploads\\\/2021\\\/04\\\/kastro-agiou-georgiou-10.jpg\"}},{\"type\":\"slideshow_item\",\"props\":{\"image\":\"wp-content\\\/uploads\\\/2021\\\/04\\\/4.iera-moni-agiou-apostolou-andrea-milapidias-12.jpg\"}},{\"type\":\"slideshow_item\",\"props\":{\"image\":\"wp-content\\\/uploads\\\/2021\\\/04\\\/6.-iera-moni-agiou-apostolou-andrea-milapidias-15.jpg\"}},{\"type\":\"slideshow_item\",\"props\":{\"image\":\"wp-content\\\/uploads\\\/2021\\\/04\\\/KefaloniaMoniSission.jpg\"}},{\"type\":\"slideshow_item\",\"props\":{\"image\":\"wp-content\\\/uploads\\\/2021\\\/05\\\/DSC_4783-1.jpg\"}},{\"type\":\"slideshow_item\",\"props\":{\"image\":\"wp-content\\\/uploads\\\/2021\\\/05\\\/DSC_5135.jpg\"}},{\"type\":\"slideshow_item\",\"props\":{\"image\":\"wp-content\\\/uploads\\\/2021\\\/05\\\/Photo_6554589_DJI_989_jpg_4270342_0_20215915026_photo_original-1.jpg\"}},{\"type\":\"slideshow_item\",\"props\":{\"image\":\"wp-content\\\/uploads\\\/2021\\\/05\\\/Photo_6554596_DJI_996_jpg_4132246_0_20215915150_photo_original-2.jpg\"}},{\"type\":\"slideshow_item\",\"props\":{\"image\":\"wp-content\\\/uploads\\\/2021\\\/05\\\/20210114_115541-1.jpg\"}},{\"type\":\"slideshow_item\",\"props\":{\"image\":\"wp-content\\\/uploads\\\/2021\\\/05\\\/20210124_163535-1.jpg\"}},{\"type\":\"slideshow_item\",\"props\":{\"image\":\"wp-content\\\/uploads\\\/2021\\\/05\\\/20210503_134823-1.jpg\"}},{\"type\":\"slideshow_item\",\"props\":{\"image\":\"wp-content\\\/uploads\\\/2021\\\/05\\\/DJI_0244.jpg\"}},{\"type\":\"slideshow_item\",\"props\":{\"image\":\"wp-content\\\/uploads\\\/2021\\\/05\\\/DJI_0693-1.jpg\"}},{\"type\":\"slideshow_item\",\"props\":{\"image\":\"wp-content\\\/uploads\\\/2021\\\/05\\\/DJI_0766-2.jpg\"}},{\"type\":\"slideshow_item\",\"props\":{\"image\":\"wp-content\\\/uploads\\\/2021\\\/05\\\/DJI_0843-1.jpg\"}},{\"type\":\"slideshow_item\",\"props\":{\"image\":\"wp-content\\\/uploads\\\/2021\\\/05\\\/DJI_0872-3.jpg\"}},{\"type\":\"slideshow_item\",\"props\":{\"image\":\"wp-content\\\/uploads\\\/2021\\\/05\\\/DJI_0998.jpg\"}},{\"type\":\"slideshow_item\",\"props\":{\"image\":\"wp-content\\\/uploads\\\/2021\\\/05\\\/DSC_4286.jpg\"}}]}]}]}],\"modified\":\"2021-04-23T13:13:00.183Z\",\"name\":\"coming\"},{\"type\":\"section\",\"props\":{\"style\":\"default\",\"width\":\"default\",\"vertical_align\":\"middle\",\"title_position\":\"top-left\",\"title_rotation\":\"left\",\"title_breakpoint\":\"xl\",\"image_position\":\"center-center\"},\"children\":[{\"type\":\"row\",\"children\":[{\"type\":\"column\",\"props\":{\"image_position\":\"center-center\",\"media_overlay_gradient\":\"\"},\"children\":[{\"type\":\"headline\",\"props\":{\"title_element\":\"h1\",\"content\":\"The area\"}},{\"type\":\"text\",\"props\":{\"margin\":\"default\",\"column_breakpoint\":\"m\",\"content\":\"\n\n<p>Moschato Estate Villas se trouve \\u00e0 Leivatho, une r\\u00e9gion du sud de C\\u00e9phalonie, si\\u00e8ge de l\\u2019ancienne capitale de l\\u2019\\u00eele, le ch\\u00e2teau-fort de Agios Georgios. Leivatho est parsem\\u00e9e de villages pittoresques que des marins, nombreux autrefois, ont construit au fil du temps en y laissant leur empreinte. <\\\/p>\\n\n\n<p>Parmi les paisibles monast\\u00e8res de la r\\u00e9gion, celui de Agios Andreas \\u00e0 Peratata ou du Estavromenou (Christ crucifi\\u00e9) \\u00e0 Pessada, on y trouve les ruines de l\\u2019ancien monast\\u00e8re de Sissia qui, selon la l\\u00e9gende, a \\u00e9t\\u00e9 fond\\u00e9 par Saint Fran\\u00e7ois d\\u2019Assise. <\\\/p>\",\"text_style\":\"lead\",\"dropcap\":true}}]}]},{\"type\":\"row\",\"children\":[{\"type\":\"column\",\"props\":{\"image_position\":\"center-center\",\"media_overlay_gradient\":\"\"},\"children\":[{\"type\":\"headline\",\"props\":{\"title_element\":\"h2\",\"content\":\"Distances\"}},{\"type\":\"text\",\"props\":{\"margin\":\"default\",\"column_breakpoint\":\"m\",\"content\":\"La propri\\u00e9t\\u00e9 est id\\u00e9alement situ\\u00e9e \\u00e0 3,2 km de l\\u2019a\\u00e9roport et \\u00e0 9,8 km d\\u2019Argostoli, la capitale de l\\u2019\\u00eele.\",\"text_style\":\"lead\"}}]}]},{\"type\":\"row\",\"props\":{\"layout\":\"1-3,1-3,1-3\"},\"children\":[{\"type\":\"column\",\"props\":{\"image_position\":\"center-center\",\"media_overlay_gradient\":\"\",\"width_medium\":\"1-3\"},\"children\":[{\"type\":\"headline\",\"props\":{\"title_element\":\"h3\",\"content\":\"Villages \\u00e0 proximit\\u00e9\"}},{\"type\":\"description_list\",\"props\":{\"show_title\":true,\"show_meta\":true,\"show_content\":true,\"show_link\":true,\"list_element\":\"ul\",\"column_breakpoint\":\"m\",\"layout\":\"grid-2\",\"title_grid_width\":\"auto\",\"title_grid_column_gap\":\"small\",\"title_grid_row_gap\":\"small\",\"title_element\":\"div\",\"meta_style\":\"meta\",\"meta_align\":\"below-content\",\"list_marker\":\"square\",\"text_align\":\"right\",\"title_style\":\"text-bold\",\"title_colon\":true},\"children\":[{\"type\":\"description_list_item\",\"props\":{\"title\":\"Svoronata\",\"content\":\"\n\n<p>1.1 km<\\\/p>\"}},{\"type\":\"description_list_item\",\"props\":{\"title\":\"Domata\",\"content\":\"\n\n<p>850 m<\\\/p>\"}},{\"type\":\"description_list_item\",\"props\":{\"title\":\"Kourkoumelata \",\"content\":\"\n\n<p>1.9 km<\\\/p>\"}}]}]},{\"type\":\"column\",\"props\":{\"image_position\":\"center-center\",\"media_overlay_gradient\":\"\",\"width_medium\":\"1-3\"},\"children\":[{\"type\":\"headline\",\"props\":{\"title_element\":\"h3\",\"content\":\"Sites \\u00e0 visiter: \"}},{\"type\":\"description_list\",\"props\":{\"show_title\":true,\"show_meta\":true,\"show_content\":true,\"show_link\":true,\"list_element\":\"ul\",\"column_breakpoint\":\"m\",\"layout\":\"grid-2\",\"title_grid_width\":\"auto\",\"title_grid_column_gap\":\"small\",\"title_grid_row_gap\":\"small\",\"title_element\":\"div\",\"meta_style\":\"meta\",\"meta_align\":\"below-content\",\"list_marker\":\"square\",\"text_align\":\"right\",\"title_style\":\"text-bold\",\"title_colon\":true},\"children\":[{\"type\":\"description_list_item\",\"props\":{\"title\":\"Castle of Agios Georgios \",\"content\":\"\n\n<p>7.6 Km<\\\/p>\"}},{\"type\":\"description_list_item\",\"props\":{\"title\":\"Monastery of Agios Andreas \",\"content\":\"\n\n<p>5.0 Km<\\\/p>\"}},{\"type\":\"description_list_item\",\"props\":{\"title\":\"Monastery of Sissia \\t\",\"content\":\"\n\n<p>19.0 Km<\\\/p>\"}},{\"type\":\"description_list_item\",\"props\":{\"title\":\"Mycenaean Tombs in Mazarakata \",\"content\":\"\n\n<p>4.4 Km<\\\/p>\"}}]}]},{\"type\":\"column\",\"props\":{\"image_position\":\"center-center\",\"media_overlay_gradient\":\"\",\"width_medium\":\"1-3\"},\"children\":[{\"type\":\"headline\",\"props\":{\"title_element\":\"h3\",\"content\":\"\n\n<p>Nearby Mini Markets<\\\/p>\"}},{\"type\":\"description_list\",\"props\":{\"show_title\":true,\"show_meta\":true,\"show_content\":true,\"show_link\":true,\"list_element\":\"ul\",\"column_breakpoint\":\"m\",\"layout\":\"grid-2\",\"title_grid_width\":\"auto\",\"title_grid_column_gap\":\"small\",\"title_grid_row_gap\":\"small\",\"title_element\":\"div\",\"meta_style\":\"meta\",\"meta_align\":\"below-content\",\"list_marker\":\"square\",\"text_align\":\"right\",\"title_style\":\"text-bold\",\"title_colon\":true},\"children\":[{\"type\":\"description_list_item\",\"props\":{\"title\":\"Sagitarius \",\"content\":\"\n\n<p>650 m<\\\/p>\"}},{\"type\":\"description_list_item\",\"props\":{\"title\":\"Tiritompas \",\"content\":\"\n\n<p>2,5 Km<\\\/p>\"}},{\"type\":\"description_list_item\",\"props\":{\"title\":\"Kourkoumelata \",\"content\":\"\n\n<p>1.9 km<\\\/p>\"}}]}]}]},{\"type\":\"row\",\"props\":{\"layout\":\"1-3,1-3,1-3\"},\"children\":[{\"type\":\"column\",\"props\":{\"image_position\":\"center-center\",\"media_overlay_gradient\":\"\",\"width_medium\":\"1-3\"},\"children\":[{\"type\":\"headline\",\"props\":{\"title_element\":\"h3\",\"content\":\"Restaurants et tavernes proches\"}},{\"type\":\"description_list\",\"props\":{\"show_title\":true,\"show_meta\":true,\"show_content\":true,\"show_link\":true,\"list_element\":\"ul\",\"column_breakpoint\":\"m\",\"layout\":\"grid-2\",\"title_grid_width\":\"auto\",\"title_grid_column_gap\":\"small\",\"title_grid_row_gap\":\"small\",\"title_element\":\"div\",\"meta_style\":\"meta\",\"meta_align\":\"below-content\",\"list_marker\":\"square\",\"text_align\":\"right\",\"title_style\":\"text-bold\",\"title_colon\":true},\"children\":[{\"type\":\"description_list_item\",\"props\":{\"title\":\"Esperides \",\"content\":\"\n\n<p>260 m<\\\/p>\"}},{\"type\":\"description_list_item\",\"props\":{\"title\":\"Dum Spiro Spero\",\"content\":\"\n\n<p>\\u00a0750 m<\\\/p>\"}},{\"type\":\"description_list_item\",\"props\":{\"title\":\"Fois restaurant \",\"content\":\"\n\n<p>950 m<\\\/p>\"}},{\"type\":\"description_list_item\",\"props\":{\"title\":\"To Enetiko \",\"content\":\"\n\n<p>1.6 Km<\\\/p>\"}},{\"type\":\"description_list_item\",\"props\":{\"title\":\"Avithos Preview Tavern \",\"content\":\"\n\n<p>1.6 Km<\\\/p>\"}},{\"type\":\"description_list_item\",\"props\":{\"title\":\"O Milos \",\"content\":\"\n\n<p>2.0 Km<\\\/p>\"}},{\"type\":\"description_list_item\",\"props\":{\"title\":\"La Calma \",\"content\":\"\n\n<p>1.1 Km<\\\/p>\"}},{\"type\":\"description_list_item\",\"props\":{\"title\":\"Acropolis dinner \",\"content\":\"\n\n<p>1.1 Km<\\\/p>\"}}]}]},{\"type\":\"column\",\"props\":{\"image_position\":\"center-center\",\"media_overlay_gradient\":\"\",\"width_medium\":\"1-3\"},\"children\":[{\"type\":\"headline\",\"props\":{\"title_element\":\"h3\",\"content\":\"Plages \\u00e0 proximit\\u00e9\"}},{\"type\":\"description_list\",\"props\":{\"show_title\":true,\"show_meta\":true,\"show_content\":true,\"show_link\":true,\"list_element\":\"ul\",\"column_breakpoint\":\"m\",\"layout\":\"grid-2\",\"title_grid_width\":\"auto\",\"title_grid_column_gap\":\"small\",\"title_grid_row_gap\":\"small\",\"title_element\":\"div\",\"meta_style\":\"meta\",\"meta_align\":\"below-content\",\"list_marker\":\"square\",\"text_align\":\"right\",\"title_style\":\"text-bold\",\"title_colon\":true},\"children\":[{\"type\":\"description_list_item\",\"props\":{\"title\":\"A\\u00ef Helis \",\"content\":\"\n\n<p>950 m<\\\/p>\"}},{\"type\":\"description_list_item\",\"props\":{\"title\":\"Ammes \",\"content\":\"\n\n<p>2.1 Km<\\\/p>\"}},{\"type\":\"description_list_item\",\"props\":{\"title\":\"Avithos \",\"content\":\"\n\n<p>1.6 Km<\\\/p>\"}},{\"type\":\"description_list_item\",\"props\":{\"title\":\"Spasmata \",\"content\":\"\n\n<p>4.5 Km<\\\/p>\"}},{\"type\":\"description_list_item\",\"props\":{\"title\":\"Megali Ammos \",\"content\":\"\n\n<p>4.0 Km<\\\/p>\"}},{\"type\":\"description_list_item\",\"props\":{\"title\":\"Spartia beach \",\"content\":\"\n\n<p>5.9 Km<\\\/p>\"}},{\"type\":\"description_list_item\",\"props\":{\"title\":\"Trapezaki \",\"content\":\"\n\n<p>10 Km<\\\/p>\"}},{\"type\":\"description_list_item\",\"props\":{\"title\":\"Lourdas \",\"content\":\"\n\n<p>13 Km<\\\/p>\"}}]}]},{\"type\":\"column\",\"props\":{\"image_position\":\"center-center\",\"media_overlay_gradient\":\"\",\"width_medium\":\"1-3\"},\"children\":[]}]}]},{\"type\":\"section\",\"props\":{\"style\":\"default\",\"width\":\"default\",\"vertical_align\":\"middle\",\"title_position\":\"top-left\",\"title_rotation\":\"left\",\"title_breakpoint\":\"xl\",\"image_position\":\"center-center\"},\"children\":[{\"type\":\"row\",\"children\":[{\"type\":\"column\",\"props\":{\"image_position\":\"center-center\",\"media_overlay_gradient\":\"\"},\"children\":[{\"type\":\"map\",\"props\":{\"show_title\":true,\"type\":\"satellite\",\"zoom\":15,\"controls\":true,\"zooming\":true,\"dragging\":true,\"height\":\"500\"},\"children\":[{\"type\":\"map_marker\",\"props\":{\"location\":\"38.1094,20.5274\"}}]}]}]}]}],\"version\":\"2.3.30\"} --><\/p>\n","protected":false},"excerpt":{"rendered":"<p>The area Moschato Estate Villas se trouve \u00e0 Leivatho, une r\u00e9gion du sud de C\u00e9phalonie, si\u00e8ge de l\u2019ancienne capitale de l\u2019\u00eele, le ch\u00e2teau-fort de Agios Georgios. Leivatho est parsem\u00e9e de villages pittoresques que des marins, nombreux autrefois, ont construit au fil du temps en y laissant leur empreinte. Parmi les paisibles monast\u00e8res de la r\u00e9gion, [&hellip;]<\/p>\n","protected":false},"author":1,"featured_media":0,"parent":0,"menu_order":0,"comment_status":"closed","ping_status":"closed","template":"","meta":[],"_links":{"self":[{"href":"https:\/\/moschatoestatevillas.com\/fr\/wp-json\/wp\/v2\/pages\/1478"}],"collection":[{"href":"https:\/\/moschatoestatevillas.com\/fr\/wp-json\/wp\/v2\/pages"}],"about":[{"href":"https:\/\/moschatoestatevillas.com\/fr\/wp-json\/wp\/v2\/types\/page"}],"author":[{"embeddable":true,"href":"https:\/\/moschatoestatevillas.com\/fr\/wp-json\/wp\/v2\/users\/1"}],"replies":[{"embeddable":true,"href":"https:\/\/moschatoestatevillas.com\/fr\/wp-json\/wp\/v2\/comments?post=1478"}],"version-history":[{"count":3,"href":"https:\/\/moschatoestatevillas.com\/fr\/wp-json\/wp\/v2\/pages\/1478\/revisions"}],"predecessor-version":[{"id":1510,"href":"https:\/\/moschatoestatevillas.com\/fr\/wp-json\/wp\/v2\/pages\/1478\/revisions\/1510"}],"wp:attachment":[{"href":"https:\/\/moschatoestatevillas.com\/fr\/wp-json\/wp\/v2\/media?parent=1478"}],"curies":[{"name":"wp","href":"https:\/\/api.w.org\/{rel}","templated":true}]}}