{"id":1473,"date":"2022-04-14T09:37:08","date_gmt":"2022-04-14T06:37:08","guid":{"rendered":"https:\/\/moschatoestatevillas.com\/?page_id=1473"},"modified":"2022-04-26T10:41:57","modified_gmt":"2022-04-26T07:41:57","slug":"la-propriete","status":"publish","type":"page","link":"https:\/\/moschatoestatevillas.com\/fr\/la-propriete\/","title":{"rendered":"La propri\u00e9t\u00e9"},"content":{"rendered":"<div>Moschato fait partie d\u2019un domaine de 12.OOO m2 appartenant depuis plusieurs g\u00e9n\u00e9rations \u00e0 notre famille. On y produit des amandes, des noix et des agrumes, comme des oranges, citrons, mandarines et pamplemousses. <\/br>On y trouve aussi des figuiers, des pommiers, des abricotiers et des avocatiers.<br \/>\nMoschato \u00e9tait autrefois un vignoble, d\u2019o\u00f9 son nom qui est celui d\u2019un c\u00e9page r\u00e9pandu en Gr\u00e8ce.  Aujourd\u2019hui c\u2019est une oliveraie qui comporte environ 85 oliviers dont cinq au moins sont plus que centenaires. <\/br><br \/>\nParmi ces derniers, deux, l\u2019olivier de la Vierge Marie et l\u2019olivier de Saint Andr\u00e9 ont plus de 1200 ans. Ces vieux oliviers, qui se trouvaient sur nos terres, n\u2019ont cependant pas toujours appartenu \u00e0 la famille. Ils ont \u00e9t\u00e9 achet\u00e9s il y a une cinquantaine d\u2019ann\u00e9es. <\/br><br \/>\nLes oliviers plant\u00e9s dans le domaine sont du type \u00ab Coroni \u00bb, un arbre dont la r\u00e9colte est modeste mais dont le fruit donne une huile d\u2019une excellente qualit\u00e9. <\/br>\n<\/div>\n<h2>NOTRE HUILE D\u2019OLIVE<\/h2>\n<div>\n<p>Their ages vary from 600 to 1500 years old, but curiously and even though they were in our land, not all of them always belonged to us.<\/p>\n<p>They were bought by the family at some point in the last fifty years.<\/p>\n<\/div>\n<ul>\n<li>\n<p>        <img src=\"\/wp-content\/uploads\/2021\/04\/%CE%95%CE%9B%CE%99%CE%91-%CE%A4%CE%97%CE%A3-%CE%A4%CE%96%CE%9F%CE%93%CE%99%CE%91%CE%9D%CE%91%CE%A3-AD-450-1.jpg\" alt=\"\"><\/p>\n<h3>JOYANA&rsquo;s OLIVE TREE AD 450<\/h3>\n<\/li>\n<li>\n<p>        <img src=\"\/wp-content\/uploads\/2021\/04\/%CE%95%CE%9B%CE%99%CE%91-%CE%A4%CE%97%CE%A3-%CE%92%CE%99%CE%A1%CE%93%CE%97%CE%9D%CE%99%CE%91%CE%A3-AD-750-.jpg\" alt=\"\"><\/p>\n<h3>VIRGINIA&rsquo;s  OLIVE TREE AD 750<\/h3>\n<\/li>\n<li>\n<p>        <img src=\"\/wp-content\/uploads\/2021\/04\/%CE%95%CE%9B%CE%99%CE%91-%CE%A4%CE%9F%CE%A5-%CE%91%CE%93%CE%99%CE%9F%CE%A5-%CE%91%CE%9D%CE%A4%CE%A1%CE%95%CE%91-AD-950.jpg\" alt=\"\"><\/p>\n<h3>St ANDREAS OLIVE TREE AD 950<\/h3>\n<\/li>\n<li>\n<p>        <img src=\"\/wp-content\/uploads\/2021\/04\/%CE%95%CE%9B%CE%99%CE%91-%CE%A4%CE%97%CE%A3-%CE%A0%CE%91%CE%9D%CE%91%CE%93%CE%99%CE%91%CE%A3-AD-1300.jpg\" alt=\"\"><\/p>\n<h3>HOLY MARY&rsquo;s  OLIVE TREE AD 1300<\/h3>\n<\/li>\n<li>\n<p>        <img src=\"\/wp-content\/uploads\/2021\/04\/%CE%95%CE%9B%CE%99%CE%91-%CE%A4%CE%97%CE%A3-%CE%9B%CE%91%CE%9F%CE%A5%CE%A1%CE%91%CE%A3-AD-1400.jpg\" alt=\"\"><\/p>\n<h3>LAOURA&rsquo;s OLIVE TREE AD 1400<\/h3>\n<\/li>\n<\/ul>\n<h2>The Olive Grove<\/h2>\n<div>\n<p>The olive grove has been planted with olive trees of the Koroni variety, which give a low yield but produce superior quality oil.<\/p>\n<p>Other trees include orange, lemon, tangerines and of course figs that you are welcome to pick and eat when they are in season.<\/p>\n<\/div>\n<ul>\n<li>\n<p>        <img src=\"\/wp-content\/uploads\/2021\/04\/NIK_8511.jpg\" alt=\"\"><\/p>\n<\/li>\n<li>\n<p>        <img src=\"\/wp-content\/uploads\/2021\/04\/NIK_8471.jpg\" alt=\"\"><\/p>\n<\/li>\n<li>\n<p>        <img src=\"\/wp-content\/uploads\/2021\/04\/IMG_20210424_135606.jpg\" alt=\"\"><\/p>\n<\/li>\n<li>\n<p>        <img src=\"\/wp-content\/uploads\/2021\/04\/IMG_20210424_135544.jpg\" alt=\"\"><\/p>\n<\/li>\n<li>\n<p>        <img src=\"\/wp-content\/uploads\/2021\/04\/IMG_20210424_132852.jpg\" alt=\"\"><\/p>\n<\/li>\n<li>\n<p>        <img src=\"\/wp-content\/uploads\/2021\/04\/IMG_20210424_132725.jpg\" alt=\"\"><\/p>\n<\/li>\n<li>\n<p>        <img src=\"\/wp-content\/uploads\/2021\/04\/IMG_20210424_132611.jpg\" alt=\"\"><\/p>\n<\/li>\n<li>\n<p>        <img src=\"\/wp-content\/uploads\/2021\/04\/IMG_20210424_132539.jpg\" alt=\"\"><\/p>\n<\/li>\n<\/ul>\n<h2>NOTRE HUILE D\u2019OLIVE<\/h2>\n<div>Tous les ans, nous r\u00e9coltons les olives un mois avant leur pleine maturit\u00e9. Elles sont press\u00e9es \u00e0 froid en centrifugeuse. L\u2019huile ainsi produite est vierge et de tr\u00e8s grande qualit\u00e9. <\/br><br \/>\nVous go\u00fbterez sa tr\u00e8s l\u00e9g\u00e8re amertume et sa saveur un peu piquante, deux caract\u00e9ristiques de toute huile d\u2019olive de qualit\u00e9. Le bois \u00e0 br\u00fbler, que vous pouvez utiliser pour vos barbecues, est un produit secondaire de notre production d\u2019huile.  <\/br><br \/>\nDans notre corbeille de bienvenue, vous trouverez un \u00e9chantillon de notre huile. Elle est disponible en bouteilles de 25cl et de 50cl, faciles \u00e0 transporter et id\u00e9ales comme souvenirs.\n<\/div>\n<div>\n<p>In our welcome basket you will find a sample of our olive oil. We also bottle our oil in 250ml and 500ml glass bottles suitable for travel and perfect souvenirs. Please just ask us about this.<\/p>\n<\/div>\n<ul>\n<li>\n<p>        <img src=\"\/wp-content\/uploads\/2021\/05\/moschato-estate-kefalonian-extra-virgin-oil.jpg\" alt=\"\"><\/p>\n<\/li>\n<li>\n<p>        <img src=\"\/wp-content\/uploads\/2021\/05\/V.-bread-olive-oil-healthy-delicious-mediterranean-oil-nutrition-white-dish.jpg\" alt=\"\"><\/p>\n<\/li>\n<li>\n<p>        <img src=\"\/wp-content\/uploads\/2021\/05\/olives-ready-to-be-cold-pressed.jpg\" alt=\"\"><\/p>\n<\/li>\n<li>\n<p>        <img src=\"\/wp-content\/uploads\/2021\/05\/olive-burning-bbq-wood.jpg\" alt=\"\"><\/p>\n<\/li>\n<li>\n<p>        <img src=\"\/wp-content\/uploads\/2021\/05\/blooming-olive-tree.jpg\" alt=\"\"><\/p>\n<\/li>\n<li>\n<p>        <img src=\"\/wp-content\/uploads\/2021\/05\/olive-wood.jpg\" alt=\"\"><\/p>\n<\/li>\n<\/ul>\n<p><!-- {\"name\":\"EstateEn\",\"type\":\"layout\",\"children\":[{\"type\":\"section\",\"props\":{\"style\":\"default\",\"width\":\"expand\",\"vertical_align\":\"middle\",\"title_position\":\"top-left\",\"title_rotation\":\"left\",\"title_breakpoint\":\"xl\",\"image_position\":\"center-center\",\"padding_remove_horizontal\":true,\"padding_remove_top\":true,\"padding_remove_bottom\":true,\"header_transparent\":\"dark\",\"header_transparent_noplaceholder\":false,\"image\":\"wp-content\\\/uploads\\\/2021\\\/04\\\/laxani-scaled.jpg\"},\"children\":[{\"type\":\"row\",\"children\":[{\"type\":\"column\",\"props\":{\"image_position\":\"center-center\",\"media_overlay_gradient\":\"\"},\"children\":[]}]}]},{\"type\":\"section\",\"props\":{\"style\":\"default\",\"width\":\"default\",\"vertical_align\":\"middle\",\"title_position\":\"top-left\",\"title_rotation\":\"left\",\"title_breakpoint\":\"xl\",\"image_position\":\"center-center\"},\"children\":[{\"type\":\"row\",\"children\":[{\"type\":\"column\",\"props\":{\"image_position\":\"center-center\",\"media_overlay_gradient\":\"\"},\"children\":[{\"type\":\"text\",\"props\":{\"margin\":\"default\",\"column_breakpoint\":\"m\",\"content\":\"Moschato fait partie d\\u2019un domaine de 12.OOO m2 appartenant depuis plusieurs g\\u00e9n\\u00e9rations \\u00e0 notre famille. On y produit des amandes, des noix et des agrumes, comme des oranges, citrons, mandarines et pamplemousses. <\\\/br>On y trouve aussi des figuiers, des pommiers, des abricotiers et des avocatiers. \\nMoschato \\u00e9tait autrefois un vignoble, d\\u2019o\\u00f9 son nom qui est celui d\\u2019un c\\u00e9page r\\u00e9pandu en Gr\\u00e8ce.  Aujourd\\u2019hui c\\u2019est une oliveraie qui comporte environ 85 oliviers dont cinq au moins sont plus que centenaires. <\\\/br>\\nParmi ces derniers, deux, l\\u2019olivier de la Vierge Marie et l\\u2019olivier de Saint Andr\\u00e9 ont plus de 1200 ans. Ces vieux oliviers, qui se trouvaient sur nos terres, n\\u2019ont cependant pas toujours appartenu \\u00e0 la famille. Ils ont \\u00e9t\\u00e9 achet\\u00e9s il y a une cinquantaine d\\u2019ann\\u00e9es. <\\\/br>\\nLes oliviers plant\\u00e9s dans le domaine sont du type \\u00ab Coroni \\u00bb, un arbre dont la r\\u00e9colte est modeste mais dont le fruit donne une huile d\\u2019une excellente qualit\\u00e9. <\\\/br>\\n\",\"text_style\":\"lead\",\"dropcap\":true}}]}]}]},{\"type\":\"section\",\"props\":{\"style\":\"default\",\"width\":\"default\",\"vertical_align\":\"middle\",\"title_position\":\"top-left\",\"title_rotation\":\"left\",\"title_breakpoint\":\"xl\",\"image_position\":\"center-center\"},\"children\":[{\"type\":\"row\",\"children\":[{\"type\":\"column\",\"props\":{\"image_position\":\"center-center\",\"media_overlay_gradient\":\"\",\"width_medium\":\"1-4\"},\"children\":[{\"type\":\"headline\",\"props\":{\"title_element\":\"h2\",\"content\":\"NOTRE HUILE D\\u2019OLIVE\"}},{\"type\":\"text\",\"props\":{\"margin\":\"default\",\"column_breakpoint\":\"m\",\"content\":\"\n\n<p>Their ages vary from 600 to 1500 years old, but curiously and even though they were in our land, not all of them always belonged to us.<\\\/p>\\n\n\n<p>They were bought by the family at some point in the last fifty years.<\\\/p>\",\"dropcap\":true,\"text_style\":\"lead\"}}]},{\"type\":\"column\",\"props\":{\"image_position\":\"center-center\",\"media_overlay_gradient\":\"\",\"width_medium\":\"3-4\"},\"children\":[{\"type\":\"grid\",\"props\":{\"show_title\":true,\"show_meta\":true,\"show_content\":true,\"show_image\":true,\"show_link\":true,\"grid_default\":\"1\",\"grid_medium\":\"3\",\"filter_style\":\"tab\",\"filter_all\":false,\"filter_position\":\"top\",\"filter_align\":\"left\",\"filter_grid_width\":\"auto\",\"filter_grid_breakpoint\":\"m\",\"title_hover_style\":\"reset\",\"title_element\":\"h3\",\"title_align\":\"top\",\"title_grid_width\":\"1-2\",\"title_grid_breakpoint\":\"m\",\"meta_style\":\"meta\",\"meta_align\":\"below-title\",\"meta_element\":\"div\",\"content_column_breakpoint\":\"m\",\"icon_width\":80,\"image_align\":\"top\",\"image_grid_width\":\"1-2\",\"image_grid_breakpoint\":\"m\",\"image_svg_color\":\"emphasis\",\"link_text\":\"\",\"link_style\":\"default\",\"margin\":\"default\",\"item_animation\":\"\",\"lightbox\":true,\"panel_link\":false,\"lightbox_image_orientation\":false,\"lightbox_image_width\":\"\",\"lightbox_image_height\":\"\",\"image_width\":\"450\",\"image_height\":\"450\",\"filter\":true,\"image_link\":true,\"image_transition\":\"scale-up\",\"grid_column_gap\":\"small\",\"grid_row_gap\":\"small\"},\"children\":[{\"type\":\"grid_item\",\"props\":{\"title\":\"JOYANA's OLIVE TREE AD 450\",\"meta\":\"\",\"content\":\"\",\"image\":\"wp-content\\\/uploads\\\/2021\\\/04\\\/\\u0395\\u039b\\u0399\\u0391-\\u03a4\\u0397\\u03a3-\\u03a4\\u0396\\u039f\\u0393\\u0399\\u0391\\u039d\\u0391\\u03a3-AD-450-1.jpg\"}},{\"type\":\"grid_item\",\"props\":{\"title\":\"VIRGINIA's  OLIVE TREE AD 750\",\"meta\":\"\",\"content\":\"\",\"image\":\"wp-content\\\/uploads\\\/2021\\\/04\\\/\\u0395\\u039b\\u0399\\u0391-\\u03a4\\u0397\\u03a3-\\u0392\\u0399\\u03a1\\u0393\\u0397\\u039d\\u0399\\u0391\\u03a3-AD-750-.jpg\"}},{\"type\":\"grid_item\",\"props\":{\"title\":\"St ANDREAS OLIVE TREE AD 950\",\"meta\":\"\",\"content\":\"\",\"image\":\"wp-content\\\/uploads\\\/2021\\\/04\\\/\\u0395\\u039b\\u0399\\u0391-\\u03a4\\u039f\\u03a5-\\u0391\\u0393\\u0399\\u039f\\u03a5-\\u0391\\u039d\\u03a4\\u03a1\\u0395\\u0391-AD-950.jpg\"}},{\"type\":\"grid_item\",\"props\":{\"title\":\"HOLY MARY's  OLIVE TREE AD 1300\",\"meta\":\"\",\"content\":\"\",\"image\":\"wp-content\\\/uploads\\\/2021\\\/04\\\/\\u0395\\u039b\\u0399\\u0391-\\u03a4\\u0397\\u03a3-\\u03a0\\u0391\\u039d\\u0391\\u0393\\u0399\\u0391\\u03a3-AD-1300.jpg\"}},{\"type\":\"grid_item\",\"props\":{\"title\":\"LAOURA's OLIVE TREE AD 1400\",\"meta\":\"\",\"content\":\"\",\"image\":\"wp-content\\\/uploads\\\/2021\\\/04\\\/\\u0395\\u039b\\u0399\\u0391-\\u03a4\\u0397\\u03a3-\\u039b\\u0391\\u039f\\u03a5\\u03a1\\u0391\\u03a3-AD-1400.jpg\"}}]}]}],\"props\":{\"layout\":\"1-4,3-4\"}}]},{\"type\":\"section\",\"props\":{\"style\":\"default\",\"width\":\"default\",\"vertical_align\":\"middle\",\"title_position\":\"top-left\",\"title_rotation\":\"left\",\"title_breakpoint\":\"xl\",\"image_position\":\"center-center\"},\"children\":[{\"type\":\"row\",\"children\":[{\"type\":\"column\",\"props\":{\"image_position\":\"center-center\",\"media_overlay_gradient\":\"\",\"width_medium\":\"1-4\"},\"children\":[{\"type\":\"headline\",\"props\":{\"title_element\":\"h2\",\"content\":\"The Olive Grove\"}},{\"type\":\"text\",\"props\":{\"margin\":\"default\",\"column_breakpoint\":\"m\",\"content\":\"\n\n<p>The olive grove has been planted with olive trees of the Koroni variety, which give a low yield but produce superior quality oil.<\\\/p>\\n\n\n<p>Other trees include orange, lemon, tangerines and of course figs that you are welcome to pick and eat when they are in season.<\\\/p>\",\"text_style\":\"lead\",\"dropcap\":true}}]},{\"type\":\"column\",\"props\":{\"image_position\":\"center-center\",\"media_overlay_gradient\":\"\",\"width_medium\":\"3-4\"},\"children\":[{\"type\":\"gallery\",\"props\":{\"show_title\":true,\"show_meta\":true,\"show_content\":true,\"show_link\":true,\"show_hover_image\":true,\"grid_default\":\"2\",\"grid_medium\":\"3\",\"filter_style\":\"tab\",\"filter_all\":true,\"filter_position\":\"top\",\"filter_align\":\"left\",\"filter_grid_width\":\"auto\",\"filter_grid_breakpoint\":\"m\",\"overlay_mode\":\"cover\",\"overlay_hover\":true,\"overlay_style\":\"overlay-primary\",\"text_color\":\"light\",\"overlay_position\":\"center\",\"overlay_transition\":\"fade\",\"title_hover_style\":\"reset\",\"title_element\":\"h3\",\"meta_style\":\"meta\",\"meta_align\":\"below-title\",\"meta_element\":\"div\",\"link_text\":\"\",\"link_style\":\"default\",\"text_align\":\"center\",\"margin\":\"default\",\"item_animation\":\"\",\"grid_small\":\"2\",\"lightbox\":true,\"overlay_link\":true,\"image_width\":\"400\",\"image_height\":\"400\",\"grid_row_gap\":\"small\",\"grid_column_gap\":\"small\"},\"children\":[{\"type\":\"gallery_item\",\"props\":{\"image\":\"wp-content\\\/uploads\\\/2021\\\/04\\\/NIK_8511.jpg\"}},{\"type\":\"gallery_item\",\"props\":{\"image\":\"wp-content\\\/uploads\\\/2021\\\/04\\\/NIK_8471.jpg\"}},{\"type\":\"gallery_item\",\"props\":{\"image\":\"wp-content\\\/uploads\\\/2021\\\/04\\\/IMG_20210424_135606.jpg\"}},{\"type\":\"gallery_item\",\"props\":{\"image\":\"wp-content\\\/uploads\\\/2021\\\/04\\\/IMG_20210424_135544.jpg\"}},{\"type\":\"gallery_item\",\"props\":{\"image\":\"wp-content\\\/uploads\\\/2021\\\/04\\\/IMG_20210424_132852.jpg\"}},{\"type\":\"gallery_item\",\"props\":{\"image\":\"wp-content\\\/uploads\\\/2021\\\/04\\\/IMG_20210424_132725.jpg\"}},{\"type\":\"gallery_item\",\"props\":{\"image\":\"wp-content\\\/uploads\\\/2021\\\/04\\\/IMG_20210424_132611.jpg\"}},{\"type\":\"gallery_item\",\"props\":{\"image\":\"wp-content\\\/uploads\\\/2021\\\/04\\\/IMG_20210424_132539.jpg\"}}],\"modified\":\"2021-04-27T09:27:30.444Z\",\"name\":\"gallery kitchen\"}]}],\"props\":{\"layout\":\"1-4,3-4\"}}]},{\"type\":\"section\",\"props\":{\"style\":\"default\",\"width\":\"default\",\"vertical_align\":\"middle\",\"title_position\":\"top-left\",\"title_rotation\":\"left\",\"title_breakpoint\":\"xl\",\"image_position\":\"center-center\"},\"children\":[{\"type\":\"row\",\"children\":[{\"type\":\"column\",\"props\":{\"image_position\":\"center-center\",\"media_overlay_gradient\":\"\",\"width_medium\":\"1-4\"},\"children\":[{\"type\":\"headline\",\"props\":{\"title_element\":\"h2\",\"content\":\"NOTRE HUILE D\\u2019OLIVE\"}},{\"type\":\"text\",\"props\":{\"margin\":\"default\",\"column_breakpoint\":\"m\",\"content\":\"Tous les ans, nous r\\u00e9coltons les olives un mois avant leur pleine maturit\\u00e9. Elles sont press\\u00e9es \\u00e0 froid en centrifugeuse. L\\u2019huile ainsi produite est vierge et de tr\\u00e8s grande qualit\\u00e9. <\\\/br>\\nVous go\\u00fbterez sa tr\\u00e8s l\\u00e9g\\u00e8re amertume et sa saveur un peu piquante, deux caract\\u00e9ristiques de toute huile d\\u2019olive de qualit\\u00e9. Le bois \\u00e0 br\\u00fbler, que vous pouvez utiliser pour vos barbecues, est un produit secondaire de notre production d\\u2019huile.  <\\\/br>\\nDans notre corbeille de bienvenue, vous trouverez un \\u00e9chantillon de notre huile. Elle est disponible en bouteilles de 25cl et de 50cl, faciles \\u00e0 transporter et id\\u00e9ales comme souvenirs.\\n\",\"text_style\":\"lead\",\"dropcap\":true}},{\"type\":\"text\",\"props\":{\"margin\":\"default\",\"column_breakpoint\":\"m\",\"content\":\"\n\n<p>In our welcome basket you will find a sample of our olive oil. We also bottle our oil in 250ml and 500ml glass bottles suitable for travel and perfect souvenirs. Please just ask us about this.<\\\/p>\",\"text_style\":\"lead\"}}]},{\"type\":\"column\",\"props\":{\"image_position\":\"center-center\",\"media_overlay_gradient\":\"\",\"width_medium\":\"3-4\"},\"children\":[{\"type\":\"gallery\",\"props\":{\"show_title\":true,\"show_meta\":true,\"show_content\":true,\"show_link\":true,\"show_hover_image\":true,\"grid_default\":\"2\",\"grid_medium\":\"3\",\"filter_style\":\"tab\",\"filter_all\":true,\"filter_position\":\"top\",\"filter_align\":\"left\",\"filter_grid_width\":\"auto\",\"filter_grid_breakpoint\":\"m\",\"overlay_mode\":\"cover\",\"overlay_hover\":true,\"overlay_style\":\"overlay-primary\",\"text_color\":\"light\",\"overlay_position\":\"center\",\"overlay_transition\":\"fade\",\"title_hover_style\":\"reset\",\"title_element\":\"h3\",\"meta_style\":\"meta\",\"meta_align\":\"below-title\",\"meta_element\":\"div\",\"link_text\":\"\",\"link_style\":\"default\",\"text_align\":\"center\",\"margin\":\"default\",\"item_animation\":\"\",\"grid_small\":\"2\",\"lightbox\":true,\"overlay_link\":true,\"image_width\":\"400\",\"image_height\":\"400\",\"grid_row_gap\":\"small\",\"grid_column_gap\":\"small\"},\"children\":[{\"type\":\"gallery_item\",\"props\":{\"image\":\"wp-content\\\/uploads\\\/2021\\\/05\\\/moschato-estate-kefalonian-extra-virgin-oil.jpg\"}},{\"type\":\"gallery_item\",\"props\":{\"image\":\"wp-content\\\/uploads\\\/2021\\\/05\\\/V.-bread-olive-oil-healthy-delicious-mediterranean-oil-nutrition-white-dish.jpg\"}},{\"type\":\"gallery_item\",\"props\":{\"image\":\"wp-content\\\/uploads\\\/2021\\\/05\\\/olives-ready-to-be-cold-pressed.jpg\"}},{\"type\":\"gallery_item\",\"props\":{\"image\":\"wp-content\\\/uploads\\\/2021\\\/05\\\/olive-burning-bbq-wood.jpg\"}},{\"type\":\"gallery_item\",\"props\":{\"image\":\"wp-content\\\/uploads\\\/2021\\\/05\\\/blooming-olive-tree.jpg\"}},{\"type\":\"gallery_item\",\"props\":{\"image\":\"wp-content\\\/uploads\\\/2021\\\/05\\\/olive-wood.jpg\"}}],\"modified\":\"2021-04-27T09:27:30.444Z\",\"name\":\"gallery kitchen\"}]}],\"props\":{\"layout\":\"1-4,3-4\"}}]}],\"version\":\"2.3.30\"} --><\/p>\n","protected":false},"excerpt":{"rendered":"<p>Moschato fait partie d\u2019un domaine de 12.OOO m2 appartenant depuis plusieurs g\u00e9n\u00e9rations \u00e0 notre famille. On y produit des amandes, des noix et des agrumes, comme des oranges, citrons, mandarines et pamplemousses. On y trouve aussi des figuiers, des pommiers, des abricotiers et des avocatiers. Moschato \u00e9tait autrefois un vignoble, d\u2019o\u00f9 son nom qui est [&hellip;]<\/p>\n","protected":false},"author":1,"featured_media":0,"parent":0,"menu_order":0,"comment_status":"closed","ping_status":"closed","template":"","meta":[],"_links":{"self":[{"href":"https:\/\/moschatoestatevillas.com\/fr\/wp-json\/wp\/v2\/pages\/1473"}],"collection":[{"href":"https:\/\/moschatoestatevillas.com\/fr\/wp-json\/wp\/v2\/pages"}],"about":[{"href":"https:\/\/moschatoestatevillas.com\/fr\/wp-json\/wp\/v2\/types\/page"}],"author":[{"embeddable":true,"href":"https:\/\/moschatoestatevillas.com\/fr\/wp-json\/wp\/v2\/users\/1"}],"replies":[{"embeddable":true,"href":"https:\/\/moschatoestatevillas.com\/fr\/wp-json\/wp\/v2\/comments?post=1473"}],"version-history":[{"count":5,"href":"https:\/\/moschatoestatevillas.com\/fr\/wp-json\/wp\/v2\/pages\/1473\/revisions"}],"predecessor-version":[{"id":1578,"href":"https:\/\/moschatoestatevillas.com\/fr\/wp-json\/wp\/v2\/pages\/1473\/revisions\/1578"}],"wp:attachment":[{"href":"https:\/\/moschatoestatevillas.com\/fr\/wp-json\/wp\/v2\/media?parent=1473"}],"curies":[{"name":"wp","href":"https:\/\/api.w.org\/{rel}","templated":true}]}}