{"id":1468,"date":"2022-04-14T09:36:10","date_gmt":"2022-04-14T06:36:10","guid":{"rendered":"https:\/\/moschatoestatevillas.com\/?page_id=1468"},"modified":"2026-05-04T12:58:11","modified_gmt":"2026-05-04T09:58:11","slug":"accueil","status":"publish","type":"page","link":"https:\/\/moschatoestatevillas.com\/fr\/","title":{"rendered":"Home"},"content":{"rendered":"<ul>\n<li>\n<p>        <img src=\"\/wp-content\/uploads\/2022\/05\/B37A2369-2-scaled.jpg\" alt=\"\"><\/p>\n<p><a href=\"#offers\">consultez nos offres \u2193<\/a><\/p>\n<\/li>\n<li>\n<p>        <img src=\"\/wp-content\/uploads\/2022\/05\/B37A2454-scaled.jpg\" alt=\"\"><\/p>\n<p><a href=\"#offers\">consultez nos offres \u2193<\/a><\/p>\n<\/li>\n<li>\n<p>        <img src=\"\/wp-content\/uploads\/2022\/05\/B37A2518-scaled.jpg\" alt=\"\"><\/p>\n<\/li>\n<\/ul>\n<p><img src=\"\/wp-content\/uploads\/2024\/06\/wifi.png\" alt=\"\"><\/p>\n<h3>Adapt\u00e9 aux nomades num\u00e9riques<br \/>\n<\/h3>\n<div>Nous avons uni nos forces avec Starlink pour votre meilleur service et des vitesses allant jusqu&rsquo;\u00e0 250 Mbps. \u039ff course est une solution pour les nomades num\u00e9riques o\u00f9 ils doivent \u00eatre en ligne \u00e0 tout moment de la journ\u00e9e. Plongez dans le luxe pour la dur\u00e9e qui vous convient le mieux.<\/p>\n<\/div>\n<h3>Discover flexibility in paradise! While we typically require a minimum 7-night stay, we&rsquo;re now open to shorter escapes. Dive into luxury for the duration that suits you best.<\/h3>\n<h3>Offres sp\u00e9ciales court s\u00e9jour<\/h3>\n<h4>\n<p style=\"text-align: center;\"><strong>villa Joyana<br \/><\/strong><br \/>9 SEPTEMBRE<!--TgQPHd|[]--> \u2013 11\u00a0SEPTEMBRE<!--TgQPHd|[]--> <br \/>(S\u00c9JOUR DE 3 NUITS) 1020\u20ac<\/p>\n<p><\/p>\n<\/h4>\n<h4>\n<p><strong>villa Laura<br \/><\/strong><br \/>12 MAI<!--TgQPHd|[]--> \u2013 17 MAI<!--TgQPHd|[]--> <br \/>(S\u00c9JOUR DE 5 NUITS) 650\u20ac<\/p>\n<p>27 MAI<!--TgQPHd|[]--> \u2013 2 JUIN<!--TgQPHd|[]-->\u00a0<br \/>(S\u00c9JOUR DE 6 NUITS) 780\u20ac<\/p>\n<p>2 AO\u00dbT<!--TgQPHd|[]--> \u2013 8 AO\u00dbT<!--TgQPHd|[]--> <br \/>(S\u00c9JOUR DE 6 NUITS) 1800\u20ac<\/p>\n<p>29 AO\u00dbT<!--TgQPHd|[]--> \u2013 31 AO\u00dbT<!--TgQPHd|[]--> <br \/>(S\u00c9JOUR DE 3 NUITS) 750\u20ac<\/p>\n<p>21 SEPTEMBRE\u2013 24 SEPTEMBRE<br \/>(S\u00c9JOUR DE 3 NUITS) 600\u20ac<\/p>\n<\/h4>\n<h4>\n<p><strong>villa virginia<br \/><\/strong><br \/>29 MAI<!--TgQPHd|[]--> \u2013 26 JUIN<!--TgQPHd|[]--> <br \/>(S\u00c9JOUR DE 3 NUITS) 525\u20ac<\/p>\n<p>28 JUILLET<!--TgQPHd|[]--> \u2013 1 AO\u00dbT<!--TgQPHd|[]--> <br \/>(S\u00c9JOUR DE 4 NUITS) 1000\u20ac<\/p>\n<p>29 SEPTEMBRE<!--TgQPHd|[]--> \u2013 1 OCTOBRE<!--TgQPHd|[]--> <br \/>(S\u00c9JOUR DE 3 NUITS) 390\u20ac<\/p>\n<p><\/p>\n<\/h4>\n<h4>\n<p>contactez-nous :<br \/>moschatoestatevillas@gmail.com<\/p>\n<\/h4>\n<h4>EXPLOREZ LES AUTRES DISPONIBILIT\u00c9S<br \/>\n<\/h4>\n<ul>\n<li>\n        <a href=\"https:\/\/moschatoestatevillas.com\/fr\/villa-joyana\/#joyana\">Villa Joyana<\/a>\n    <\/li>\n<li>\n        <a href=\"https:\/\/moschatoestatevillas.com\/fr\/villa-laura\/#laoura\">Villa Laoura<\/a>\n    <\/li>\n<li>\n        <a href=\"https:\/\/moschatoestatevillas.com\/fr\/villa-virginia\/#virginia\">Villa Virginia<\/a>\n    <\/li>\n<\/ul>\n<div>\n<p>Moschato Estate Villas est situ\u00e9 dans une oliveraie de 4.500 m\u00e8tres carr\u00e9s \u00e0 la lisi\u00e8re du village de Svoronata. Les trois villas qui s\u2019y trouvent portent les noms de trois a\u00efeules de notre famille. Les oliviers plant\u00e9s dans le domaine sont du type \u00ab Coroni \u00bb, un arbre dont la r\u00e9colte est modeste mais dont le fruit donne une huile d\u2019une excellente qualit\u00e9. D\u2019autres arbres y poussent, des orangers, citronniers, mandariniers et bien s\u00fbr des figuiers. Vous pouvez cueillir leurs fruits selon les saisons. De Moschato Estate Villas, entour\u00e9 d\u2019oliviers et d\u2019un jardin avec des plantes aromatiques (lavandes, romarins, etc.), on a une vue sur les vignes et la campagne environnantes. \u00a0<\/p>\n<p>Svoranata, situ\u00e9 au sud-ouest de l\u2019\u00eele, \u00e0 9 km d\u2019Argostoli, sa capitale, est un village calme et pittoresque. Il est cependant proche de l\u2019a\u00e9roport, et de Lassi, haut lieu du tourisme, ainsi que de nombreuses grandes plages, comme A\u00ef Helis, Ammes, Avithos, Platys Gialos et Makrys Gialos. \u00a0<\/p>\n<p>\u00a0<\/p>\n<p>\u00a0<\/p>\n<p>\u00a0<\/p>\n<\/div>\n<p><a href=\"\/wp-content\/uploads\/2021\/09\/%CE%93%CE%84%CE%A3%CE%A5%CE%9D%CE%97%CE%9C%CE%9C%CE%95%CE%9D%CE%9F-%CE%99%CE%94%CE%A1%CE%A5%CE%A3%CE%97-%CE%9D%CE%95%CE%A9%CE%9D-%CE%A4%CE%9F%CE%A5%CE%A1%CE%99%CE%A3%CE%A4%CE%99%CE%9A%CE%A9%CE%9D-%CE%95%CE%A0%CE%99%CE%A7%CE%95%CE%99%CE%A1%CE%97%CE%A3%CE%95%CE%A9%CE%9D-%CE%99%CE%9F%CE%9D%CE%99%CE%A9%CE%9D-%CE%9D%CE%97%CE%A3%CE%A9%CE%9D-%CE%91%CE%93%CE%93%CE%9B%CE%99%CE%9A%CE%91-scaled.jpg\"><img src=\"\/wp-content\/uploads\/2021\/09\/banner.png\" alt=\"\"><\/a><\/p>\n<p><!-- {\"type\":\"layout\",\"children\":[{\"type\":\"section\",\"props\":{\"style\":\"default\",\"width\":\"\",\"vertical_align\":\"middle\",\"title_position\":\"top-left\",\"title_rotation\":\"left\",\"title_breakpoint\":\"xl\",\"image_position\":\"center-center\",\"padding_remove_horizontal\":true,\"padding_remove_top\":true,\"padding_remove_bottom\":false,\"header_transparent\":\"dark\",\"header_transparent_noplaceholder\":true},\"children\":[{\"type\":\"row\",\"children\":[{\"type\":\"column\",\"props\":{\"image_position\":\"center-center\",\"media_overlay_gradient\":\"\"},\"children\":[{\"type\":\"slideshow\",\"props\":{\"show_title\":true,\"show_meta\":true,\"show_content\":true,\"show_link\":true,\"show_thumbnail\":true,\"slideshow_min_height\":300,\"slideshow_autoplay_pause\":true,\"nav\":\"\",\"nav_position\":\"center-right\",\"nav_position_margin\":\"medium\",\"nav_align\":\"center\",\"nav_breakpoint\":\"s\",\"thumbnav_width\":\"100\",\"thumbnav_height\":\"75\",\"thumbnav_svg_color\":\"emphasis\",\"slidenav\":\"default\",\"slidenav_margin\":\"medium\",\"slidenav_breakpoint\":\"s\",\"slidenav_outside_breakpoint\":\"xl\",\"overlay_position\":\"bottom-right\",\"overlay_animation\":\"parallax\",\"title_element\":\"h3\",\"meta_style\":\"meta\",\"meta_align\":\"below-title\",\"meta_element\":\"div\",\"link_text\":\"Read more\",\"link_style\":\"default\",\"margin\":\"default\",\"slideshow_height\":\"full\",\"slideshow_kenburns\":\"\",\"slideshow_autoplay\":true,\"slideshow_animation\":\"fade\",\"slideshow_velocity\":\"0.2\",\"nav_vertical\":false,\"overlay_style\":\"overlay-default\"},\"children\":[{\"type\":\"slideshow_item\",\"props\":{\"image\":\"wp-content\\\/uploads\\\/2022\\\/05\\\/B37A2369-2-scaled.jpg\",\"link\":\"#offers\",\"link_text\":\"consultez nos offres \\u2193\"}},{\"type\":\"slideshow_item\",\"props\":{\"image\":\"wp-content\\\/uploads\\\/2022\\\/05\\\/B37A2454-scaled.jpg\",\"link\":\"#offers\",\"link_text\":\"consultez nos offres \\u2193\"}},{\"type\":\"slideshow_item\",\"props\":{\"image\":\"wp-content\\\/uploads\\\/2022\\\/05\\\/B37A2518-scaled.jpg\"}}]}]}]}]},{\"type\":\"section\",\"props\":{\"style\":\"secondary\",\"width\":\"small\",\"vertical_align\":\"middle\",\"title_position\":\"top-left\",\"title_rotation\":\"left\",\"title_breakpoint\":\"xl\",\"image_position\":\"center-center\"},\"children\":[{\"type\":\"row\",\"children\":[{\"type\":\"column\",\"props\":{\"image_position\":\"center-center\",\"media_overlay_gradient\":\"\"},\"children\":[{\"type\":\"image\",\"props\":{\"margin\":\"default\",\"image_svg_color\":\"emphasis\",\"image\":\"wp-content\\\/uploads\\\/2024\\\/06\\\/wifi.png\",\"text_align\":\"center\",\"image_height\":\"80\"}},{\"type\":\"headline\",\"props\":{\"title_element\":\"h3\",\"content\":\"Adapt\\u00e9 aux nomades num\\u00e9riques\\n\",\"text_align\":\"center\"}},{\"type\":\"text\",\"props\":{\"margin\":\"default\",\"column_breakpoint\":\"m\",\"content\":\"Nous avons uni nos forces avec Starlink pour votre meilleur service et des vitesses allant jusqu'\\u00e0 250 Mbps. \\u039ff course est une solution pour les nomades num\\u00e9riques o\\u00f9 ils doivent \\u00eatre en ligne \\u00e0 tout moment de la journ\\u00e9e. Plongez dans le luxe pour la dur\\u00e9e qui vous convient le mieux.\\n\\n\",\"text_style\":\"lead\",\"text_align\":\"center\"}}]}]}],\"name\":\"digital nomads\",\"modified\":\"2024-06-06T07:33:48.738Z\"},{\"type\":\"section\",\"props\":{\"style\":\"muted\",\"width\":\"default\",\"vertical_align\":\"middle\",\"title_position\":\"top-left\",\"title_rotation\":\"left\",\"title_breakpoint\":\"xl\",\"image_position\":\"center-center\"},\"children\":[{\"type\":\"row\",\"children\":[{\"type\":\"column\",\"props\":{\"image_position\":\"center-center\",\"media_overlay_gradient\":\"\"},\"children\":[{\"type\":\"headline\",\"props\":{\"title_element\":\"h3\",\"content\":\"Discover flexibility in paradise! While we typically require a minimum 7-night stay, we're now open to shorter escapes. Dive into luxury for the duration that suits you best.\",\"text_align\":\"center\",\"title_color\":\"secondary\"},\"modified\":\"2024-05-17T11:14:43.056Z\",\"name\":\"discover flexibility\"},{\"type\":\"headline\",\"props\":{\"title_element\":\"h3\",\"content\":\"Offres sp\\u00e9ciales court s\\u00e9jour\",\"text_align\":\"center\",\"title_color\":\"secondary\",\"title_style\":\"heading-small\",\"id\":\"offers\"}}]}]},{\"type\":\"row\",\"props\":{\"layout\":\"1-3,1-3,1-3\",\"divider\":true},\"children\":[{\"type\":\"column\",\"props\":{\"image_position\":\"center-center\",\"media_overlay_gradient\":\"\",\"width_medium\":\"1-3\"},\"children\":[{\"type\":\"headline\",\"props\":{\"title_element\":\"h4\",\"content\":\"\n\n<p style=\\\"text-align: center;\\\"><strong>villa Joyana<br \\\/><\\\/strong><br \\\/>9 SEPTEMBRE<!--TgQPHd|[]--> \\u2013 11\\u00a0SEPTEMBRE<!--TgQPHd|[]--> <br \\\/>(S\\u00c9JOUR DE 3 NUITS) 1020\\u20ac<br \\\/><br \\\/><br \\\/><\\\/p>\u00ab\u00a0,\u00a0\u00bbtext_align\u00a0\u00bb:\u00a0\u00bbcenter\u00a0\u00bb,\u00a0\u00bbtitle_color\u00a0\u00bb:\u00a0\u00bbsecondary\u00a0\u00bb,\u00a0\u00bbtitle_style\u00a0\u00bb:\u00a0\u00bbh3&Prime;}}]},{\u00ab\u00a0type\u00a0\u00bb:\u00a0\u00bbcolumn\u00a0\u00bb,\u00a0\u00bbprops\u00a0\u00bb:{\u00ab\u00a0image_position\u00a0\u00bb:\u00a0\u00bbcenter-center\u00a0\u00bb,\u00a0\u00bbmedia_overlay_gradient\u00a0\u00bb:\u00a0\u00bb\u00a0\u00bb,\u00a0\u00bbwidth_medium\u00a0\u00bb:\u00a0\u00bb1-3&Prime;},\u00a0\u00bbchildren\u00a0\u00bb:[{\u00ab\u00a0type\u00a0\u00bb:\u00a0\u00bbheadline\u00a0\u00bb,\u00a0\u00bbprops\u00a0\u00bb:{\u00ab\u00a0title_element\u00a0\u00bb:\u00a0\u00bbh4&Prime;,\u00a0\u00bbcontent\u00a0\u00bb:\u00a0\u00bb<\/p>\n<p><strong>villa Laura<br \\\/><\\\/strong><br \\\/>12 MAI<!--TgQPHd|[]--> \\u2013 17 MAI<!--TgQPHd|[]--> <br \\\/>(S\\u00c9JOUR DE 5 NUITS) 650\\u20ac<br \\\/><br \\\/>27 MAI<!--TgQPHd|[]--> \\u2013 2 JUIN<!--TgQPHd|[]-->\\u00a0<br \\\/>(S\\u00c9JOUR DE 6 NUITS) 780\\u20ac<br \\\/><br \\\/>2 AO\\u00dbT<!--TgQPHd|[]--> \\u2013 8 AO\\u00dbT<!--TgQPHd|[]--> <br \\\/>(S\\u00c9JOUR DE 6 NUITS) 1800\\u20ac<br \\\/><br \\\/>29 AO\\u00dbT<!--TgQPHd|[]--> \\u2013 31 AO\\u00dbT<!--TgQPHd|[]--> <br \\\/>(S\\u00c9JOUR DE 3 NUITS) 750\\u20ac<br \\\/><br \\\/>21 SEPTEMBRE\\u2013 24 SEPTEMBRE<br \\\/>(S\\u00c9JOUR DE 3 NUITS) 600\\u20ac<br \\\/><br \\\/><\\\/p>\u00ab\u00a0,\u00a0\u00bbtext_align\u00a0\u00bb:\u00a0\u00bbcenter\u00a0\u00bb,\u00a0\u00bbtitle_color\u00a0\u00bb:\u00a0\u00bbsecondary\u00a0\u00bb,\u00a0\u00bbtitle_style\u00a0\u00bb:\u00a0\u00bbh3&Prime;}}]},{\u00ab\u00a0type\u00a0\u00bb:\u00a0\u00bbcolumn\u00a0\u00bb,\u00a0\u00bbprops\u00a0\u00bb:{\u00ab\u00a0image_position\u00a0\u00bb:\u00a0\u00bbcenter-center\u00a0\u00bb,\u00a0\u00bbmedia_overlay_gradient\u00a0\u00bb:\u00a0\u00bb\u00a0\u00bb,\u00a0\u00bbwidth_medium\u00a0\u00bb:\u00a0\u00bb1-3&Prime;},\u00a0\u00bbchildren\u00a0\u00bb:[{\u00ab\u00a0type\u00a0\u00bb:\u00a0\u00bbheadline\u00a0\u00bb,\u00a0\u00bbprops\u00a0\u00bb:{\u00ab\u00a0title_element\u00a0\u00bb:\u00a0\u00bbh4&Prime;,\u00a0\u00bbcontent\u00a0\u00bb:\u00a0\u00bb<\/p>\n<p><strong>villa virginia<br \\\/><\\\/strong><br \\\/>29 MAI<!--TgQPHd|[]--> \\u2013 26 JUIN<!--TgQPHd|[]--> <br \\\/>(S\\u00c9JOUR DE 3 NUITS) 525\\u20ac<br \\\/><br \\\/>28 JUILLET<!--TgQPHd|[]--> \\u2013 1 AO\\u00dbT<!--TgQPHd|[]--> <br \\\/>(S\\u00c9JOUR DE 4 NUITS) 1000\\u20ac<br \\\/><br \\\/>29 SEPTEMBRE<!--TgQPHd|[]--> \\u2013 1 OCTOBRE<!--TgQPHd|[]--> <br \\\/>(S\\u00c9JOUR DE 3 NUITS) 390\\u20ac<br \\\/><br \\\/><br \\\/><br \\\/><br \\\/><\\\/p>\u00ab\u00a0,\u00a0\u00bbtext_align\u00a0\u00bb:\u00a0\u00bbcenter\u00a0\u00bb,\u00a0\u00bbtitle_color\u00a0\u00bb:\u00a0\u00bbsecondary\u00a0\u00bb,\u00a0\u00bbtitle_style\u00a0\u00bb:\u00a0\u00bbh3&Prime;}}]}]},{\u00ab\u00a0type\u00a0\u00bb:\u00a0\u00bbrow\u00a0\u00bb,\u00a0\u00bbchildren\u00a0\u00bb:[{\u00ab\u00a0type\u00a0\u00bb:\u00a0\u00bbcolumn\u00a0\u00bb,\u00a0\u00bbprops\u00a0\u00bb:{\u00ab\u00a0image_position\u00a0\u00bb:\u00a0\u00bbcenter-center\u00a0\u00bb,\u00a0\u00bbmedia_overlay_gradient\u00a0\u00bb:\u00a0\u00bb\u00a0\u00bb},\u00a0\u00bbchildren\u00a0\u00bb:[{\u00ab\u00a0type\u00a0\u00bb:\u00a0\u00bbheadline\u00a0\u00bb,\u00a0\u00bbprops\u00a0\u00bb:{\u00ab\u00a0title_element\u00a0\u00bb:\u00a0\u00bbh4&Prime;,\u00a0\u00bbcontent\u00a0\u00bb:\u00a0\u00bb<\/p>\n<p>contactez-nous :<br \\\/>moschatoestatevillas@gmail.com<\\\/p>\u00ab\u00a0,\u00a0\u00bbtext_align\u00a0\u00bb:\u00a0\u00bbcenter\u00a0\u00bb,\u00a0\u00bbtitle_color\u00a0\u00bb:\u00a0\u00bbsecondary\u00a0\u00bb,\u00a0\u00bbtitle_style\u00a0\u00bb:\u00a0\u00bbh3&Prime;}},{\u00ab\u00a0type\u00a0\u00bb:\u00a0\u00bbheadline\u00a0\u00bb,\u00a0\u00bbprops\u00a0\u00bb:{\u00ab\u00a0title_element\u00a0\u00bb:\u00a0\u00bbh4&Prime;,\u00a0\u00bbcontent\u00a0\u00bb:\u00a0\u00bbEXPLOREZ LES AUTRES DISPONIBILIT\\u00c9S\\n\u00a0\u00bb,\u00a0\u00bbtext_align\u00a0\u00bb:\u00a0\u00bbcenter\u00a0\u00bb,\u00a0\u00bbtitle_color\u00a0\u00bb:\u00a0\u00bbsecondary\u00a0\u00bb,\u00a0\u00bbtitle_style\u00a0\u00bb:\u00a0\u00bbh3&Prime;}},{\u00ab\u00a0type\u00a0\u00bb:\u00a0\u00bbbutton\u00a0\u00bb,\u00a0\u00bbprops\u00a0\u00bb:{\u00ab\u00a0grid_column_gap\u00a0\u00bb:\u00a0\u00bbsmall\u00a0\u00bb,\u00a0\u00bbgrid_row_gap\u00a0\u00bb:\u00a0\u00bbsmall\u00a0\u00bb,\u00a0\u00bbmargin\u00a0\u00bb:\u00a0\u00bbdefault\u00a0\u00bb,\u00a0\u00bbtext_align\u00a0\u00bb:\u00a0\u00bbcenter\u00a0\u00bb},\u00a0\u00bbchildren\u00a0\u00bb:[{\u00ab\u00a0type\u00a0\u00bb:\u00a0\u00bbbutton_item\u00a0\u00bb,\u00a0\u00bbprops\u00a0\u00bb:{\u00ab\u00a0button_style\u00a0\u00bb:\u00a0\u00bbsecondary\u00a0\u00bb,\u00a0\u00bbicon_align\u00a0\u00bb:\u00a0\u00bbleft\u00a0\u00bb,\u00a0\u00bbcontent\u00a0\u00bb:\u00a0\u00bbVilla Joyana\u00a0\u00bb,\u00a0\u00bblink\u00a0\u00bb:\u00a0\u00bbhttps:\\\/\\\/moschatoestatevillas.com\\\/fr\\\/villa-joyana\\\/#joyana\u00a0\u00bb}},{\u00ab\u00a0type\u00a0\u00bb:\u00a0\u00bbbutton_item\u00a0\u00bb,\u00a0\u00bbprops\u00a0\u00bb:{\u00ab\u00a0button_style\u00a0\u00bb:\u00a0\u00bbsecondary\u00a0\u00bb,\u00a0\u00bbicon_align\u00a0\u00bb:\u00a0\u00bbleft\u00a0\u00bb,\u00a0\u00bbcontent\u00a0\u00bb:\u00a0\u00bbVilla Laoura\u00a0\u00bb,\u00a0\u00bblink\u00a0\u00bb:\u00a0\u00bbhttps:\\\/\\\/moschatoestatevillas.com\\\/fr\\\/villa-laura\\\/#laoura\u00a0\u00bb}},{\u00ab\u00a0type\u00a0\u00bb:\u00a0\u00bbbutton_item\u00a0\u00bb,\u00a0\u00bbprops\u00a0\u00bb:{\u00ab\u00a0button_style\u00a0\u00bb:\u00a0\u00bbsecondary\u00a0\u00bb,\u00a0\u00bbicon_align\u00a0\u00bb:\u00a0\u00bbleft\u00a0\u00bb,\u00a0\u00bbcontent\u00a0\u00bb:\u00a0\u00bbVilla Virginia\u00a0\u00bb,\u00a0\u00bblink\u00a0\u00bb:\u00a0\u00bbhttps:\\\/\\\/moschatoestatevillas.com\\\/fr\\\/villa-virginia\\\/#virginia\u00a0\u00bb}}]}]}]}]},{\u00ab\u00a0type\u00a0\u00bb:\u00a0\u00bbsection\u00a0\u00bb,\u00a0\u00bbprops\u00a0\u00bb:{\u00ab\u00a0style\u00a0\u00bb:\u00a0\u00bbdefault\u00a0\u00bb,\u00a0\u00bbwidth\u00a0\u00bb:\u00a0\u00bbdefault\u00a0\u00bb,\u00a0\u00bbvertical_align\u00a0\u00bb:\u00a0\u00bbmiddle\u00a0\u00bb,\u00a0\u00bbtitle_position\u00a0\u00bb:\u00a0\u00bbtop-left\u00a0\u00bb,\u00a0\u00bbtitle_rotation\u00a0\u00bb:\u00a0\u00bbleft\u00a0\u00bb,\u00a0\u00bbtitle_breakpoint\u00a0\u00bb:\u00a0\u00bbxl\u00a0\u00bb,\u00a0\u00bbimage_position\u00a0\u00bb:\u00a0\u00bbcenter-center\u00a0\u00bb,\u00a0\u00bbheader_transparent\u00a0\u00bb:\u00a0\u00bbdark\u00a0\u00bb,\u00a0\u00bbheader_transparent_noplaceholder\u00a0\u00bb:true,\u00a0\u00bbpadding_remove_top\u00a0\u00bb:true,\u00a0\u00bbpadding_remove_bottom\u00a0\u00bb:true,\u00a0\u00bbpadding\u00a0\u00bb:\u00a0\u00bbnone\u00a0\u00bb},\u00a0\u00bbchildren\u00a0\u00bb:[{\u00ab\u00a0type\u00a0\u00bb:\u00a0\u00bbrow\u00a0\u00bb,\u00a0\u00bbchildren\u00a0\u00bb:[{\u00ab\u00a0type\u00a0\u00bb:\u00a0\u00bbcolumn\u00a0\u00bb,\u00a0\u00bbprops\u00a0\u00bb:{\u00ab\u00a0image_position\u00a0\u00bb:\u00a0\u00bbcenter-center\u00a0\u00bb,\u00a0\u00bbmedia_overlay_gradient\u00a0\u00bb:\u00a0\u00bb\u00a0\u00bb},\u00a0\u00bbchildren\u00a0\u00bb:[{\u00ab\u00a0type\u00a0\u00bb:\u00a0\u00bbtext\u00a0\u00bb,\u00a0\u00bbprops\u00a0\u00bb:{\u00ab\u00a0margin\u00a0\u00bb:\u00a0\u00bbdefault\u00a0\u00bb,\u00a0\u00bbcolumn_breakpoint\u00a0\u00bb:\u00a0\u00bbm\u00a0\u00bb,\u00a0\u00bbcontent\u00a0\u00bb:\u00a0\u00bb<\/p>\n<p>Moschato Estate Villas est situ\\u00e9 dans une oliveraie de 4.500 m\\u00e8tres carr\\u00e9s \\u00e0 la lisi\\u00e8re du village de Svoronata. Les trois villas qui s\\u2019y trouvent portent les noms de trois a\\u00efeules de notre famille. Les oliviers plant\\u00e9s dans le domaine sont du type \\u00ab Coroni \\u00bb, un arbre dont la r\\u00e9colte est modeste mais dont le fruit donne une huile d\\u2019une excellente qualit\\u00e9. D\\u2019autres arbres y poussent, des orangers, citronniers, mandariniers et bien s\\u00fbr des figuiers. Vous pouvez cueillir leurs fruits selon les saisons. De Moschato Estate Villas, entour\\u00e9 d\\u2019oliviers et d\\u2019un jardin avec des plantes aromatiques (lavandes, romarins, etc.), on a une vue sur les vignes et la campagne environnantes. \\u00a0<\\\/p>\\n<\/p>\n<p>Svoranata, situ\\u00e9 au sud-ouest de l\\u2019\\u00eele, \\u00e0 9 km d\\u2019Argostoli, sa capitale, est un village calme et pittoresque. Il est cependant proche de l\\u2019a\\u00e9roport, et de Lassi, haut lieu du tourisme, ainsi que de nombreuses grandes plages, comme A\\u00ef Helis, Ammes, Avithos, Platys Gialos et Makrys Gialos. \\u00a0<\\\/p>\\n<\/p>\n<p>\\u00a0<\\\/p>\\n<\/p>\n<p>\\u00a0<\\\/p>\\n<\/p>\n<p>\\u00a0<\\\/p>\u00ab\u00a0,\u00a0\u00bbdropcap\u00a0\u00bb:true,\u00a0\u00bbtext_style\u00a0\u00bb:\u00a0\u00bblead\u00a0\u00bb}}]}]}]},{\u00ab\u00a0type\u00a0\u00bb:\u00a0\u00bbsection\u00a0\u00bb,\u00a0\u00bbprops\u00a0\u00bb:{\u00ab\u00a0style\u00a0\u00bb:\u00a0\u00bbdefault\u00a0\u00bb,\u00a0\u00bbwidth\u00a0\u00bb:\u00a0\u00bbdefault\u00a0\u00bb,\u00a0\u00bbvertical_align\u00a0\u00bb:\u00a0\u00bbmiddle\u00a0\u00bb,\u00a0\u00bbtitle_position\u00a0\u00bb:\u00a0\u00bbtop-left\u00a0\u00bb,\u00a0\u00bbtitle_rotation\u00a0\u00bb:\u00a0\u00bbleft\u00a0\u00bb,\u00a0\u00bbtitle_breakpoint\u00a0\u00bb:\u00a0\u00bbxl\u00a0\u00bb,\u00a0\u00bbimage_position\u00a0\u00bb:\u00a0\u00bbcenter-center\u00a0\u00bb,\u00a0\u00bbclass\u00a0\u00bb:\u00a0\u00bbespa\u00a0\u00bb},\u00a0\u00bbchildren\u00a0\u00bb:[{\u00ab\u00a0type\u00a0\u00bb:\u00a0\u00bbrow\u00a0\u00bb,\u00a0\u00bbchildren\u00a0\u00bb:[{\u00ab\u00a0type\u00a0\u00bb:\u00a0\u00bbcolumn\u00a0\u00bb,\u00a0\u00bbprops\u00a0\u00bb:{\u00ab\u00a0image_position\u00a0\u00bb:\u00a0\u00bbcenter-center\u00a0\u00bb,\u00a0\u00bbmedia_overlay_gradient\u00a0\u00bb:\u00a0\u00bb\u00a0\u00bb},\u00a0\u00bbchildren\u00a0\u00bb:[{\u00ab\u00a0type\u00a0\u00bb:\u00a0\u00bbimage\u00a0\u00bb,\u00a0\u00bbprops\u00a0\u00bb:{\u00ab\u00a0margin\u00a0\u00bb:\u00a0\u00bbdefault\u00a0\u00bb,\u00a0\u00bbimage_svg_color\u00a0\u00bb:\u00a0\u00bbemphasis\u00a0\u00bb,\u00a0\u00bbimage\u00a0\u00bb:\u00a0\u00bbwp-content\\\/uploads\\\/2021\\\/09\\\/banner.png\u00a0\u00bb,\u00a0\u00bblink\u00a0\u00bb:\u00a0\u00bbwp-content\\\/uploads\\\/2021\\\/09\\\/\\u0393\\u0384\\u03a3\\u03a5\\u039d\\u0397\\u039c\\u039c\\u0395\\u039d\\u039f-\\u0399\\u0394\\u03a1\\u03a5\\u03a3\\u0397-\\u039d\\u0395\\u03a9\\u039d-\\u03a4\\u039f\\u03a5\\u03a1\\u0399\\u03a3\\u03a4\\u0399\\u039a\\u03a9\\u039d-\\u0395\\u03a0\\u0399\\u03a7\\u0395\\u0399\\u03a1\\u0397\\u03a3\\u0395\\u03a9\\u039d-\\u0399\\u039f\\u039d\\u0399\\u03a9\\u039d-\\u039d\\u0397\\u03a3\\u03a9\\u039d-\\u0391\\u0393\\u0393\\u039b\\u0399\\u039a\\u0391-scaled.jpg\u00a0\u00bb,\u00a0\u00bblink_target\u00a0\u00bb:\u00a0\u00bbblank\u00a0\u00bb,\u00a0\u00bbtext_align\u00a0\u00bb:\u00a0\u00bbcenter\u00a0\u00bb,\u00a0\u00bbclass\u00a0\u00bb:\u00a0\u00bb\u00a0\u00bb,\u00a0\u00bbimage_height\u00a0\u00bb:\u00a0\u00bb100px\u00a0\u00bb}}]}]}],\u00a0\u00bbmodified\u00a0\u00bb:\u00a0\u00bb2021-07-28T06:45:01.448Z\u00a0\u00bb,\u00a0\u00bbname\u00a0\u00bb:\u00a0\u00bbespa agglika\u00a0\u00bb}],\u00a0\u00bbversion\u00a0\u00bb:\u00a0\u00bb2.3.30&Prime;} &#8211;><\/p>\n","protected":false},"excerpt":{"rendered":"<p>consultez nos offres \u2193 consultez nos offres \u2193 Adapt\u00e9 aux nomades num\u00e9riques Nous avons uni nos forces avec Starlink pour votre meilleur service et des vitesses allant jusqu&rsquo;\u00e0 250 Mbps. \u039ff course est une solution pour les nomades num\u00e9riques o\u00f9 ils doivent \u00eatre en ligne \u00e0 tout moment de la journ\u00e9e. Plongez dans le luxe [&hellip;]<\/p>\n","protected":false},"author":1,"featured_media":0,"parent":0,"menu_order":0,"comment_status":"closed","ping_status":"closed","template":"","meta":[],"_links":{"self":[{"href":"https:\/\/moschatoestatevillas.com\/fr\/wp-json\/wp\/v2\/pages\/1468"}],"collection":[{"href":"https:\/\/moschatoestatevillas.com\/fr\/wp-json\/wp\/v2\/pages"}],"about":[{"href":"https:\/\/moschatoestatevillas.com\/fr\/wp-json\/wp\/v2\/types\/page"}],"author":[{"embeddable":true,"href":"https:\/\/moschatoestatevillas.com\/fr\/wp-json\/wp\/v2\/users\/1"}],"replies":[{"embeddable":true,"href":"https:\/\/moschatoestatevillas.com\/fr\/wp-json\/wp\/v2\/comments?post=1468"}],"version-history":[{"count":94,"href":"https:\/\/moschatoestatevillas.com\/fr\/wp-json\/wp\/v2\/pages\/1468\/revisions"}],"predecessor-version":[{"id":2619,"href":"https:\/\/moschatoestatevillas.com\/fr\/wp-json\/wp\/v2\/pages\/1468\/revisions\/2619"}],"wp:attachment":[{"href":"https:\/\/moschatoestatevillas.com\/fr\/wp-json\/wp\/v2\/media?parent=1468"}],"curies":[{"name":"wp","href":"https:\/\/api.w.org\/{rel}","templated":true}]}}