{"id":1409,"date":"2021-12-01T11:51:50","date_gmt":"2021-12-01T08:51:50","guid":{"rendered":"https:\/\/moschatoestatevillas.com\/?page_id=1409"},"modified":"2025-09-27T18:46:28","modified_gmt":"2025-09-27T15:46:28","slug":"home","status":"publish","type":"page","link":"https:\/\/moschatoestatevillas.com\/de\/","title":{"rendered":"Home"},"content":{"rendered":"<ul>\n<li>\n<p>        <img src=\"\/wp-content\/uploads\/2022\/05\/B37A2369-2-scaled.jpg\" alt=\"\"><\/p>\n<p><a href=\"#offers\">pr\u00fcfen Sie unsere Angebote \u2193 <\/a><\/p>\n<\/li>\n<li>\n<p>        <img src=\"\/wp-content\/uploads\/2022\/05\/B37A2454-scaled.jpg\" alt=\"\"><\/p>\n<p><a href=\"#offers\">pr\u00fcfen Sie unsere Angebote \u2193 <\/a><\/p>\n<\/li>\n<li>\n<p>        <img src=\"\/wp-content\/uploads\/2022\/05\/B37A2518-scaled.jpg\" alt=\"\"><\/p>\n<p><a href=\"#offers\">pr\u00fcfen Sie unsere Angebote \u2193 <\/a><\/p>\n<\/li>\n<\/ul>\n<p><img src=\"\/wp-content\/uploads\/2024\/06\/wifi.png\" alt=\"\"><\/p>\n<h3>Freundlich f\u00fcr digitale Nomaden<br \/>\n<\/h3>\n<div>Wir haben uns mit Starlink zusammengetan, um Ihnen den besten Service und Geschwindigkeiten von bis zu 250 Mbit\/s zu bieten. Nat\u00fcrlich handelt es sich um eine L\u00f6sung f\u00fcr digitale Nomaden, bei denen sie zu jeder Tageszeit online sein m\u00fcssen. Tauchen Sie ein in den Luxus f\u00fcr die Dauer, die am besten zu Ihnen passt.\n<\/div>\n<h3>PREISE F\u00dcR 2026 SIND AB SOFORT VERF\u00dcGBAR!<\/h3>\n<h3>Entdecken Sie die Flexibilit\u00e4t im Paradies! Normalerweise verlangen wir einen Mindestaufenthalt von 7 N\u00e4chten, jetzt sind wir aber auch f\u00fcr k\u00fcrzere Aufenthalte offen. Tauchen Sie f\u00fcr die Dauer, die Ihnen am besten passt, in den Luxus ein!<\/h3>\n<h1><strong>Kurzzeitaufenthalt verf\u00fcgbar \u2013 Sonderpreise jetzt erh\u00e4ltlich!<\/strong><\/h1>\n<h2><strong>VILLA JOYANA<\/strong><\/h2>\n<h2><strong>VILLA LAOURA<\/strong><\/h2>\n<h2><strong>VILLA VIRGINIA<\/strong><\/h2>\n<div>\n<p style=\"text-align: center;\">7 Oktober &#8211; 12 Oktober<br \/>\u00a0(5 Tage)\u00a0 640 \u20ac<\/p>\n<\/div>\n<h4>\n<p>Kontaktiere uns :<br \/><a href=\"mailto:moschatoestatevillas@gmail.com\">moschatoestatevillas@gmail.com<\/a><\/p>\n<\/h4>\n<h4>f\u00fcr andere Verf\u00fcgbarkeit<br \/>\n<\/h4>\n<ul>\n<li>\n        <a href=\"\/de\/villa-joyana\/#joyana\">Villa Joyana<\/a>\n    <\/li>\n<li>\n        <a href=\"\/de\/villa-laoura\/#laoura\">Villa Laoura<\/a>\n    <\/li>\n<li>\n        <a href=\"\/de\/villa-virginia\/#virginia\">Villa Virginia<\/a>\n    <\/li>\n<\/ul>\n<div>\n<p>Das Moschato Estate befindet sich in einem 4.500 m2 gro\u00dfen Olivenhain am Rande des Dorfes Svoronata. Das Anwesen umfasst 3 Villen, Joyana, Laura und Virginia, deren Namen von unserem Stammbaum inspiriert sind. Es ist Teil des gr\u00f6\u00dferen Familienbesitzes und irgendwann war es ein Weinberg, daher der Name Moschato<\/p>\n<p>Es gibt \u00fcber 80 Olivenb\u00e4ume auf dem Gel\u00e4nde, 5 von ihnen sind Jahrhunderte alt. Die Olivenb\u00e4ume von Heiligen Maria und Sankt Andreas sind \u00fcber 1200 Jahre alt.<\/p>\n<p>Das Hotel liegt auf dem Land, umgeben von Weinbergen und anderen Olivenhainen. Es ist ein stiller und ruhiger Ort, ideal f\u00fcr einen erholsamen Urlaub. Die Villen sind umgeben von Oliven-, Feigen- und Zitrusb\u00e4umen, auch Lavendel, Rosmarin und anderen niedrigen B\u00fcschen und Blumen.<\/p>\n<p>Das Moschato Estate ist nur 9 km von Argostoli, der Hauptstadt der Insel und in der N\u00e4he von sch\u00f6nen Str\u00e4nden wie Ai-Helis, Ammes, Avithos, Platis Gialos und Makris Gialos. Svoronata ist ein kleines, sch\u00f6nes, ruhiges Dorf mit einer interessanten Mischung aus lokaler und traditioneller Architektur, da viele H\u00e4user das Erdbeben von 1953 \u00fcberstanden haben.<\/p>\n<p>\u00a0<\/p>\n<p>\u00a0<\/p>\n<p>\u00a0<\/p>\n<p>\u00a0<\/p>\n<\/div>\n<p><a href=\"\/wp-content\/uploads\/2021\/09\/%CE%93%CE%84%CE%A3%CE%A5%CE%9D%CE%97%CE%9C%CE%9C%CE%95%CE%9D%CE%9F-%CE%99%CE%94%CE%A1%CE%A5%CE%A3%CE%97-%CE%9D%CE%95%CE%A9%CE%9D-%CE%A4%CE%9F%CE%A5%CE%A1%CE%99%CE%A3%CE%A4%CE%99%CE%9A%CE%A9%CE%9D-%CE%95%CE%A0%CE%99%CE%A7%CE%95%CE%99%CE%A1%CE%97%CE%A3%CE%95%CE%A9%CE%9D-%CE%99%CE%9F%CE%9D%CE%99%CE%A9%CE%9D-%CE%9D%CE%97%CE%A3%CE%A9%CE%9D-%CE%91%CE%93%CE%93%CE%9B%CE%99%CE%9A%CE%91-scaled.jpg\"><img src=\"\/wp-content\/uploads\/2021\/09\/banner.png\" alt=\"\"><\/a><\/p>\n<p><!-- {\"name\":\"22Home-En\",\"type\":\"layout\",\"children\":[{\"type\":\"section\",\"props\":{\"style\":\"default\",\"width\":\"\",\"vertical_align\":\"middle\",\"title_position\":\"top-left\",\"title_rotation\":\"left\",\"title_breakpoint\":\"xl\",\"image_position\":\"center-center\",\"padding_remove_horizontal\":true,\"padding_remove_top\":true,\"padding_remove_bottom\":false,\"header_transparent\":\"dark\",\"header_transparent_noplaceholder\":true},\"children\":[{\"type\":\"row\",\"children\":[{\"type\":\"column\",\"props\":{\"image_position\":\"center-center\",\"media_overlay_gradient\":\"\"},\"children\":[{\"type\":\"slideshow\",\"props\":{\"show_title\":true,\"show_meta\":true,\"show_content\":true,\"show_link\":true,\"show_thumbnail\":true,\"slideshow_min_height\":300,\"slideshow_autoplay_pause\":true,\"nav\":\"\",\"nav_position\":\"center-right\",\"nav_position_margin\":\"medium\",\"nav_align\":\"center\",\"nav_breakpoint\":\"s\",\"thumbnav_width\":\"100\",\"thumbnav_height\":\"75\",\"thumbnav_svg_color\":\"emphasis\",\"slidenav\":\"default\",\"slidenav_margin\":\"medium\",\"slidenav_breakpoint\":\"s\",\"slidenav_outside_breakpoint\":\"xl\",\"overlay_position\":\"bottom-right\",\"overlay_animation\":\"parallax\",\"title_element\":\"h3\",\"meta_style\":\"meta\",\"meta_align\":\"below-title\",\"meta_element\":\"div\",\"link_text\":\"Read more\",\"link_style\":\"default\",\"margin\":\"default\",\"slideshow_height\":\"full\",\"slideshow_kenburns\":\"\",\"slideshow_autoplay\":true,\"slideshow_animation\":\"fade\",\"slideshow_velocity\":\"0.2\",\"nav_vertical\":false,\"overlay_style\":\"overlay-default\"},\"children\":[{\"type\":\"slideshow_item\",\"props\":{\"image\":\"wp-content\\\/uploads\\\/2022\\\/05\\\/B37A2369-2-scaled.jpg\",\"link\":\"#offers\",\"link_text\":\"pr\\u00fcfen Sie unsere Angebote \\u2193 \"}},{\"type\":\"slideshow_item\",\"props\":{\"image\":\"wp-content\\\/uploads\\\/2022\\\/05\\\/B37A2454-scaled.jpg\",\"link\":\"#offers\",\"link_text\":\"pr\\u00fcfen Sie unsere Angebote \\u2193 \"}},{\"type\":\"slideshow_item\",\"props\":{\"image\":\"wp-content\\\/uploads\\\/2022\\\/05\\\/B37A2518-scaled.jpg\",\"link\":\"#offers\",\"link_text\":\"pr\\u00fcfen Sie unsere Angebote \\u2193 \"}}]}]}]}]},{\"type\":\"section\",\"props\":{\"style\":\"secondary\",\"width\":\"small\",\"vertical_align\":\"middle\",\"title_position\":\"top-left\",\"title_rotation\":\"left\",\"title_breakpoint\":\"xl\",\"image_position\":\"center-center\"},\"children\":[{\"type\":\"row\",\"children\":[{\"type\":\"column\",\"props\":{\"image_position\":\"center-center\",\"media_overlay_gradient\":\"\"},\"children\":[{\"type\":\"image\",\"props\":{\"margin\":\"default\",\"image_svg_color\":\"emphasis\",\"image\":\"wp-content\\\/uploads\\\/2024\\\/06\\\/wifi.png\",\"text_align\":\"center\",\"image_height\":\"80\"}},{\"type\":\"headline\",\"props\":{\"title_element\":\"h3\",\"content\":\"Freundlich f\\u00fcr digitale Nomaden\\n\",\"text_align\":\"center\"}},{\"type\":\"text\",\"props\":{\"margin\":\"default\",\"column_breakpoint\":\"m\",\"content\":\"Wir haben uns mit Starlink zusammengetan, um Ihnen den besten Service und Geschwindigkeiten von bis zu 250 Mbit\\\/s zu bieten. Nat\\u00fcrlich handelt es sich um eine L\\u00f6sung f\\u00fcr digitale Nomaden, bei denen sie zu jeder Tageszeit online sein m\\u00fcssen. Tauchen Sie ein in den Luxus f\\u00fcr die Dauer, die am besten zu Ihnen passt.\\n\",\"text_style\":\"lead\",\"text_align\":\"center\"}}]}]}],\"name\":\"digital nomads\",\"modified\":\"2024-06-06T07:33:48.738Z\"},{\"type\":\"section\",\"props\":{\"style\":\"muted\",\"width\":\"default\",\"vertical_align\":\"middle\",\"title_position\":\"top-left\",\"title_rotation\":\"left\",\"title_breakpoint\":\"xl\",\"image_position\":\"center-center\"},\"children\":[{\"type\":\"row\",\"children\":[{\"type\":\"column\",\"props\":{\"image_position\":\"center-center\",\"media_overlay_gradient\":\"\"},\"children\":[{\"type\":\"headline\",\"props\":{\"title_element\":\"h3\",\"content\":\"PREISE F\\u00dcR 2026 SIND AB SOFORT VERF\\u00dcGBAR!\",\"text_align\":\"center\",\"title_color\":\"secondary\",\"title_style\":\"heading-small\"},\"modified\":\"2024-05-17T11:14:43.056Z\",\"name\":\"discover flexibility\"},{\"type\":\"headline\",\"props\":{\"title_element\":\"h3\",\"content\":\"Entdecken Sie die Flexibilit\\u00e4t im Paradies! Normalerweise verlangen wir einen Mindestaufenthalt von 7 N\\u00e4chten, jetzt sind wir aber auch f\\u00fcr k\\u00fcrzere Aufenthalte offen. Tauchen Sie f\\u00fcr die Dauer, die Ihnen am besten passt, in den Luxus ein!\",\"text_align\":\"center\",\"title_color\":\"secondary\"},\"modified\":\"2024-05-17T11:14:43.056Z\",\"name\":\"discover flexibility\"},{\"type\":\"headline\",\"props\":{\"title_element\":\"h1\",\"content\":\"<strong>Kurzzeitaufenthalt verf\\u00fcgbar \\u2013 Sonderpreise jetzt erh\\u00e4ltlich!<\\\/strong>\",\"text_align\":\"center\",\"title_color\":\"secondary\"}}]}]},{\"type\":\"row\",\"props\":{\"layout\":\"1-3,1-3,1-3\"},\"children\":[{\"type\":\"column\",\"props\":{\"image_position\":\"center-center\",\"media_overlay_gradient\":\"\",\"width_medium\":\"1-3\"},\"children\":[{\"type\":\"headline\",\"props\":{\"title_element\":\"h2\",\"content\":\"<strong>VILLA JOYANA<\\\/strong>\",\"title_color\":\"secondary\",\"title_font_family\":\"primary\",\"text_align\":\"center\"}},{\"type\":\"text\",\"props\":{\"margin\":\"default\",\"column_breakpoint\":\"m\",\"content\":\"\",\"text_color\":\"secondary\",\"text_style\":\"lead\"}}]},{\"type\":\"column\",\"props\":{\"image_position\":\"center-center\",\"media_overlay_gradient\":\"\",\"width_medium\":\"1-3\"},\"children\":[{\"type\":\"headline\",\"props\":{\"title_element\":\"h2\",\"content\":\"<strong>VILLA LAOURA<\\\/strong>\",\"title_color\":\"secondary\",\"title_font_family\":\"primary\",\"text_align\":\"center\"}},{\"type\":\"text\",\"props\":{\"margin\":\"default\",\"column_breakpoint\":\"m\",\"content\":\"\",\"text_style\":\"lead\",\"text_color\":\"secondary\"}}]},{\"type\":\"column\",\"props\":{\"image_position\":\"center-center\",\"media_overlay_gradient\":\"\",\"width_medium\":\"1-3\"},\"children\":[{\"type\":\"headline\",\"props\":{\"title_element\":\"h2\",\"content\":\"<strong>VILLA VIRGINIA<\\\/strong>\",\"title_color\":\"secondary\",\"title_font_family\":\"primary\",\"text_align\":\"center\"}},{\"type\":\"text\",\"props\":{\"margin\":\"default\",\"column_breakpoint\":\"m\",\"content\":\"\n\n<p style=\\\"text-align: center;\\\">7 Oktober - 12 Oktober<br \\\/>\\u00a0(5 Tage)\\u00a0 640 \\u20ac<\\\/p>\",\"text_style\":\"lead\",\"text_color\":\"secondary\"}}]}]},{\"type\":\"row\",\"children\":[{\"type\":\"column\",\"props\":{\"image_position\":\"center-center\",\"media_overlay_gradient\":\"\"},\"children\":[{\"type\":\"headline\",\"props\":{\"title_element\":\"h4\",\"content\":\"\n\n<p>Kontaktiere uns :<br \\\/><a href=\\\"mailto:moschatoestatevillas@gmail.com\\\">moschatoestatevillas@gmail.com<\\\/a><\\\/p>\",\"text_align\":\"center\",\"title_color\":\"secondary\",\"title_style\":\"h3\"}},{\"type\":\"headline\",\"props\":{\"title_element\":\"h4\",\"content\":\"f\\u00fcr andere Verf\\u00fcgbarkeit\\n\",\"text_align\":\"center\",\"title_color\":\"secondary\",\"title_style\":\"h3\"}},{\"type\":\"button\",\"props\":{\"grid_column_gap\":\"small\",\"grid_row_gap\":\"small\",\"margin\":\"default\",\"text_align\":\"center\"},\"children\":[{\"type\":\"button_item\",\"props\":{\"button_style\":\"secondary\",\"icon_align\":\"left\",\"content\":\"Villa Joyana\",\"link\":\"de\\\/villa-joyana\\\/#joyana\"}},{\"type\":\"button_item\",\"props\":{\"button_style\":\"secondary\",\"icon_align\":\"left\",\"content\":\"Villa Laoura\",\"link\":\"de\\\/villa-laoura\\\/#laoura\"}},{\"type\":\"button_item\",\"props\":{\"button_style\":\"secondary\",\"icon_align\":\"left\",\"content\":\"Villa Virginia\",\"link\":\"de\\\/villa-virginia\\\/#virginia\"}}]}]}]}]},{\"type\":\"section\",\"props\":{\"style\":\"default\",\"width\":\"default\",\"vertical_align\":\"middle\",\"title_position\":\"top-left\",\"title_rotation\":\"left\",\"title_breakpoint\":\"xl\",\"image_position\":\"center-center\",\"header_transparent\":\"dark\",\"header_transparent_noplaceholder\":true,\"padding_remove_top\":true,\"padding_remove_bottom\":true,\"padding\":\"none\"},\"children\":[{\"type\":\"row\",\"children\":[{\"type\":\"column\",\"props\":{\"image_position\":\"center-center\",\"media_overlay_gradient\":\"\"},\"children\":[{\"type\":\"text\",\"props\":{\"margin\":\"default\",\"column_breakpoint\":\"m\",\"content\":\"\n\n<p>Das Moschato Estate befindet sich in einem 4.500 m2 gro\\u00dfen Olivenhain am Rande des Dorfes Svoronata. Das Anwesen umfasst 3 Villen, Joyana, Laura und Virginia, deren Namen von unserem Stammbaum inspiriert sind. Es ist Teil des gr\\u00f6\\u00dferen Familienbesitzes und irgendwann war es ein Weinberg, daher der Name Moschato<\\\/p>\\n\n\n<p>Es gibt \\u00fcber 80 Olivenb\\u00e4ume auf dem Gel\\u00e4nde, 5 von ihnen sind Jahrhunderte alt. Die Olivenb\\u00e4ume von Heiligen Maria und Sankt Andreas sind \\u00fcber 1200 Jahre alt.<\\\/p>\\n\n\n<p>Das Hotel liegt auf dem Land, umgeben von Weinbergen und anderen Olivenhainen. Es ist ein stiller und ruhiger Ort, ideal f\\u00fcr einen erholsamen Urlaub. Die Villen sind umgeben von Oliven-, Feigen- und Zitrusb\\u00e4umen, auch Lavendel, Rosmarin und anderen niedrigen B\\u00fcschen und Blumen.<\\\/p>\\n\n\n<p>Das Moschato Estate ist nur 9 km von Argostoli, der Hauptstadt der Insel und in der N\\u00e4he von sch\\u00f6nen Str\\u00e4nden wie Ai-Helis, Ammes, Avithos, Platis Gialos und Makris Gialos. Svoronata ist ein kleines, sch\\u00f6nes, ruhiges Dorf mit einer interessanten Mischung aus lokaler und traditioneller Architektur, da viele H\\u00e4user das Erdbeben von 1953 \\u00fcberstanden haben.<\\\/p>\\n\n\n<p>\\u00a0<\\\/p>\\n\n\n<p>\\u00a0<\\\/p>\\n\n\n<p>\\u00a0<\\\/p>\\n\n\n<p>\\u00a0<\\\/p>\",\"dropcap\":true,\"text_style\":\"lead\"}}]}]}]},{\"type\":\"section\",\"props\":{\"style\":\"default\",\"width\":\"default\",\"vertical_align\":\"middle\",\"title_position\":\"top-left\",\"title_rotation\":\"left\",\"title_breakpoint\":\"xl\",\"image_position\":\"center-center\",\"class\":\"espa\"},\"children\":[{\"type\":\"row\",\"children\":[{\"type\":\"column\",\"props\":{\"image_position\":\"center-center\",\"media_overlay_gradient\":\"\"},\"children\":[{\"type\":\"image\",\"props\":{\"margin\":\"default\",\"image_svg_color\":\"emphasis\",\"image\":\"wp-content\\\/uploads\\\/2021\\\/09\\\/banner.png\",\"link\":\"wp-content\\\/uploads\\\/2021\\\/09\\\/\\u0393\\u0384\\u03a3\\u03a5\\u039d\\u0397\\u039c\\u039c\\u0395\\u039d\\u039f-\\u0399\\u0394\\u03a1\\u03a5\\u03a3\\u0397-\\u039d\\u0395\\u03a9\\u039d-\\u03a4\\u039f\\u03a5\\u03a1\\u0399\\u03a3\\u03a4\\u0399\\u039a\\u03a9\\u039d-\\u0395\\u03a0\\u0399\\u03a7\\u0395\\u0399\\u03a1\\u0397\\u03a3\\u0395\\u03a9\\u039d-\\u0399\\u039f\\u039d\\u0399\\u03a9\\u039d-\\u039d\\u0397\\u03a3\\u03a9\\u039d-\\u0391\\u0393\\u0393\\u039b\\u0399\\u039a\\u0391-scaled.jpg\",\"link_target\":\"blank\",\"text_align\":\"center\",\"class\":\"\",\"image_height\":\"80px\"}}]}]}],\"modified\":\"2021-07-28T06:45:01.448Z\",\"name\":\"espa agglika\"}],\"version\":\"2.3.30\"} --><\/p>\n","protected":false},"excerpt":{"rendered":"<p>pr\u00fcfen Sie unsere Angebote \u2193 pr\u00fcfen Sie unsere Angebote \u2193 pr\u00fcfen Sie unsere Angebote \u2193 Freundlich f\u00fcr digitale Nomaden Wir haben uns mit Starlink zusammengetan, um Ihnen den besten Service und Geschwindigkeiten von bis zu 250 Mbit\/s zu bieten. Nat\u00fcrlich handelt es sich um eine L\u00f6sung f\u00fcr digitale Nomaden, bei denen sie zu jeder Tageszeit [&hellip;]<\/p>\n","protected":false},"author":1,"featured_media":0,"parent":0,"menu_order":0,"comment_status":"closed","ping_status":"closed","template":"","meta":[],"_links":{"self":[{"href":"https:\/\/moschatoestatevillas.com\/de\/wp-json\/wp\/v2\/pages\/1409"}],"collection":[{"href":"https:\/\/moschatoestatevillas.com\/de\/wp-json\/wp\/v2\/pages"}],"about":[{"href":"https:\/\/moschatoestatevillas.com\/de\/wp-json\/wp\/v2\/types\/page"}],"author":[{"embeddable":true,"href":"https:\/\/moschatoestatevillas.com\/de\/wp-json\/wp\/v2\/users\/1"}],"replies":[{"embeddable":true,"href":"https:\/\/moschatoestatevillas.com\/de\/wp-json\/wp\/v2\/comments?post=1409"}],"version-history":[{"count":138,"href":"https:\/\/moschatoestatevillas.com\/de\/wp-json\/wp\/v2\/pages\/1409\/revisions"}],"predecessor-version":[{"id":3041,"href":"https:\/\/moschatoestatevillas.com\/de\/wp-json\/wp\/v2\/pages\/1409\/revisions\/3041"}],"wp:attachment":[{"href":"https:\/\/moschatoestatevillas.com\/de\/wp-json\/wp\/v2\/media?parent=1409"}],"curies":[{"name":"wp","href":"https:\/\/api.w.org\/{rel}","templated":true}]}}