{"id":1362,"date":"2021-12-01T10:57:41","date_gmt":"2021-12-01T07:57:41","guid":{"rendered":"https:\/\/moschatoestatevillas.com\/?page_id=1362"},"modified":"2021-12-01T11:03:45","modified_gmt":"2021-12-01T08:03:45","slug":"das-gebiet","status":"publish","type":"page","link":"https:\/\/moschatoestatevillas.com\/de\/das-gebiet\/","title":{"rendered":"Area"},"content":{"rendered":"<ul>\n<li>\n<p>        <img src=\"\/wp-content\/uploads\/2021\/04\/20210316_152427.jpg\" alt=\"\"><\/p>\n<\/li>\n<li>\n<p>        <img src=\"\/wp-content\/uploads\/2021\/04\/20210314_131516-scaled.jpg\" alt=\"\"><\/p>\n<\/li>\n<li>\n<p>        <img src=\"\/wp-content\/uploads\/2021\/04\/kastro-agiou-georgiou-01.jpg\" alt=\"\"><\/p>\n<\/li>\n<li>\n<p>        <img src=\"\/wp-content\/uploads\/2021\/04\/kastro-agiou-georgiou-12.jpg\" alt=\"\"><\/p>\n<\/li>\n<li>\n<p>        <img src=\"\/wp-content\/uploads\/2021\/04\/kastro-agiou-georgiou-10.jpg\" alt=\"\"><\/p>\n<\/li>\n<li>\n<p>        <img src=\"\/wp-content\/uploads\/2021\/04\/4.iera-moni-agiou-apostolou-andrea-milapidias-12.jpg\" alt=\"\"><\/p>\n<\/li>\n<li>\n<p>        <img src=\"\/wp-content\/uploads\/2021\/04\/6.-iera-moni-agiou-apostolou-andrea-milapidias-15.jpg\" alt=\"\"><\/p>\n<\/li>\n<li>\n<p>        <img src=\"\/wp-content\/uploads\/2021\/04\/KefaloniaMoniSission.jpg\" alt=\"\"><\/p>\n<\/li>\n<li>\n<p>        <img src=\"\/wp-content\/uploads\/2021\/05\/DSC_4783-1.jpg\" alt=\"\"><\/p>\n<\/li>\n<li>\n<p>        <img src=\"\/wp-content\/uploads\/2021\/05\/DSC_5135.jpg\" alt=\"\"><\/p>\n<\/li>\n<li>\n<p>        <img src=\"\/wp-content\/uploads\/2021\/05\/Photo_6554589_DJI_989_jpg_4270342_0_20215915026_photo_original-1.jpg\" alt=\"\"><\/p>\n<\/li>\n<li>\n<p>        <img src=\"\/wp-content\/uploads\/2021\/05\/Photo_6554596_DJI_996_jpg_4132246_0_20215915150_photo_original-2.jpg\" alt=\"\"><\/p>\n<\/li>\n<li>\n<p>        <img src=\"\/wp-content\/uploads\/2021\/05\/20210114_115541-1.jpg\" alt=\"\"><\/p>\n<\/li>\n<li>\n<p>        <img src=\"\/wp-content\/uploads\/2021\/05\/20210124_163535-1.jpg\" alt=\"\"><\/p>\n<\/li>\n<li>\n<p>        <img src=\"\/wp-content\/uploads\/2021\/05\/20210503_134823-1.jpg\" alt=\"\"><\/p>\n<\/li>\n<li>\n<p>        <img src=\"\/wp-content\/uploads\/2021\/05\/DJI_0244.jpg\" alt=\"\"><\/p>\n<\/li>\n<li>\n<p>        <img src=\"\/wp-content\/uploads\/2021\/05\/DJI_0693-1.jpg\" alt=\"\"><\/p>\n<\/li>\n<li>\n<p>        <img src=\"\/wp-content\/uploads\/2021\/05\/DJI_0766-2.jpg\" alt=\"\"><\/p>\n<\/li>\n<li>\n<p>        <img src=\"\/wp-content\/uploads\/2021\/05\/DJI_0843-1.jpg\" alt=\"\"><\/p>\n<\/li>\n<li>\n<p>        <img src=\"\/wp-content\/uploads\/2021\/05\/DJI_0872-3.jpg\" alt=\"\"><\/p>\n<\/li>\n<li>\n<p>        <img src=\"\/wp-content\/uploads\/2021\/05\/DJI_0998.jpg\" alt=\"\"><\/p>\n<\/li>\n<li>\n<p>        <img src=\"\/wp-content\/uploads\/2021\/05\/DSC_4286.jpg\" alt=\"\"><\/p>\n<\/li>\n<\/ul>\n<h1>The area<\/h1>\n<div>\n<p>Das Moschato Estate befindet sich in der Region Livathos im S\u00fcden von Kefalonia. Es ist der Geburtsort der gro\u00dfen Wohlt\u00e4ter von Kefalonia. Es ist mit wundersch\u00f6nen Str\u00e4nden wie Ai-Helis, Avythos, Ammes, Agios Thomas, Trapezaki, Lourdas und anderen gesegnet.<\/p>\n<p>Die Gegend hat eine F\u00fclle an historischen Denkm\u00e4lern zu besichtigen, darunter die mykenischen Gew\u00f6lbegr\u00e4ber in Mazarakata und die beeindruckende Burg von St.Georg, die fr\u00fcher die Hauptstadt der Insel war. Andere sind die malerischen und friedlichen Kl\u00f6ster von St. Andreas in Peratata und auch das Kloster von Sission, das angeblich vom Heiligen Franz von Asizis gegr\u00fcndet wurde. Die gr\u00fcnen D\u00f6rfer von Livathos wurden von den Menschen des Meeres gebaut, das die Hauptbesch\u00e4ftigung der Einwohner war. Die Insel von Zeus liegt nur eine halbe Meile vom Ufer entfernt. Hundert Stufen f\u00fchren zu einer Kirche, die auf den Ruinen des Zeustempels erbaut wurde. Die Kirche der Panagia Diotissa.<\/p>\n<\/div>\n<h2>\n<p>Entfernungen<\/p>\n<\/h2>\n<div>\n<p>Das Anwesen liegt strategisch g\u00fcnstig, 3,2 Km vom Flughafen und 9,8 Km von Argostoli entfernt.<\/p>\n<\/div>\n<h3>\n<p>D\u00f6rfer in der N\u00e4he<\/p>\n<\/h3>\n<ul>\n<li>\n<h3>Svoronata<\/h3>\n<div>1.1 km<\/p>\n<\/div>\n<\/li>\n<li>\n<h3>Domata<\/h3>\n<div>850 m<\/p>\n<\/div>\n<\/li>\n<li>\n<h3>Kourkoumelata <\/h3>\n<div>1.9 km<\/p>\n<\/div>\n<\/li>\n<\/ul>\n<h3>\n<p>Sehensw\u00fcrdigkeiten<\/p>\n<\/h3>\n<ul>\n<li>\n<h3>Burg von St. Georg : <\/h3>\n<div>7.6 Km<\/p>\n<\/div>\n<\/li>\n<li>\n<h3>Kloster von St. Andreas <\/h3>\n<div>5.0 Km<\/p>\n<\/div>\n<\/li>\n<li>\n<h3>Kloster von Sissia<\/h3>\n<div>19.0 Km<\/p>\n<\/div>\n<\/li>\n<li>\n<h3>Mykenische Gew\u00f6lbegr\u00e4ber in Mazarakata<\/h3>\n<div>4.4 Km<\/p>\n<\/div>\n<\/li>\n<\/ul>\n<h3>\n<p>Minim\u00e4rkte in der N\u00e4he<\/p>\n<\/h3>\n<ul>\n<li>\n<h3>Sagitarius <\/h3>\n<div>650 m<\/p>\n<\/div>\n<\/li>\n<li>\n<h3>Tiritompas <\/h3>\n<div>2,5 Km<\/p>\n<\/div>\n<\/li>\n<li>\n<h3>Kourkoumelata <\/h3>\n<div>1.9 km<\/p>\n<\/div>\n<\/li>\n<\/ul>\n<h3>\n<p>Restaurants in der N\u00e4he<\/p>\n<\/h3>\n<ul>\n<li>\n<h3>Esperides <\/h3>\n<div>260 m<\/p>\n<\/div>\n<\/li>\n<li>\n<h3>Dum Spiro Spero<\/h3>\n<div>\u00a0750 m<\/p>\n<\/div>\n<\/li>\n<li>\n<h3>Fois restaurant <\/h3>\n<div>950 m<\/p>\n<\/div>\n<\/li>\n<li>\n<h3>To Enetiko <\/h3>\n<div>1.6 Km<\/p>\n<\/div>\n<\/li>\n<li>\n<h3>Avithos Preview Tavern <\/h3>\n<div>1.6 Km<\/p>\n<\/div>\n<\/li>\n<li>\n<h3>O Milos <\/h3>\n<div>2.0 Km<\/p>\n<\/div>\n<\/li>\n<li>\n<h3>La Calma <\/h3>\n<div>1.1 Km<\/p>\n<\/div>\n<\/li>\n<li>\n<h3>Acropolis dinner <\/h3>\n<div>1.1 Km<\/p>\n<\/div>\n<\/li>\n<\/ul>\n<h3>\n<p>Str\u00e4nde in der N\u00e4he<\/p>\n<\/h3>\n<ul>\n<li>\n<h3>Ai Helis <\/h3>\n<div>950 m<\/p>\n<\/div>\n<\/li>\n<li>\n<h3>Ammes <\/h3>\n<div>2.1 Km<\/p>\n<\/div>\n<\/li>\n<li>\n<h3>Avithos <\/h3>\n<div>1.6 Km<\/p>\n<\/div>\n<\/li>\n<li>\n<h3>Spasmata <\/h3>\n<div>4.5 Km<\/p>\n<\/div>\n<\/li>\n<li>\n<h3>Megali Ammos <\/h3>\n<div>4.0 Km<\/p>\n<\/div>\n<\/li>\n<li>\n<h3>Spartia beach <\/h3>\n<div>5.9 Km<\/p>\n<\/div>\n<\/li>\n<li>\n<h3>Trapezaki <\/h3>\n<div>10 Km<\/p>\n<\/div>\n<\/li>\n<li>\n<h3>Lourdas <\/h3>\n<div>13 Km<\/p>\n<\/div>\n<\/li>\n<\/ul>\n<div>\n<p>38.1094,20.5274<\/p>\n<\/div>\n<p><!-- {\"type\":\"layout\",\"children\":[{\"type\":\"section\",\"props\":{\"style\":\"default\",\"width\":\"\",\"vertical_align\":\"middle\",\"title_position\":\"top-left\",\"title_rotation\":\"left\",\"title_breakpoint\":\"xl\",\"image_position\":\"center-center\",\"padding_remove_horizontal\":true,\"padding_remove_top\":true,\"padding_remove_bottom\":true,\"header_transparent\":\"light\",\"header_transparent_noplaceholder\":true,\"image\":\"\"},\"children\":[{\"type\":\"row\",\"children\":[{\"type\":\"column\",\"props\":{\"image_position\":\"center-center\",\"media_overlay_gradient\":\"\"},\"children\":[{\"type\":\"slideshow\",\"props\":{\"show_title\":true,\"show_meta\":true,\"show_content\":true,\"show_link\":true,\"show_thumbnail\":true,\"slideshow_min_height\":300,\"slideshow_autoplay_pause\":true,\"nav\":\"dotnav\",\"nav_position\":\"bottom-center\",\"nav_position_margin\":\"medium\",\"nav_align\":\"center\",\"nav_breakpoint\":\"s\",\"thumbnav_width\":\"100\",\"thumbnav_height\":\"75\",\"thumbnav_svg_color\":\"emphasis\",\"slidenav\":\"default\",\"slidenav_margin\":\"medium\",\"slidenav_breakpoint\":\"s\",\"slidenav_outside_breakpoint\":\"xl\",\"overlay_position\":\"center-left\",\"overlay_animation\":\"parallax\",\"title_element\":\"h3\",\"meta_style\":\"meta\",\"meta_align\":\"below-title\",\"meta_element\":\"div\",\"link_text\":\"Read more\",\"link_style\":\"default\",\"margin\":\"default\",\"slideshow_height\":\"full\"},\"children\":[{\"type\":\"slideshow_item\",\"props\":{\"image\":\"wp-content\\\/uploads\\\/2021\\\/04\\\/20210316_152427.jpg\"}},{\"type\":\"slideshow_item\",\"props\":{\"image\":\"wp-content\\\/uploads\\\/2021\\\/04\\\/20210314_131516-scaled.jpg\"}},{\"type\":\"slideshow_item\",\"props\":{\"image\":\"wp-content\\\/uploads\\\/2021\\\/04\\\/kastro-agiou-georgiou-01.jpg\"}},{\"type\":\"slideshow_item\",\"props\":{\"image\":\"wp-content\\\/uploads\\\/2021\\\/04\\\/kastro-agiou-georgiou-12.jpg\"}},{\"type\":\"slideshow_item\",\"props\":{\"image\":\"wp-content\\\/uploads\\\/2021\\\/04\\\/kastro-agiou-georgiou-10.jpg\"}},{\"type\":\"slideshow_item\",\"props\":{\"image\":\"wp-content\\\/uploads\\\/2021\\\/04\\\/4.iera-moni-agiou-apostolou-andrea-milapidias-12.jpg\"}},{\"type\":\"slideshow_item\",\"props\":{\"image\":\"wp-content\\\/uploads\\\/2021\\\/04\\\/6.-iera-moni-agiou-apostolou-andrea-milapidias-15.jpg\"}},{\"type\":\"slideshow_item\",\"props\":{\"image\":\"wp-content\\\/uploads\\\/2021\\\/04\\\/KefaloniaMoniSission.jpg\"}},{\"type\":\"slideshow_item\",\"props\":{\"image\":\"wp-content\\\/uploads\\\/2021\\\/05\\\/DSC_4783-1.jpg\"}},{\"type\":\"slideshow_item\",\"props\":{\"image\":\"wp-content\\\/uploads\\\/2021\\\/05\\\/DSC_5135.jpg\"}},{\"type\":\"slideshow_item\",\"props\":{\"image\":\"wp-content\\\/uploads\\\/2021\\\/05\\\/Photo_6554589_DJI_989_jpg_4270342_0_20215915026_photo_original-1.jpg\"}},{\"type\":\"slideshow_item\",\"props\":{\"image\":\"wp-content\\\/uploads\\\/2021\\\/05\\\/Photo_6554596_DJI_996_jpg_4132246_0_20215915150_photo_original-2.jpg\"}},{\"type\":\"slideshow_item\",\"props\":{\"image\":\"wp-content\\\/uploads\\\/2021\\\/05\\\/20210114_115541-1.jpg\"}},{\"type\":\"slideshow_item\",\"props\":{\"image\":\"wp-content\\\/uploads\\\/2021\\\/05\\\/20210124_163535-1.jpg\"}},{\"type\":\"slideshow_item\",\"props\":{\"image\":\"wp-content\\\/uploads\\\/2021\\\/05\\\/20210503_134823-1.jpg\"}},{\"type\":\"slideshow_item\",\"props\":{\"image\":\"wp-content\\\/uploads\\\/2021\\\/05\\\/DJI_0244.jpg\"}},{\"type\":\"slideshow_item\",\"props\":{\"image\":\"wp-content\\\/uploads\\\/2021\\\/05\\\/DJI_0693-1.jpg\"}},{\"type\":\"slideshow_item\",\"props\":{\"image\":\"wp-content\\\/uploads\\\/2021\\\/05\\\/DJI_0766-2.jpg\"}},{\"type\":\"slideshow_item\",\"props\":{\"image\":\"wp-content\\\/uploads\\\/2021\\\/05\\\/DJI_0843-1.jpg\"}},{\"type\":\"slideshow_item\",\"props\":{\"image\":\"wp-content\\\/uploads\\\/2021\\\/05\\\/DJI_0872-3.jpg\"}},{\"type\":\"slideshow_item\",\"props\":{\"image\":\"wp-content\\\/uploads\\\/2021\\\/05\\\/DJI_0998.jpg\"}},{\"type\":\"slideshow_item\",\"props\":{\"image\":\"wp-content\\\/uploads\\\/2021\\\/05\\\/DSC_4286.jpg\"}}]}]}]}],\"modified\":\"2021-04-23T13:13:00.183Z\",\"name\":\"coming\"},{\"type\":\"section\",\"props\":{\"style\":\"default\",\"width\":\"default\",\"vertical_align\":\"middle\",\"title_position\":\"top-left\",\"title_rotation\":\"left\",\"title_breakpoint\":\"xl\",\"image_position\":\"center-center\"},\"children\":[{\"type\":\"row\",\"children\":[{\"type\":\"column\",\"props\":{\"image_position\":\"center-center\",\"media_overlay_gradient\":\"\"},\"children\":[{\"type\":\"headline\",\"props\":{\"title_element\":\"h1\",\"content\":\"The area\"}},{\"type\":\"text\",\"props\":{\"margin\":\"default\",\"column_breakpoint\":\"m\",\"content\":\"\n\n<p>Das Moschato Estate befindet sich in der Region Livathos im S\\u00fcden von Kefalonia. Es ist der Geburtsort der gro\\u00dfen Wohlt\\u00e4ter von Kefalonia. Es ist mit wundersch\\u00f6nen Str\\u00e4nden wie Ai-Helis, Avythos, Ammes, Agios Thomas, Trapezaki, Lourdas und anderen gesegnet.<\\\/p>\\n\n\n<p>Die Gegend hat eine F\\u00fclle an historischen Denkm\\u00e4lern zu besichtigen, darunter die mykenischen Gew\\u00f6lbegr\\u00e4ber in Mazarakata und die beeindruckende Burg von St.Georg, die fr\\u00fcher die Hauptstadt der Insel war. Andere sind die malerischen und friedlichen Kl\\u00f6ster von St. Andreas in Peratata und auch das Kloster von Sission, das angeblich vom Heiligen Franz von Asizis gegr\\u00fcndet wurde. Die gr\\u00fcnen D\\u00f6rfer von Livathos wurden von den Menschen des Meeres gebaut, das die Hauptbesch\\u00e4ftigung der Einwohner war. Die Insel von Zeus liegt nur eine halbe Meile vom Ufer entfernt. Hundert Stufen f\\u00fchren zu einer Kirche, die auf den Ruinen des Zeustempels erbaut wurde. Die Kirche der Panagia Diotissa.<\\\/p>\",\"text_style\":\"lead\",\"dropcap\":true}}]}]},{\"type\":\"row\",\"children\":[{\"type\":\"column\",\"props\":{\"image_position\":\"center-center\",\"media_overlay_gradient\":\"\"},\"children\":[{\"type\":\"headline\",\"props\":{\"title_element\":\"h2\",\"content\":\"\n\n<p>Entfernungen<\\\/p>\"}},{\"type\":\"text\",\"props\":{\"margin\":\"default\",\"column_breakpoint\":\"m\",\"content\":\"\n\n<p>Das Anwesen liegt strategisch g\\u00fcnstig, 3,2 Km vom Flughafen und 9,8 Km von Argostoli entfernt.<\\\/p>\",\"text_style\":\"lead\"}}]}]},{\"type\":\"row\",\"props\":{\"layout\":\"1-3,1-3,1-3\"},\"children\":[{\"type\":\"column\",\"props\":{\"image_position\":\"center-center\",\"media_overlay_gradient\":\"\",\"width_medium\":\"1-3\"},\"children\":[{\"type\":\"headline\",\"props\":{\"title_element\":\"h3\",\"content\":\"\n\n<p>D\\u00f6rfer in der N\\u00e4he<\\\/p>\"}},{\"type\":\"description_list\",\"props\":{\"show_title\":true,\"show_meta\":true,\"show_content\":true,\"show_link\":true,\"list_element\":\"ul\",\"column_breakpoint\":\"m\",\"layout\":\"grid-2\",\"title_grid_width\":\"auto\",\"title_grid_column_gap\":\"small\",\"title_grid_row_gap\":\"small\",\"title_element\":\"div\",\"meta_style\":\"meta\",\"meta_align\":\"below-content\",\"list_marker\":\"square\",\"text_align\":\"right\",\"title_style\":\"text-bold\",\"title_colon\":true},\"children\":[{\"type\":\"description_list_item\",\"props\":{\"title\":\"Svoronata\",\"content\":\"1.1 km<\\\/p>\"}},{\"type\":\"description_list_item\",\"props\":{\"title\":\"Domata\",\"content\":\"850 m<\\\/p>\"}},{\"type\":\"description_list_item\",\"props\":{\"title\":\"Kourkoumelata \",\"content\":\"1.9 km<\\\/p>\"}}]}]},{\"type\":\"column\",\"props\":{\"image_position\":\"center-center\",\"media_overlay_gradient\":\"\",\"width_medium\":\"1-3\"},\"children\":[{\"type\":\"headline\",\"props\":{\"title_element\":\"h3\",\"content\":\"\n\n<p>Sehensw\\u00fcrdigkeiten<\\\/p>\"}},{\"type\":\"description_list\",\"props\":{\"show_title\":true,\"show_meta\":true,\"show_content\":true,\"show_link\":true,\"list_element\":\"ul\",\"column_breakpoint\":\"m\",\"layout\":\"grid-2\",\"title_grid_width\":\"auto\",\"title_grid_column_gap\":\"small\",\"title_grid_row_gap\":\"small\",\"title_element\":\"div\",\"meta_style\":\"meta\",\"meta_align\":\"below-content\",\"list_marker\":\"square\",\"text_align\":\"right\",\"title_style\":\"text-bold\",\"title_colon\":true},\"children\":[{\"type\":\"description_list_item\",\"props\":{\"title\":\"Burg von St. Georg : \",\"content\":\"7.6 Km<\\\/p>\"}},{\"type\":\"description_list_item\",\"props\":{\"title\":\"Kloster von St. Andreas \",\"content\":\"5.0 Km<\\\/p>\"}},{\"type\":\"description_list_item\",\"props\":{\"title\":\"Kloster von Sissia\",\"content\":\"19.0 Km<\\\/p>\"}},{\"type\":\"description_list_item\",\"props\":{\"title\":\"Mykenische Gew\\u00f6lbegr\\u00e4ber in Mazarakata\",\"content\":\"4.4 Km<\\\/p>\"}}]}]},{\"type\":\"column\",\"props\":{\"image_position\":\"center-center\",\"media_overlay_gradient\":\"\",\"width_medium\":\"1-3\"},\"children\":[{\"type\":\"headline\",\"props\":{\"title_element\":\"h3\",\"content\":\"\n\n<p>Minim\\u00e4rkte in der N\\u00e4he<\\\/p>\"}},{\"type\":\"description_list\",\"props\":{\"show_title\":true,\"show_meta\":true,\"show_content\":true,\"show_link\":true,\"list_element\":\"ul\",\"column_breakpoint\":\"m\",\"layout\":\"grid-2\",\"title_grid_width\":\"auto\",\"title_grid_column_gap\":\"small\",\"title_grid_row_gap\":\"small\",\"title_element\":\"div\",\"meta_style\":\"meta\",\"meta_align\":\"below-content\",\"list_marker\":\"square\",\"text_align\":\"right\",\"title_style\":\"text-bold\",\"title_colon\":true},\"children\":[{\"type\":\"description_list_item\",\"props\":{\"title\":\"Sagitarius \",\"content\":\"650 m<\\\/p>\"}},{\"type\":\"description_list_item\",\"props\":{\"title\":\"Tiritompas \",\"content\":\"2,5 Km<\\\/p>\"}},{\"type\":\"description_list_item\",\"props\":{\"title\":\"Kourkoumelata \",\"content\":\"1.9 km<\\\/p>\"}}]}]}]},{\"type\":\"row\",\"props\":{\"layout\":\"1-3,1-3,1-3\"},\"children\":[{\"type\":\"column\",\"props\":{\"image_position\":\"center-center\",\"media_overlay_gradient\":\"\",\"width_medium\":\"1-3\"},\"children\":[{\"type\":\"headline\",\"props\":{\"title_element\":\"h3\",\"content\":\"\n\n<p>Restaurants in der N\\u00e4he<\\\/p>\"}},{\"type\":\"description_list\",\"props\":{\"show_title\":true,\"show_meta\":true,\"show_content\":true,\"show_link\":true,\"list_element\":\"ul\",\"column_breakpoint\":\"m\",\"layout\":\"grid-2\",\"title_grid_width\":\"auto\",\"title_grid_column_gap\":\"small\",\"title_grid_row_gap\":\"small\",\"title_element\":\"div\",\"meta_style\":\"meta\",\"meta_align\":\"below-content\",\"list_marker\":\"square\",\"text_align\":\"right\",\"title_style\":\"text-bold\",\"title_colon\":true},\"children\":[{\"type\":\"description_list_item\",\"props\":{\"title\":\"Esperides \",\"content\":\"260 m<\\\/p>\"}},{\"type\":\"description_list_item\",\"props\":{\"title\":\"Dum Spiro Spero\",\"content\":\"\\u00a0750 m<\\\/p>\"}},{\"type\":\"description_list_item\",\"props\":{\"title\":\"Fois restaurant \",\"content\":\"950 m<\\\/p>\"}},{\"type\":\"description_list_item\",\"props\":{\"title\":\"To Enetiko \",\"content\":\"1.6 Km<\\\/p>\"}},{\"type\":\"description_list_item\",\"props\":{\"title\":\"Avithos Preview Tavern \",\"content\":\"1.6 Km<\\\/p>\"}},{\"type\":\"description_list_item\",\"props\":{\"title\":\"O Milos \",\"content\":\"2.0 Km<\\\/p>\"}},{\"type\":\"description_list_item\",\"props\":{\"title\":\"La Calma \",\"content\":\"1.1 Km<\\\/p>\"}},{\"type\":\"description_list_item\",\"props\":{\"title\":\"Acropolis dinner \",\"content\":\"1.1 Km<\\\/p>\"}}]}]},{\"type\":\"column\",\"props\":{\"image_position\":\"center-center\",\"media_overlay_gradient\":\"\",\"width_medium\":\"1-3\"},\"children\":[{\"type\":\"headline\",\"props\":{\"title_element\":\"h3\",\"content\":\"\n\n<p>Str\\u00e4nde in der N\\u00e4he<\\\/p>\"}},{\"type\":\"description_list\",\"props\":{\"show_title\":true,\"show_meta\":true,\"show_content\":true,\"show_link\":true,\"list_element\":\"ul\",\"column_breakpoint\":\"m\",\"layout\":\"grid-2\",\"title_grid_width\":\"auto\",\"title_grid_column_gap\":\"small\",\"title_grid_row_gap\":\"small\",\"title_element\":\"div\",\"meta_style\":\"meta\",\"meta_align\":\"below-content\",\"list_marker\":\"square\",\"text_align\":\"right\",\"title_style\":\"text-bold\",\"title_colon\":true},\"children\":[{\"type\":\"description_list_item\",\"props\":{\"title\":\"Ai Helis \",\"content\":\"950 m<\\\/p>\"}},{\"type\":\"description_list_item\",\"props\":{\"title\":\"Ammes \",\"content\":\"2.1 Km<\\\/p>\"}},{\"type\":\"description_list_item\",\"props\":{\"title\":\"Avithos \",\"content\":\"1.6 Km<\\\/p>\"}},{\"type\":\"description_list_item\",\"props\":{\"title\":\"Spasmata \",\"content\":\"4.5 Km<\\\/p>\"}},{\"type\":\"description_list_item\",\"props\":{\"title\":\"Megali Ammos \",\"content\":\"4.0 Km<\\\/p>\"}},{\"type\":\"description_list_item\",\"props\":{\"title\":\"Spartia beach \",\"content\":\"5.9 Km<\\\/p>\"}},{\"type\":\"description_list_item\",\"props\":{\"title\":\"Trapezaki \",\"content\":\"10 Km<\\\/p>\"}},{\"type\":\"description_list_item\",\"props\":{\"title\":\"Lourdas \",\"content\":\"13 Km<\\\/p>\"}}]}]},{\"type\":\"column\",\"props\":{\"image_position\":\"center-center\",\"media_overlay_gradient\":\"\",\"width_medium\":\"1-3\"},\"children\":[]}]}]},{\"type\":\"section\",\"props\":{\"style\":\"default\",\"width\":\"default\",\"vertical_align\":\"middle\",\"title_position\":\"top-left\",\"title_rotation\":\"left\",\"title_breakpoint\":\"xl\",\"image_position\":\"center-center\"},\"children\":[{\"type\":\"row\",\"children\":[{\"type\":\"column\",\"props\":{\"image_position\":\"center-center\",\"media_overlay_gradient\":\"\"},\"children\":[{\"type\":\"map\",\"props\":{\"show_title\":true,\"type\":\"satellite\",\"zoom\":15,\"controls\":true,\"zooming\":true,\"dragging\":true,\"height\":\"500\"},\"children\":[{\"type\":\"map_marker\",\"props\":{\"location\":\"38.1094,20.5274\"}}]}]}]}]}],\"version\":\"2.3.30\"} --><\/p>\n","protected":false},"excerpt":{"rendered":"<p>The area Das Moschato Estate befindet sich in der Region Livathos im S\u00fcden von Kefalonia. Es ist der Geburtsort der gro\u00dfen Wohlt\u00e4ter von Kefalonia. Es ist mit wundersch\u00f6nen Str\u00e4nden wie Ai-Helis, Avythos, Ammes, Agios Thomas, Trapezaki, Lourdas und anderen gesegnet. Die Gegend hat eine F\u00fclle an historischen Denkm\u00e4lern zu besichtigen, darunter die mykenischen Gew\u00f6lbegr\u00e4ber in [&hellip;]<\/p>\n","protected":false},"author":1,"featured_media":0,"parent":0,"menu_order":0,"comment_status":"closed","ping_status":"closed","template":"","meta":[],"_links":{"self":[{"href":"https:\/\/moschatoestatevillas.com\/de\/wp-json\/wp\/v2\/pages\/1362"}],"collection":[{"href":"https:\/\/moschatoestatevillas.com\/de\/wp-json\/wp\/v2\/pages"}],"about":[{"href":"https:\/\/moschatoestatevillas.com\/de\/wp-json\/wp\/v2\/types\/page"}],"author":[{"embeddable":true,"href":"https:\/\/moschatoestatevillas.com\/de\/wp-json\/wp\/v2\/users\/1"}],"replies":[{"embeddable":true,"href":"https:\/\/moschatoestatevillas.com\/de\/wp-json\/wp\/v2\/comments?post=1362"}],"version-history":[{"count":5,"href":"https:\/\/moschatoestatevillas.com\/de\/wp-json\/wp\/v2\/pages\/1362\/revisions"}],"predecessor-version":[{"id":1369,"href":"https:\/\/moschatoestatevillas.com\/de\/wp-json\/wp\/v2\/pages\/1362\/revisions\/1369"}],"wp:attachment":[{"href":"https:\/\/moschatoestatevillas.com\/de\/wp-json\/wp\/v2\/media?parent=1362"}],"curies":[{"name":"wp","href":"https:\/\/api.w.org\/{rel}","templated":true}]}}