{"id":1350,"date":"2021-12-01T10:49:16","date_gmt":"2021-12-01T07:49:16","guid":{"rendered":"https:\/\/moschatoestatevillas.com\/?page_id=1350"},"modified":"2025-05-23T10:28:16","modified_gmt":"2025-05-23T07:28:16","slug":"zugaenglichkeit","status":"publish","type":"page","link":"https:\/\/moschatoestatevillas.com\/de\/zugaenglichkeit\/","title":{"rendered":"Zug\u00e4nglichkeit"},"content":{"rendered":"<h1>\n<p>Zug\u00e4nglichkeit<\/p>\n<\/h1>\n<div>\n<p>Das Anwesen ist barrierefrei gestaltet. Das Gel\u00e4nde ist flach und es gibt keine Treppen, weder auf der Zufahrtsstra\u00dfe noch auf den Wegen zu den Villen.<\/p>\n<p>Die Parkpl\u00e4tze sind breiter f\u00fcr Rollstuhlfahrer. Alle Aussenwege sind mindestens 1,5 m breit. Es gibt tragbare Rampen f\u00fcr Au\u00dfent\u00fcren, die kleine Stufen haben. Alle Villen verf\u00fcgen \u00fcber ger\u00e4umige Badezimmer.<\/p>\n<p>Besonderes Augenmerk wurde auf Details wie die H\u00f6he der Betten f\u00fcr einfache Transfers, die G\u00e4nge und die Tische f\u00fcr Rollstuhlfahrer gelegt.<\/p>\n<p>Die Stufen im Pool sind breit und flach, um behinderten Menschen zu erleichtern. Es gibt sogar einen Pool Lift!!! Die n\u00e4chstgelegenen Restaurants sind ebenfalls erreichbar<\/p>\n<\/div>\n<div>\n<p>Auf Anfrage<\/p>\n<p>\u2022 Poollift*<br \/>\u2022 Badezimmerstuhl*<br \/>\u2022 Taxi mit Rampe**<br \/>\u2022 Barrierefreies Boot f\u00fcr Tageskreuzfahrten***<\/p>\n<p>Bitte fragen Sie uns f\u00fcr alles, was Sie sonst noch ben\u00f6tigen.<\/p>\n<p>*Da es nur einen poollift und einen Badezimmer-Rollstuhl gibt, erkundigen Sie sich bitte bei uns nach Verf\u00fcgbarkeit. Beachten Sie, dass dies ein kostenloser Service ist.<\/p>\n<p>**Da es in Kefalonia nur ein Taxi mit Rampe gibt, \u00fcberpr\u00fcfen Sie bitte die Verf\u00fcgbarkeit rechtzeitig im Voraus.<\/p>\n<p>*** We rent it with a skipper.On our standard trip we usually do a 6 hour trip visiting several beaches on the west side of the island, the island of Vardianoi and Vatsa beach where you can have lunch. There will be a cool box on board with snacks and beverages. Of course weather permitting we can organize any kind of trip you want<\/p>\n<\/div>\n<ul>\n<li>\n<p>        <img src=\"\/wp-content\/uploads\/2021\/05\/accessible-villas-in-kefalonia-moving-through-estate.jpg\" alt=\"\"><\/p>\n<\/li>\n<li>\n<p>        <img src=\"\/wp-content\/uploads\/2021\/05\/accessible-villas-in-kefalonia-2.jpg\" alt=\"\"><\/p>\n<\/li>\n<li>\n<p>        <img src=\"\/wp-content\/uploads\/2021\/05\/accessible-villas-in-kefalonia-bathroom.jpg\" alt=\"\"><\/p>\n<\/li>\n<li>\n<p>        <img src=\"\/wp-content\/uploads\/2021\/05\/accessible-villas-in-kefalonia-bathroom2.jpg\" alt=\"\"><\/p>\n<\/li>\n<li>\n<p>        <img src=\"\/wp-content\/uploads\/2021\/05\/accessible-villas-in-kefalonia-bathroom3.jpg\" alt=\"\"><\/p>\n<\/li>\n<li>\n<p>        <img src=\"\/wp-content\/uploads\/2021\/05\/accessible-villas-in-kefalonia-patio.jpg\" alt=\"\"><\/p>\n<\/li>\n<li>\n<p>        <img src=\"\/wp-content\/uploads\/2021\/05\/accessible-villas-in-kefalonia-villa-virginia-entrance-.jpg\" alt=\"\"><\/p>\n<\/li>\n<\/ul>\n<ul>\n<li>\n<p>        <img src=\"\/wp-content\/uploads\/2021\/05\/accessible-boat-kefalonia.jpg\" alt=\"\"><\/p>\n<\/li>\n<li>\n<p>        <img src=\"\/wp-content\/uploads\/2022\/07\/10403122_122610564739288_1409935039705566327_n.jpg\" alt=\"\"><\/p>\n<\/li>\n<li>\n<p>        <img src=\"\/wp-content\/uploads\/2022\/07\/1743696_122610798072598_102542316429498057_n.jpg\" alt=\"\"><\/p>\n<\/li>\n<li>\n<p>        <img src=\"\/wp-content\/uploads\/2022\/07\/284963693_1339631136560269_3110073717088801148_n.jpg\" alt=\"\"><\/p>\n<\/li>\n<li>\n<p>        <img src=\"\/wp-content\/uploads\/2022\/07\/284279989_580505860047547_7243689512666103217_n.jpg\" alt=\"\"><\/p>\n<\/li>\n<li>\n<p>        <img src=\"\/wp-content\/uploads\/2022\/07\/285436745_383179673847953_5319751922609140162_n.jpg\" alt=\"\"><\/p>\n<\/li>\n<li>\n<p>        <img src=\"\/wp-content\/uploads\/2022\/07\/225062926_2617147198587530_7420892371662053432_n.jpg\" alt=\"\"><\/p>\n<\/li>\n<li>\n<p>        <img src=\"\/wp-content\/uploads\/2025\/05\/%CE%B5%CE%B9%CE%BA%CF%8C%CE%BD%CE%B1_Viber_2025-05-21_10-47-36-741.jpg\" alt=\"\"><\/p>\n<\/li>\n<li>\n<p>        <img src=\"\/wp-content\/uploads\/2025\/05\/%CE%B5%CE%B9%CE%BA%CF%8C%CE%BD%CE%B1_Viber_2025-05-21_10-47-36-283.jpg\" alt=\"\"><\/p>\n<\/li>\n<li>\n<p>        <img src=\"\/wp-content\/uploads\/2025\/05\/%CE%B5%CE%B9%CE%BA%CF%8C%CE%BD%CE%B1_Viber_2025-05-21_10-47-35-910.jpg\" alt=\"\"><\/p>\n<\/li>\n<\/ul>\n<p><video src=\"\/wp-content\/uploads\/2021\/06\/video-cef1ab36316d2386043edf964c0ce778-V.mp4\" poster=\"\"><\/video><\/p>\n<p><!-- {\"name\":\"22Accessibility-EN\",\"type\":\"layout\",\"children\":[{\"type\":\"section\",\"props\":{\"style\":\"muted\",\"width\":\"expand\",\"vertical_align\":\"middle\",\"title_position\":\"top-left\",\"title_rotation\":\"left\",\"title_breakpoint\":\"xl\",\"image_position\":\"center-center\",\"padding_remove_horizontal\":true,\"padding_remove_top\":true,\"padding_remove_bottom\":true,\"header_transparent\":\"dark\",\"header_transparent_noplaceholder\":false,\"image\":\"wp-content\\\/uploads\\\/2021\\\/04\\\/laxani-scaled.jpg\"},\"children\":[{\"type\":\"row\",\"children\":[{\"type\":\"column\",\"props\":{\"image_position\":\"center-center\",\"media_overlay_gradient\":\"\"},\"children\":[]}]}],\"modified\":\"2021-04-23T13:13:00.183Z\",\"name\":\"coming\"},{\"type\":\"section\",\"props\":{\"style\":\"default\",\"width\":\"default\",\"vertical_align\":\"middle\",\"title_position\":\"top-left\",\"title_rotation\":\"left\",\"title_breakpoint\":\"xl\",\"image_position\":\"center-center\",\"padding\":\"small\",\"padding_remove_bottom\":true},\"children\":[{\"type\":\"row\",\"children\":[{\"type\":\"column\",\"props\":{\"image_position\":\"center-center\",\"media_overlay_gradient\":\"\"},\"children\":[{\"type\":\"headline\",\"props\":{\"title_element\":\"h1\",\"content\":\"\n\n<p>Zug\\u00e4nglichkeit<\\\/p>\",\"text_align\":\"center\"}},{\"type\":\"text\",\"props\":{\"margin\":\"default\",\"column_breakpoint\":\"m\",\"content\":\"\n\n<p>Das Anwesen ist barrierefrei gestaltet. Das Gel\\u00e4nde ist flach und es gibt keine Treppen, weder auf der Zufahrtsstra\\u00dfe noch auf den Wegen zu den Villen.<\\\/p>\\n\n\n<p>Die Parkpl\\u00e4tze sind breiter f\\u00fcr Rollstuhlfahrer. Alle Aussenwege sind mindestens 1,5 m breit. Es gibt tragbare Rampen f\\u00fcr Au\\u00dfent\\u00fcren, die kleine Stufen haben. Alle Villen verf\\u00fcgen \\u00fcber ger\\u00e4umige Badezimmer.<br \\\/><br \\\/><\\\/p>\\n\n\n<p>Besonderes Augenmerk wurde auf Details wie die H\\u00f6he der Betten f\\u00fcr einfache Transfers, die G\\u00e4nge und die Tische f\\u00fcr Rollstuhlfahrer gelegt.<\\\/p>\\n\n\n<p>Die Stufen im Pool sind breit und flach, um behinderten Menschen zu erleichtern. Es gibt sogar einen Pool Lift!!! Die n\\u00e4chstgelegenen Restaurants sind ebenfalls erreichbar<\\\/p>\",\"text_style\":\"lead\",\"dropcap\":true}}]}]}]},{\"type\":\"section\",\"props\":{\"style\":\"default\",\"width\":\"expand\",\"vertical_align\":\"middle\",\"title_position\":\"top-left\",\"title_rotation\":\"left\",\"title_breakpoint\":\"xl\",\"image_position\":\"center-center\"},\"children\":[{\"type\":\"row\",\"props\":{\"layout\":\"1-4,3-4\"},\"children\":[{\"type\":\"column\",\"props\":{\"image_position\":\"center-center\",\"media_overlay_gradient\":\"\",\"width_medium\":\"1-4\"},\"children\":[{\"type\":\"text\",\"props\":{\"margin\":\"default\",\"column_breakpoint\":\"m\",\"content\":\"\n\n<p>Auf Anfrage<\\\/p>\\n\n\n<p>\\u2022 Poollift*<br \\\/>\\u2022 Badezimmerstuhl*<br \\\/>\\u2022 Taxi mit Rampe**<br \\\/>\\u2022 Barrierefreies Boot f\\u00fcr Tageskreuzfahrten***<\\\/p>\\n\n\n<p>Bitte fragen Sie uns f\\u00fcr alles, was Sie sonst noch ben\\u00f6tigen.<\\\/p>\\n\n\n<p>*Da es nur einen poollift und einen Badezimmer-Rollstuhl gibt, erkundigen Sie sich bitte bei uns nach Verf\\u00fcgbarkeit. Beachten Sie, dass dies ein kostenloser Service ist.<\\\/p>\\n\n\n<p>**Da es in Kefalonia nur ein Taxi mit Rampe gibt, \\u00fcberpr\\u00fcfen Sie bitte die Verf\\u00fcgbarkeit rechtzeitig im Voraus.<\\\/p>\\n\n\n<p>*** We rent it with a skipper.On our standard trip we usually do a 6 hour trip visiting several beaches on the west side of the island, the island of Vardianoi and Vatsa beach where you can have lunch. There will be a cool box on board with snacks and beverages. Of course weather permitting we can organize any kind of trip you want<\\\/p>\",\"text_style\":\"lead\",\"dropcap\":false}}]},{\"type\":\"column\",\"props\":{\"image_position\":\"center-center\",\"media_overlay_gradient\":\"\",\"width_medium\":\"3-4\",\"vertical_align\":\"middle\"},\"children\":[{\"type\":\"gallery\",\"props\":{\"show_title\":true,\"show_meta\":true,\"show_content\":true,\"show_link\":true,\"show_hover_image\":true,\"grid_default\":\"1\",\"grid_medium\":\"3\",\"filter_style\":\"tab\",\"filter_all\":true,\"filter_position\":\"top\",\"filter_align\":\"left\",\"filter_grid_width\":\"auto\",\"filter_grid_breakpoint\":\"m\",\"overlay_mode\":\"cover\",\"overlay_hover\":true,\"overlay_style\":\"overlay-primary\",\"text_color\":\"light\",\"overlay_position\":\"center\",\"overlay_transition\":\"fade\",\"title_hover_style\":\"reset\",\"title_element\":\"h3\",\"meta_style\":\"meta\",\"meta_align\":\"below-title\",\"meta_element\":\"div\",\"link_text\":\"\",\"link_style\":\"default\",\"text_align\":\"center\",\"margin\":\"default\",\"item_animation\":\"\",\"grid_small\":\"2\",\"lightbox\":true,\"overlay_link\":true,\"image_width\":\"400\",\"image_height\":\"400\",\"grid_column_gap\":\"small\",\"grid_row_gap\":\"small\"},\"children\":[{\"type\":\"gallery_item\",\"props\":{\"image\":\"wp-content\\\/uploads\\\/2021\\\/05\\\/accessible-villas-in-kefalonia-moving-through-estate.jpg\"}},{\"type\":\"gallery_item\",\"props\":{\"image\":\"wp-content\\\/uploads\\\/2021\\\/05\\\/accessible-villas-in-kefalonia-2.jpg\"}},{\"type\":\"gallery_item\",\"props\":{\"image\":\"wp-content\\\/uploads\\\/2021\\\/05\\\/accessible-villas-in-kefalonia-bathroom.jpg\"}},{\"type\":\"gallery_item\",\"props\":{\"image\":\"wp-content\\\/uploads\\\/2021\\\/05\\\/accessible-villas-in-kefalonia-bathroom2.jpg\"}},{\"type\":\"gallery_item\",\"props\":{\"image\":\"wp-content\\\/uploads\\\/2021\\\/05\\\/accessible-villas-in-kefalonia-bathroom3.jpg\"}},{\"type\":\"gallery_item\",\"props\":{\"image\":\"wp-content\\\/uploads\\\/2021\\\/05\\\/accessible-villas-in-kefalonia-patio.jpg\"}},{\"type\":\"gallery_item\",\"props\":{\"image\":\"wp-content\\\/uploads\\\/2021\\\/05\\\/accessible-villas-in-kefalonia-villa-virginia-entrance-.jpg\"}}]},{\"type\":\"gallery\",\"props\":{\"show_title\":true,\"show_meta\":true,\"show_content\":true,\"show_link\":true,\"show_hover_image\":true,\"grid_default\":\"1\",\"grid_medium\":\"3\",\"filter_style\":\"tab\",\"filter_all\":true,\"filter_position\":\"top\",\"filter_align\":\"left\",\"filter_grid_width\":\"auto\",\"filter_grid_breakpoint\":\"m\",\"overlay_mode\":\"cover\",\"overlay_hover\":true,\"overlay_style\":\"overlay-primary\",\"text_color\":\"light\",\"overlay_position\":\"center\",\"overlay_transition\":\"fade\",\"title_hover_style\":\"reset\",\"title_element\":\"h3\",\"meta_style\":\"meta\",\"meta_align\":\"below-title\",\"meta_element\":\"div\",\"link_text\":\"\",\"link_style\":\"default\",\"text_align\":\"center\",\"margin\":\"default\",\"item_animation\":\"\",\"grid_small\":\"2\",\"lightbox\":true,\"overlay_link\":true,\"image_width\":\"400\",\"image_height\":\"400\",\"grid_column_gap\":\"small\",\"grid_row_gap\":\"small\"},\"children\":[{\"type\":\"gallery_item\",\"props\":{\"image\":\"wp-content\\\/uploads\\\/2021\\\/05\\\/accessible-boat-kefalonia.jpg\"}},{\"type\":\"gallery_item\",\"props\":{\"image\":\"wp-content\\\/uploads\\\/2022\\\/07\\\/10403122_122610564739288_1409935039705566327_n.jpg\"}},{\"type\":\"gallery_item\",\"props\":{\"image\":\"wp-content\\\/uploads\\\/2022\\\/07\\\/1743696_122610798072598_102542316429498057_n.jpg\"}},{\"type\":\"gallery_item\",\"props\":{\"image\":\"wp-content\\\/uploads\\\/2022\\\/07\\\/284963693_1339631136560269_3110073717088801148_n.jpg\"}},{\"type\":\"gallery_item\",\"props\":{\"image\":\"wp-content\\\/uploads\\\/2022\\\/07\\\/284279989_580505860047547_7243689512666103217_n.jpg\"}},{\"type\":\"gallery_item\",\"props\":{\"image\":\"wp-content\\\/uploads\\\/2022\\\/07\\\/285436745_383179673847953_5319751922609140162_n.jpg\"}},{\"type\":\"gallery_item\",\"props\":{\"image\":\"wp-content\\\/uploads\\\/2022\\\/07\\\/225062926_2617147198587530_7420892371662053432_n.jpg\"}},{\"type\":\"gallery_item\",\"props\":{\"image\":\"wp-content\\\/uploads\\\/2025\\\/05\\\/\\u03b5\\u03b9\\u03ba\\u03cc\\u03bd\\u03b1_Viber_2025-05-21_10-47-36-741.jpg\"}},{\"type\":\"gallery_item\",\"props\":{\"image\":\"wp-content\\\/uploads\\\/2025\\\/05\\\/\\u03b5\\u03b9\\u03ba\\u03cc\\u03bd\\u03b1_Viber_2025-05-21_10-47-36-283.jpg\"}},{\"type\":\"gallery_item\",\"props\":{\"image\":\"wp-content\\\/uploads\\\/2025\\\/05\\\/\\u03b5\\u03b9\\u03ba\\u03cc\\u03bd\\u03b1_Viber_2025-05-21_10-47-35-910.jpg\"}}]},{\"type\":\"video\",\"props\":{\"video_controls\":true,\"margin\":\"default\",\"video\":\"wp-content\\\/uploads\\\/2021\\\/06\\\/video-cef1ab36316d2386043edf964c0ce778-V.mp4\",\"video_muted\":true}}]}]}],\"modified\":\"2021-05-12T06:35:17.010Z\",\"name\":\"gal\"}],\"version\":\"2.3.30\"} --><\/p>\n","protected":false},"excerpt":{"rendered":"<p>Zug\u00e4nglichkeit Das Anwesen ist barrierefrei gestaltet. Das Gel\u00e4nde ist flach und es gibt keine Treppen, weder auf der Zufahrtsstra\u00dfe noch auf den Wegen zu den Villen. Die Parkpl\u00e4tze sind breiter f\u00fcr Rollstuhlfahrer. Alle Aussenwege sind mindestens 1,5 m breit. Es gibt tragbare Rampen f\u00fcr Au\u00dfent\u00fcren, die kleine Stufen haben. Alle Villen verf\u00fcgen \u00fcber ger\u00e4umige Badezimmer. [&hellip;]<\/p>\n","protected":false},"author":1,"featured_media":0,"parent":0,"menu_order":0,"comment_status":"closed","ping_status":"closed","template":"","meta":[],"_links":{"self":[{"href":"https:\/\/moschatoestatevillas.com\/de\/wp-json\/wp\/v2\/pages\/1350"}],"collection":[{"href":"https:\/\/moschatoestatevillas.com\/de\/wp-json\/wp\/v2\/pages"}],"about":[{"href":"https:\/\/moschatoestatevillas.com\/de\/wp-json\/wp\/v2\/types\/page"}],"author":[{"embeddable":true,"href":"https:\/\/moschatoestatevillas.com\/de\/wp-json\/wp\/v2\/users\/1"}],"replies":[{"embeddable":true,"href":"https:\/\/moschatoestatevillas.com\/de\/wp-json\/wp\/v2\/comments?post=1350"}],"version-history":[{"count":9,"href":"https:\/\/moschatoestatevillas.com\/de\/wp-json\/wp\/v2\/pages\/1350\/revisions"}],"predecessor-version":[{"id":2938,"href":"https:\/\/moschatoestatevillas.com\/de\/wp-json\/wp\/v2\/pages\/1350\/revisions\/2938"}],"wp:attachment":[{"href":"https:\/\/moschatoestatevillas.com\/de\/wp-json\/wp\/v2\/media?parent=1350"}],"curies":[{"name":"wp","href":"https:\/\/api.w.org\/{rel}","templated":true}]}}