{"id":1340,"date":"2021-12-01T10:31:01","date_gmt":"2021-12-01T07:31:01","guid":{"rendered":"https:\/\/moschatoestatevillas.com\/?page_id=1340"},"modified":"2021-12-01T10:47:45","modified_gmt":"2021-12-01T07:47:45","slug":"anwesen","status":"publish","type":"page","link":"https:\/\/moschatoestatevillas.com\/de\/anwesen\/","title":{"rendered":"Anwesen"},"content":{"rendered":"<div>\n<p>Das Moschato Estate ist etwa 1 Hektar gro\u00df und ist Teil des gr\u00f6\u00dferen Familienbesitzes, der sich \u00fcber 3 Hektar Land erstreckt und seit vielen Generationen\u00a0 der Familie geh\u00f6rt.<br \/>Sie produziert Mandeln, Waln\u00fcsse und Zitrusfr\u00fcchte wie Orangen, Zitronen, Grapefruit und Mandarinen. Sie finden auch Feigen-, Avocado-, Aprikosen- und Apfelb\u00e4ume unter vielen anderen B\u00e4umen.<br \/>Moshcato war urspr\u00fcnglich ein Weinberg, wurde aber vor \u00fcber 50 Jahren in einen Olivenhain umgewandelt. Der Olivenhain umfasst \u00fcber 85 Olivenb\u00e4ume, von denen 5 Jahrhunderte alt sind.<\/p>\n<\/div>\n<h2>\n<p>Die alten Olivenb\u00e4ume<\/p>\n<\/h2>\n<div>\n<p>Ihr Alter variiert zwischen 600 und 1500 Jahren, aber seltsamerweise und obwohl sie in unserem Land waren, geh\u00f6rten nicht alle von ihnen immer zu uns.<\/p>\n<p>Sie wurden irgendwann in den letzten 50 Jahren von der Familie gekauft.<\/p>\n<\/div>\n<ul>\n<li>\n<p>        <img src=\"\/wp-content\/uploads\/2021\/04\/%CE%95%CE%9B%CE%99%CE%91-%CE%A4%CE%97%CE%A3-%CE%A4%CE%96%CE%9F%CE%93%CE%99%CE%91%CE%9D%CE%91%CE%A3-AD-450-1.jpg\" alt=\"\"><\/p>\n<h3>Joyanas Olivenbaum 450 n.Chr.<\/h3>\n<\/li>\n<li>\n<p>        <img src=\"\/wp-content\/uploads\/2021\/04\/%CE%95%CE%9B%CE%99%CE%91-%CE%A4%CE%97%CE%A3-%CE%92%CE%99%CE%A1%CE%93%CE%97%CE%9D%CE%99%CE%91%CE%A3-AD-750-.jpg\" alt=\"\"><\/p>\n<h3>Virginias Olivenbaum 750 n.Chr.<\/h3>\n<\/li>\n<li>\n<p>        <img src=\"\/wp-content\/uploads\/2021\/04\/%CE%95%CE%9B%CE%99%CE%91-%CE%A4%CE%9F%CE%A5-%CE%91%CE%93%CE%99%CE%9F%CE%A5-%CE%91%CE%9D%CE%A4%CE%A1%CE%95%CE%91-AD-950.jpg\" alt=\"\"><\/p>\n<h3>St. Andreas Olivenbaum 950 n.Chr.<\/h3>\n<\/li>\n<li>\n<p>        <img src=\"\/wp-content\/uploads\/2021\/04\/%CE%95%CE%9B%CE%99%CE%91-%CE%A4%CE%97%CE%A3-%CE%A0%CE%91%CE%9D%CE%91%CE%93%CE%99%CE%91%CE%A3-AD-1300.jpg\" alt=\"\"><\/p>\n<h3>Heilige Maria Olivenbaum 1300 n.Chr.<\/h3>\n<\/li>\n<li>\n<p>        <img src=\"\/wp-content\/uploads\/2021\/04\/%CE%95%CE%9B%CE%99%CE%91-%CE%A4%CE%97%CE%A3-%CE%9B%CE%91%CE%9F%CE%A5%CE%A1%CE%91%CE%A3-AD-1400.jpg\" alt=\"\"><\/p>\n<h3>Lauras Olivenbaum 1400 n.Chr.<\/h3>\n<\/li>\n<\/ul>\n<h2>\n<p>Der Olivenhain<\/p>\n<\/h2>\n<div>\n<p>Der Olivenhain wurde mit Olivenb\u00e4umen der Sorte Koroni bepflanzt, die einen geringen Ertrag liefern, aber qualitativ hochwertiges \u00d6l erzeugen.<\/p>\n<p>Andere B\u00e4ume sind Orangen, Zitronen, Mandarinen und nat\u00fcrlich Feigen, die Sie gerne pfl\u00fccken und essen, wenn sie in der Saison sind.<\/p>\n<\/div>\n<ul>\n<li>\n<p>        <img src=\"\/wp-content\/uploads\/2021\/04\/NIK_8511.jpg\" alt=\"\"><\/p>\n<\/li>\n<li>\n<p>        <img src=\"\/wp-content\/uploads\/2021\/04\/NIK_8471.jpg\" alt=\"\"><\/p>\n<\/li>\n<li>\n<p>        <img src=\"\/wp-content\/uploads\/2021\/04\/IMG_20210424_135606.jpg\" alt=\"\"><\/p>\n<\/li>\n<li>\n<p>        <img src=\"\/wp-content\/uploads\/2021\/04\/IMG_20210424_135544.jpg\" alt=\"\"><\/p>\n<\/li>\n<li>\n<p>        <img src=\"\/wp-content\/uploads\/2021\/04\/IMG_20210424_132852.jpg\" alt=\"\"><\/p>\n<\/li>\n<li>\n<p>        <img src=\"\/wp-content\/uploads\/2021\/04\/IMG_20210424_132725.jpg\" alt=\"\"><\/p>\n<\/li>\n<li>\n<p>        <img src=\"\/wp-content\/uploads\/2021\/04\/IMG_20210424_132611.jpg\" alt=\"\"><\/p>\n<\/li>\n<li>\n<p>        <img src=\"\/wp-content\/uploads\/2021\/04\/IMG_20210424_132539.jpg\" alt=\"\"><\/p>\n<\/li>\n<\/ul>\n<h2>\n<p>Unser eigenes Oliven\u00f6l<\/p>\n<\/h2>\n<div>\n<p>Jedes Jahr ernten wir die Oliven etwa einen Monat vor ihrer vollen Reife. Anschlie\u00dfend werden sie kalt durch Zentrifugieren extrahiert, und das erzeugte Oliven\u00f6l ist natives Extra und von sehr hoher Qualit\u00e4t.<\/p>\n<p>Sie sollten die vage Bitterkeit und eine Sch\u00e4rfe schmecken, die beide Qualit\u00e4ten nicht \u00fcbertrifft, die ein gutes Oliven\u00f6l haben sollte. Ein Nebenprodukt der \u00d6lproduktion ist unser eigenes Brennholz, das Sie gerne zum Grillen verwenden k\u00f6nnen.<\/p>\n<p>In unserem Willkommenskorb finden Sie eine Kostprobe unseres Oliven\u00f6ls. Wir f\u00fcllen unser \u00d6l auch in 250ml und 500ml Glasflaschen f\u00fcr Reisen und perfekte Souvenirs ab. Bitte fragen Sie uns einfach danach.<\/p>\n<\/div>\n<ul>\n<li>\n<p>        <img src=\"\/wp-content\/uploads\/2021\/05\/moschato-estate-kefalonian-extra-virgin-oil.jpg\" alt=\"\"><\/p>\n<\/li>\n<li>\n<p>        <img src=\"\/wp-content\/uploads\/2021\/05\/V.-bread-olive-oil-healthy-delicious-mediterranean-oil-nutrition-white-dish.jpg\" alt=\"\"><\/p>\n<\/li>\n<li>\n<p>        <img src=\"\/wp-content\/uploads\/2021\/05\/olives-ready-to-be-cold-pressed.jpg\" alt=\"\"><\/p>\n<\/li>\n<li>\n<p>        <img src=\"\/wp-content\/uploads\/2021\/05\/olive-burning-bbq-wood.jpg\" alt=\"\"><\/p>\n<\/li>\n<li>\n<p>        <img src=\"\/wp-content\/uploads\/2021\/05\/blooming-olive-tree.jpg\" alt=\"\"><\/p>\n<\/li>\n<li>\n<p>        <img src=\"\/wp-content\/uploads\/2021\/05\/olive-wood.jpg\" alt=\"\"><\/p>\n<\/li>\n<\/ul>\n<p><!-- {\"name\":\"22estateen\",\"type\":\"layout\",\"children\":[{\"type\":\"section\",\"props\":{\"style\":\"default\",\"width\":\"expand\",\"vertical_align\":\"middle\",\"title_position\":\"top-left\",\"title_rotation\":\"left\",\"title_breakpoint\":\"xl\",\"image_position\":\"center-center\",\"padding_remove_horizontal\":true,\"padding_remove_top\":true,\"padding_remove_bottom\":true,\"header_transparent\":\"dark\",\"header_transparent_noplaceholder\":false,\"image\":\"wp-content\\\/uploads\\\/2021\\\/04\\\/laxani-scaled.jpg\"},\"children\":[{\"type\":\"row\",\"children\":[{\"type\":\"column\",\"props\":{\"image_position\":\"center-center\",\"media_overlay_gradient\":\"\"},\"children\":[]}]}]},{\"type\":\"section\",\"props\":{\"style\":\"default\",\"width\":\"default\",\"vertical_align\":\"middle\",\"title_position\":\"top-left\",\"title_rotation\":\"left\",\"title_breakpoint\":\"xl\",\"image_position\":\"center-center\"},\"children\":[{\"type\":\"row\",\"children\":[{\"type\":\"column\",\"props\":{\"image_position\":\"center-center\",\"media_overlay_gradient\":\"\"},\"children\":[{\"type\":\"text\",\"props\":{\"margin\":\"default\",\"column_breakpoint\":\"m\",\"content\":\"\n\n<p>Das Moschato Estate ist etwa 1 Hektar gro\\u00df und ist Teil des gr\\u00f6\\u00dferen Familienbesitzes, der sich \\u00fcber 3 Hektar Land erstreckt und seit vielen Generationen\\u00a0 der Familie geh\\u00f6rt.<br \\\/>Sie produziert Mandeln, Waln\\u00fcsse und Zitrusfr\\u00fcchte wie Orangen, Zitronen, Grapefruit und Mandarinen. Sie finden auch Feigen-, Avocado-, Aprikosen- und Apfelb\\u00e4ume unter vielen anderen B\\u00e4umen.<br \\\/>Moshcato war urspr\\u00fcnglich ein Weinberg, wurde aber vor \\u00fcber 50 Jahren in einen Olivenhain umgewandelt. Der Olivenhain umfasst \\u00fcber 85 Olivenb\\u00e4ume, von denen 5 Jahrhunderte alt sind.<\\\/p>\",\"text_style\":\"lead\",\"dropcap\":true}}]}]}]},{\"type\":\"section\",\"props\":{\"style\":\"default\",\"width\":\"default\",\"vertical_align\":\"middle\",\"title_position\":\"top-left\",\"title_rotation\":\"left\",\"title_breakpoint\":\"xl\",\"image_position\":\"center-center\"},\"children\":[{\"type\":\"row\",\"children\":[{\"type\":\"column\",\"props\":{\"image_position\":\"center-center\",\"media_overlay_gradient\":\"\",\"width_medium\":\"1-4\"},\"children\":[{\"type\":\"headline\",\"props\":{\"title_element\":\"h2\",\"content\":\"\n\n<p>Die alten Olivenb\\u00e4ume<\\\/p>\"}},{\"type\":\"text\",\"props\":{\"margin\":\"default\",\"column_breakpoint\":\"m\",\"content\":\"\n\n<p>Ihr Alter variiert zwischen 600 und 1500 Jahren, aber seltsamerweise und obwohl sie in unserem Land waren, geh\\u00f6rten nicht alle von ihnen immer zu uns.<\\\/p>\\n\n\n<p>Sie wurden irgendwann in den letzten 50 Jahren von der Familie gekauft.<\\\/p>\",\"dropcap\":true,\"text_style\":\"lead\"}}]},{\"type\":\"column\",\"props\":{\"image_position\":\"center-center\",\"media_overlay_gradient\":\"\",\"width_medium\":\"3-4\"},\"children\":[{\"type\":\"grid\",\"props\":{\"show_title\":true,\"show_meta\":true,\"show_content\":true,\"show_image\":true,\"show_link\":true,\"grid_default\":\"1\",\"grid_medium\":\"3\",\"filter_style\":\"tab\",\"filter_all\":false,\"filter_position\":\"top\",\"filter_align\":\"left\",\"filter_grid_width\":\"auto\",\"filter_grid_breakpoint\":\"m\",\"title_hover_style\":\"reset\",\"title_element\":\"h3\",\"title_align\":\"top\",\"title_grid_width\":\"1-2\",\"title_grid_breakpoint\":\"m\",\"meta_style\":\"meta\",\"meta_align\":\"below-title\",\"meta_element\":\"div\",\"content_column_breakpoint\":\"m\",\"icon_width\":80,\"image_align\":\"top\",\"image_grid_width\":\"1-2\",\"image_grid_breakpoint\":\"m\",\"image_svg_color\":\"emphasis\",\"link_text\":\"\",\"link_style\":\"default\",\"margin\":\"default\",\"item_animation\":\"\",\"lightbox\":true,\"panel_link\":false,\"lightbox_image_orientation\":false,\"lightbox_image_width\":\"\",\"lightbox_image_height\":\"\",\"image_width\":\"450\",\"image_height\":\"450\",\"filter\":true,\"image_link\":true,\"image_transition\":\"scale-up\",\"grid_column_gap\":\"small\",\"grid_row_gap\":\"small\"},\"children\":[{\"type\":\"grid_item\",\"props\":{\"title\":\"Joyanas Olivenbaum 450 n.Chr.\",\"meta\":\"\",\"content\":\"\",\"image\":\"wp-content\\\/uploads\\\/2021\\\/04\\\/\\u0395\\u039b\\u0399\\u0391-\\u03a4\\u0397\\u03a3-\\u03a4\\u0396\\u039f\\u0393\\u0399\\u0391\\u039d\\u0391\\u03a3-AD-450-1.jpg\"}},{\"type\":\"grid_item\",\"props\":{\"title\":\"Virginias Olivenbaum 750 n.Chr.\",\"meta\":\"\",\"content\":\"\",\"image\":\"wp-content\\\/uploads\\\/2021\\\/04\\\/\\u0395\\u039b\\u0399\\u0391-\\u03a4\\u0397\\u03a3-\\u0392\\u0399\\u03a1\\u0393\\u0397\\u039d\\u0399\\u0391\\u03a3-AD-750-.jpg\"}},{\"type\":\"grid_item\",\"props\":{\"title\":\"St. Andreas Olivenbaum 950 n.Chr.\",\"meta\":\"\",\"content\":\"\",\"image\":\"wp-content\\\/uploads\\\/2021\\\/04\\\/\\u0395\\u039b\\u0399\\u0391-\\u03a4\\u039f\\u03a5-\\u0391\\u0393\\u0399\\u039f\\u03a5-\\u0391\\u039d\\u03a4\\u03a1\\u0395\\u0391-AD-950.jpg\"}},{\"type\":\"grid_item\",\"props\":{\"title\":\"Heilige Maria Olivenbaum 1300 n.Chr.\",\"meta\":\"\",\"content\":\"\",\"image\":\"wp-content\\\/uploads\\\/2021\\\/04\\\/\\u0395\\u039b\\u0399\\u0391-\\u03a4\\u0397\\u03a3-\\u03a0\\u0391\\u039d\\u0391\\u0393\\u0399\\u0391\\u03a3-AD-1300.jpg\"}},{\"type\":\"grid_item\",\"props\":{\"title\":\"Lauras Olivenbaum 1400 n.Chr.\",\"meta\":\"\",\"content\":\"\",\"image\":\"wp-content\\\/uploads\\\/2021\\\/04\\\/\\u0395\\u039b\\u0399\\u0391-\\u03a4\\u0397\\u03a3-\\u039b\\u0391\\u039f\\u03a5\\u03a1\\u0391\\u03a3-AD-1400.jpg\"}}]}]}],\"props\":{\"layout\":\"1-4,3-4\"}}]},{\"type\":\"section\",\"props\":{\"style\":\"default\",\"width\":\"default\",\"vertical_align\":\"middle\",\"title_position\":\"top-left\",\"title_rotation\":\"left\",\"title_breakpoint\":\"xl\",\"image_position\":\"center-center\"},\"children\":[{\"type\":\"row\",\"children\":[{\"type\":\"column\",\"props\":{\"image_position\":\"center-center\",\"media_overlay_gradient\":\"\",\"width_medium\":\"1-4\"},\"children\":[{\"type\":\"headline\",\"props\":{\"title_element\":\"h2\",\"content\":\"\n\n<p>Der Olivenhain<\\\/p>\"}},{\"type\":\"text\",\"props\":{\"margin\":\"default\",\"column_breakpoint\":\"m\",\"content\":\"\n\n<p>Der Olivenhain wurde mit Olivenb\\u00e4umen der Sorte Koroni bepflanzt, die einen geringen Ertrag liefern, aber qualitativ hochwertiges \\u00d6l erzeugen.<\\\/p>\\n\n\n<p>Andere B\\u00e4ume sind Orangen, Zitronen, Mandarinen und nat\\u00fcrlich Feigen, die Sie gerne pfl\\u00fccken und essen, wenn sie in der Saison sind.<\\\/p>\",\"text_style\":\"lead\",\"dropcap\":true}}]},{\"type\":\"column\",\"props\":{\"image_position\":\"center-center\",\"media_overlay_gradient\":\"\",\"width_medium\":\"3-4\"},\"children\":[{\"type\":\"gallery\",\"props\":{\"show_title\":true,\"show_meta\":true,\"show_content\":true,\"show_link\":true,\"show_hover_image\":true,\"grid_default\":\"2\",\"grid_medium\":\"3\",\"filter_style\":\"tab\",\"filter_all\":true,\"filter_position\":\"top\",\"filter_align\":\"left\",\"filter_grid_width\":\"auto\",\"filter_grid_breakpoint\":\"m\",\"overlay_mode\":\"cover\",\"overlay_hover\":true,\"overlay_style\":\"overlay-primary\",\"text_color\":\"light\",\"overlay_position\":\"center\",\"overlay_transition\":\"fade\",\"title_hover_style\":\"reset\",\"title_element\":\"h3\",\"meta_style\":\"meta\",\"meta_align\":\"below-title\",\"meta_element\":\"div\",\"link_text\":\"\",\"link_style\":\"default\",\"text_align\":\"center\",\"margin\":\"default\",\"item_animation\":\"\",\"grid_small\":\"2\",\"lightbox\":true,\"overlay_link\":true,\"image_width\":\"400\",\"image_height\":\"400\",\"grid_row_gap\":\"small\",\"grid_column_gap\":\"small\"},\"children\":[{\"type\":\"gallery_item\",\"props\":{\"image\":\"wp-content\\\/uploads\\\/2021\\\/04\\\/NIK_8511.jpg\"}},{\"type\":\"gallery_item\",\"props\":{\"image\":\"wp-content\\\/uploads\\\/2021\\\/04\\\/NIK_8471.jpg\"}},{\"type\":\"gallery_item\",\"props\":{\"image\":\"wp-content\\\/uploads\\\/2021\\\/04\\\/IMG_20210424_135606.jpg\"}},{\"type\":\"gallery_item\",\"props\":{\"image\":\"wp-content\\\/uploads\\\/2021\\\/04\\\/IMG_20210424_135544.jpg\"}},{\"type\":\"gallery_item\",\"props\":{\"image\":\"wp-content\\\/uploads\\\/2021\\\/04\\\/IMG_20210424_132852.jpg\"}},{\"type\":\"gallery_item\",\"props\":{\"image\":\"wp-content\\\/uploads\\\/2021\\\/04\\\/IMG_20210424_132725.jpg\"}},{\"type\":\"gallery_item\",\"props\":{\"image\":\"wp-content\\\/uploads\\\/2021\\\/04\\\/IMG_20210424_132611.jpg\"}},{\"type\":\"gallery_item\",\"props\":{\"image\":\"wp-content\\\/uploads\\\/2021\\\/04\\\/IMG_20210424_132539.jpg\"}}],\"modified\":\"2021-04-27T09:27:30.444Z\",\"name\":\"gallery kitchen\"}]}],\"props\":{\"layout\":\"1-4,3-4\"}}]},{\"type\":\"section\",\"props\":{\"style\":\"default\",\"width\":\"default\",\"vertical_align\":\"middle\",\"title_position\":\"top-left\",\"title_rotation\":\"left\",\"title_breakpoint\":\"xl\",\"image_position\":\"center-center\"},\"children\":[{\"type\":\"row\",\"children\":[{\"type\":\"column\",\"props\":{\"image_position\":\"center-center\",\"media_overlay_gradient\":\"\",\"width_medium\":\"1-4\"},\"children\":[{\"type\":\"headline\",\"props\":{\"title_element\":\"h2\",\"content\":\"\n\n<p>Unser eigenes Oliven\\u00f6l<\\\/p>\"}},{\"type\":\"text\",\"props\":{\"margin\":\"default\",\"column_breakpoint\":\"m\",\"content\":\"\n\n<p>Jedes Jahr ernten wir die Oliven etwa einen Monat vor ihrer vollen Reife. Anschlie\\u00dfend werden sie kalt durch Zentrifugieren extrahiert, und das erzeugte Oliven\\u00f6l ist natives Extra und von sehr hoher Qualit\\u00e4t.<\\\/p>\\n\n\n<p>Sie sollten die vage Bitterkeit und eine Sch\\u00e4rfe schmecken, die beide Qualit\\u00e4ten nicht \\u00fcbertrifft, die ein gutes Oliven\\u00f6l haben sollte. Ein Nebenprodukt der \\u00d6lproduktion ist unser eigenes Brennholz, das Sie gerne zum Grillen verwenden k\\u00f6nnen.<\\\/p>\\n\n\n<p>In unserem Willkommenskorb finden Sie eine Kostprobe unseres Oliven\\u00f6ls. Wir f\\u00fcllen unser \\u00d6l auch in 250ml und 500ml Glasflaschen f\\u00fcr Reisen und perfekte Souvenirs ab. Bitte fragen Sie uns einfach danach.<\\\/p>\",\"text_style\":\"lead\",\"dropcap\":true}}]},{\"type\":\"column\",\"props\":{\"image_position\":\"center-center\",\"media_overlay_gradient\":\"\",\"width_medium\":\"3-4\"},\"children\":[{\"type\":\"gallery\",\"props\":{\"show_title\":true,\"show_meta\":true,\"show_content\":true,\"show_link\":true,\"show_hover_image\":true,\"grid_default\":\"2\",\"grid_medium\":\"3\",\"filter_style\":\"tab\",\"filter_all\":true,\"filter_position\":\"top\",\"filter_align\":\"left\",\"filter_grid_width\":\"auto\",\"filter_grid_breakpoint\":\"m\",\"overlay_mode\":\"cover\",\"overlay_hover\":true,\"overlay_style\":\"overlay-primary\",\"text_color\":\"light\",\"overlay_position\":\"center\",\"overlay_transition\":\"fade\",\"title_hover_style\":\"reset\",\"title_element\":\"h3\",\"meta_style\":\"meta\",\"meta_align\":\"below-title\",\"meta_element\":\"div\",\"link_text\":\"\",\"link_style\":\"default\",\"text_align\":\"center\",\"margin\":\"default\",\"item_animation\":\"\",\"grid_small\":\"2\",\"lightbox\":true,\"overlay_link\":true,\"image_width\":\"400\",\"image_height\":\"400\",\"grid_row_gap\":\"small\",\"grid_column_gap\":\"small\"},\"children\":[{\"type\":\"gallery_item\",\"props\":{\"image\":\"wp-content\\\/uploads\\\/2021\\\/05\\\/moschato-estate-kefalonian-extra-virgin-oil.jpg\"}},{\"type\":\"gallery_item\",\"props\":{\"image\":\"wp-content\\\/uploads\\\/2021\\\/05\\\/V.-bread-olive-oil-healthy-delicious-mediterranean-oil-nutrition-white-dish.jpg\"}},{\"type\":\"gallery_item\",\"props\":{\"image\":\"wp-content\\\/uploads\\\/2021\\\/05\\\/olives-ready-to-be-cold-pressed.jpg\"}},{\"type\":\"gallery_item\",\"props\":{\"image\":\"wp-content\\\/uploads\\\/2021\\\/05\\\/olive-burning-bbq-wood.jpg\"}},{\"type\":\"gallery_item\",\"props\":{\"image\":\"wp-content\\\/uploads\\\/2021\\\/05\\\/blooming-olive-tree.jpg\"}},{\"type\":\"gallery_item\",\"props\":{\"image\":\"wp-content\\\/uploads\\\/2021\\\/05\\\/olive-wood.jpg\"}}],\"modified\":\"2021-04-27T09:27:30.444Z\",\"name\":\"gallery kitchen\"}]}],\"props\":{\"layout\":\"1-4,3-4\"}}]}],\"version\":\"2.3.30\"} --><\/p>\n","protected":false},"excerpt":{"rendered":"<p>Das Moschato Estate ist etwa 1 Hektar gro\u00df und ist Teil des gr\u00f6\u00dferen Familienbesitzes, der sich \u00fcber 3 Hektar Land erstreckt und seit vielen Generationen\u00a0 der Familie geh\u00f6rt.Sie produziert Mandeln, Waln\u00fcsse und Zitrusfr\u00fcchte wie Orangen, Zitronen, Grapefruit und Mandarinen. Sie finden auch Feigen-, Avocado-, Aprikosen- und Apfelb\u00e4ume unter vielen anderen B\u00e4umen.Moshcato war urspr\u00fcnglich ein Weinberg, [&hellip;]<\/p>\n","protected":false},"author":1,"featured_media":0,"parent":0,"menu_order":0,"comment_status":"closed","ping_status":"closed","template":"","meta":[],"_links":{"self":[{"href":"https:\/\/moschatoestatevillas.com\/de\/wp-json\/wp\/v2\/pages\/1340"}],"collection":[{"href":"https:\/\/moschatoestatevillas.com\/de\/wp-json\/wp\/v2\/pages"}],"about":[{"href":"https:\/\/moschatoestatevillas.com\/de\/wp-json\/wp\/v2\/types\/page"}],"author":[{"embeddable":true,"href":"https:\/\/moschatoestatevillas.com\/de\/wp-json\/wp\/v2\/users\/1"}],"replies":[{"embeddable":true,"href":"https:\/\/moschatoestatevillas.com\/de\/wp-json\/wp\/v2\/comments?post=1340"}],"version-history":[{"count":6,"href":"https:\/\/moschatoestatevillas.com\/de\/wp-json\/wp\/v2\/pages\/1340\/revisions"}],"predecessor-version":[{"id":1349,"href":"https:\/\/moschatoestatevillas.com\/de\/wp-json\/wp\/v2\/pages\/1340\/revisions\/1349"}],"wp:attachment":[{"href":"https:\/\/moschatoestatevillas.com\/de\/wp-json\/wp\/v2\/media?parent=1340"}],"curies":[{"name":"wp","href":"https:\/\/api.w.org\/{rel}","templated":true}]}}